{"id":7656,"date":"2021-05-03T19:51:48","date_gmt":"2021-05-03T19:51:48","guid":{"rendered":"https:\/\/trenaferragens.com.br\/?post_type=product&#038;p=7656"},"modified":"2021-05-03T19:53:41","modified_gmt":"2021-05-03T19:53:41","slug":"bomba-de-agua-manual-por-pressao-p-galao-20lts-123util","status":"publish","type":"product","link":"https:\/\/trenaferragens.com.br\/?product=bomba-de-agua-manual-por-pressao-p-galao-20lts-123util","title":{"rendered":"Bomba de \u00c1gua Manual por Press\u00e3o P\/Gal\u00e3o 20LTS &#8211; 123UTIL"},"content":{"rendered":"<p>123\u00datil<\/p>\n<p>A 123\u00datil surge em 2015 no ramo de UD, criada e estruturada para atender clientes que procuram por custo x benef\u00edcio, oferecendo produtos de utilidade dom\u00e9stica, ferramentas, decora\u00e7\u00e3o, pet shop,<br \/>\njardinagem, armarinho, uso pessoal, bicicleta, brinquedos, vidro e eletr\u00f4nico.<\/p>\n","protected":false},"excerpt":{"rendered":"<h2>Descri\u00e7\u00e3o<\/h2>\n<p>.UD BOMBA DE \u00c1GUA MANUAL PL\u00c1STICA P\/ GAL<\/p>\n","protected":false},"featured_media":7657,"comment_status":"open","ping_status":"closed","template":"","meta":[],"product_cat":[1192,169,1992,168],"product_tag":[3065,3066,3067,3068],"_links":{"self":[{"href":"https:\/\/trenaferragens.com.br\/index.php?rest_route=\/wp\/v2\/product\/7656"}],"collection":[{"href":"https:\/\/trenaferragens.com.br\/index.php?rest_route=\/wp\/v2\/product"}],"about":[{"href":"https:\/\/trenaferragens.com.br\/index.php?rest_route=\/wp\/v2\/types\/product"}],"replies":[{"embeddable":true,"href":"https:\/\/trenaferragens.com.br\/index.php?rest_route=%2Fwp%2Fv2%2Fcomments&post=7656"}],"wp:featuredmedia":[{"embeddable":true,"href":"https:\/\/trenaferragens.com.br\/index.php?rest_route=\/wp\/v2\/media\/7657"}],"wp:attachment":[{"href":"https:\/\/trenaferragens.com.br\/index.php?rest_route=%2Fwp%2Fv2%2Fmedia&parent=7656"}],"wp:term":[{"taxonomy":"product_cat","embeddable":true,"href":"https:\/\/trenaferragens.com.br\/index.php?rest_route=%2Fwp%2Fv2%2Fproduct_cat&post=7656"},{"taxonomy":"product_tag","embeddable":true,"href":"https:\/\/trenaferragens.com.br\/index.php?rest_route=%2Fwp%2Fv2%2Fproduct_tag&post=7656"}],"curies":[{"name":"wp","href":"https:\/\/api.w.org\/{rel}","templated":true}]}}