{"id":7660,"date":"2021-05-03T20:00:04","date_gmt":"2021-05-03T20:00:04","guid":{"rendered":"https:\/\/trenaferragens.com.br\/?post_type=product&#038;p=7660"},"modified":"2021-05-07T20:12:25","modified_gmt":"2021-05-07T20:12:25","slug":"diabo-verde-granulado-300gr","status":"publish","type":"product","link":"https:\/\/trenaferragens.com.br\/?product=diabo-verde-granulado-300gr","title":{"rendered":"Diabo Verde Granulado 300GR"},"content":{"rendered":"<p><strong>Desentupidor de Pias e Ralos com 300g Diabo Verde<\/strong><\/p>\n<p>Desincrustante alcalino, o Diabo Verde tem alto poder de desentupimento, eficaz para pias e ralos, o que evita a necessidade de contratar especialistas encanadores para casos de baixa e m\u00e9dia complexidade.<\/p>\n<p><strong>Aten\u00e7\u00e3o:\u00a0<\/strong>Leia com aten\u00e7\u00e3o as informa\u00e7\u00f5es no r\u00f3tulo do produto antes de utiliz\u00e1-lo.<\/p>\n<p><strong>Tempo de espera:\u00a0<\/strong>at\u00e9 6 horas ap\u00f3s dar descargas para limar a tubula\u00e7\u00e3o.<\/p>\n<p><strong>Efic\u00e1cia:\u00a0<\/strong>O desentupimento tem plena a\u00e7\u00e3o at\u00e9 1,5m da entrada de l\u00edquidos.<\/p>\n<p><strong>Aten\u00e7\u00e3o:<\/strong><\/p>\n<p>&#8211; Utilize o produto com cuidado e com os equipamentos de prote\u00e7\u00e3o, como luvas e \u00f3culos;<br \/>\n&#8211; Cont\u00e9m hidr\u00f3xido de S\u00f3dio, que causa queimaduras graves em contato com o corpo;<br \/>\n&#8211; Utilizar somente para desentupir materiais org\u00e2nicos: gordura, cabelos, papel higi\u00eanico, etc;<br \/>\n&#8211; Manter fora do alcance de crian\u00e7as e animais dom\u00e9sticos.<\/p>\n<p><strong>Conte\u00fado:<\/strong>\u00a0300g<\/p>\n","protected":false},"excerpt":{"rendered":"<p>Detalhes do Produto<\/p>\n<p>FINALIDADE ? Desentupir ralos, vasos sanit\u00e1rios.<\/p>\n<p>MODO DE USO ? Ralos, retirar toda a \u00e1gua, despejar 1 litro; Vasos entupidos com n\u00edvel de \u00e1gua normal, despejar 1 litro; Vasos com n\u00edvel de \u00e1gua acima do normal, despejar de 1 a 2 litros; Bloqueio parcial: quando a \u00e1gua est\u00e1 fluindo, \u00e9 mais dif\u00edcil e demorado o desentupimento; o desentupidor tem pouco contato com o entupimento. Tempo de espera: O desentupimento ocorrer\u00e1 em at\u00e9 6 horas, ap\u00f3s dar descargas para limpar a tubula\u00e7\u00e3o.<\/p>\n<p>PRECAU\u00c7\u00d5ES ? Utilizar \u00f3culos de prote\u00e7\u00e3o e luvas de borracha. N\u00e3o misture diabo verde com outros produtos qu\u00edmicos. Use em local arejado. Ficar afastado durante a aplica\u00e7\u00e3o. Avise outros sobre o uso do produto. N\u00e3o adicionar \u00e1gua e nenhuma outra subst\u00e2ncia na embalagem.<\/p>\n<p>COMPOSI\u00c7\u00c3O &#8211; hidr\u00f3xido de s\u00f3dio.<\/p>\n<p>\u2022 Monocomponente: n\u00e3o necessita adicionar agente de cura;<\/p>\n<p>\u2022 F\u00e1cil de lixar;<\/p>\n<p>\u2022 Sol\u00favel em \u00e1gua enquanto na fase pastosa;<\/p>\n<p>\u2022 N\u00e3o tem cheiro ou vapores t\u00f3xicos.<\/p>\n<p>UTILIZA\u00c7\u00c3O<\/p>\n<p>Para preparo de superf\u00edcies de madeira.<\/p>\n<p>EMBALAGENS<\/p>\n<p>Pote de 400 g<\/p>\n<p>Para outras utiliza\u00e7\u00f5es de uso consulte o Departamento T\u00e9cnico (<a href=\"mailto:sac@viapol.com.br\">sac@viapol.com.br<\/a>).<\/p>\n","protected":false},"featured_media":7661,"comment_status":"open","ping_status":"closed","template":"","meta":[],"product_cat":[1855],"product_tag":[3071,3069,3070],"_links":{"self":[{"href":"https:\/\/trenaferragens.com.br\/index.php?rest_route=\/wp\/v2\/product\/7660"}],"collection":[{"href":"https:\/\/trenaferragens.com.br\/index.php?rest_route=\/wp\/v2\/product"}],"about":[{"href":"https:\/\/trenaferragens.com.br\/index.php?rest_route=\/wp\/v2\/types\/product"}],"replies":[{"embeddable":true,"href":"https:\/\/trenaferragens.com.br\/index.php?rest_route=%2Fwp%2Fv2%2Fcomments&post=7660"}],"wp:featuredmedia":[{"embeddable":true,"href":"https:\/\/trenaferragens.com.br\/index.php?rest_route=\/wp\/v2\/media\/7661"}],"wp:attachment":[{"href":"https:\/\/trenaferragens.com.br\/index.php?rest_route=%2Fwp%2Fv2%2Fmedia&parent=7660"}],"wp:term":[{"taxonomy":"product_cat","embeddable":true,"href":"https:\/\/trenaferragens.com.br\/index.php?rest_route=%2Fwp%2Fv2%2Fproduct_cat&post=7660"},{"taxonomy":"product_tag","embeddable":true,"href":"https:\/\/trenaferragens.com.br\/index.php?rest_route=%2Fwp%2Fv2%2Fproduct_tag&post=7660"}],"curies":[{"name":"wp","href":"https:\/\/api.w.org\/{rel}","templated":true}]}}