{"id":7674,"date":"2021-05-07T20:18:43","date_gmt":"2021-05-07T20:18:43","guid":{"rendered":"https:\/\/trenaferragens.com.br\/?post_type=product&#038;p=7674"},"modified":"2021-05-07T20:26:36","modified_gmt":"2021-05-07T20:26:36","slug":"massa-zarcao-200g-iguacu","status":"publish","type":"product","link":"https:\/\/trenaferragens.com.br\/?product=massa-zarcao-200g-iguacu","title":{"rendered":"Massa Zarc\u00e3o 200g &#8211; Igua\u00e7u"},"content":{"rendered":"<p>Massa Zarc\u00e3o 200g &#8211; Igua\u00e7u<\/p>\n<p>Descri\u00e7\u00e3o do Produto:<\/p>\n<p>Massa Zarc\u00e3o Igua\u00e7u \u00e9 desenvolvido especialmente para veda\u00e7\u00e3o de encanamento. Massa Zarc\u00e3o Igua\u00e7u atua protegendo as liga\u00e7\u00f5es hidr\u00e1ulicas contra a ferrugem e vazamentos.<\/p>\n<p><strong>Como utilizar\/funciona a Massa Zarc\u00e3o 200g &#8211; Igua\u00e7u<\/strong><\/p>\n<p>Massa Zarc\u00e3o Igua\u00e7u \u00e9 indicado para uso no rosqueamento dos canos. Massa Zarc\u00e3o Igua\u00e7u \u00e9 ideal para veda\u00e7\u00e3o de encanamentos.<\/p>\n<p><strong>Caracter\u00edsticas t\u00e9cnicas da Massa Zarc\u00e3o 200g &#8211; Igua\u00e7u<\/strong><\/p>\n<p><strong>Embalagem:\u00a0<\/strong>200g.<\/p>\n<p><strong>Imagens meramente ilustrativas<\/strong><\/p>\n","protected":false},"excerpt":{"rendered":"<p>Massa Zarc\u00e3o 200g &#8211; Igua\u00e7u<\/p>\n<p>A\u00a0<strong>Massa Zarc\u00e3o Igua\u00e7u<\/strong>\u00a0\u00e9 um produto recomendado para veda\u00e7\u00e3o de encanamento. Protegendo as liga\u00e7\u00f5es hidr\u00e1ulicas contra a ferrugem e vazamentos. Produto para ser utilizado no rosquamento dos canos. Usar instala\u00e7\u00e3o ap\u00f3s 2 horas de aplica\u00e7\u00e3o.<\/p>\n","protected":false},"featured_media":7675,"comment_status":"open","ping_status":"closed","template":"","meta":[],"product_cat":[1855],"product_tag":[3074,3054,3078,3079],"_links":{"self":[{"href":"https:\/\/trenaferragens.com.br\/index.php?rest_route=\/wp\/v2\/product\/7674"}],"collection":[{"href":"https:\/\/trenaferragens.com.br\/index.php?rest_route=\/wp\/v2\/product"}],"about":[{"href":"https:\/\/trenaferragens.com.br\/index.php?rest_route=\/wp\/v2\/types\/product"}],"replies":[{"embeddable":true,"href":"https:\/\/trenaferragens.com.br\/index.php?rest_route=%2Fwp%2Fv2%2Fcomments&post=7674"}],"wp:featuredmedia":[{"embeddable":true,"href":"https:\/\/trenaferragens.com.br\/index.php?rest_route=\/wp\/v2\/media\/7675"}],"wp:attachment":[{"href":"https:\/\/trenaferragens.com.br\/index.php?rest_route=%2Fwp%2Fv2%2Fmedia&parent=7674"}],"wp:term":[{"taxonomy":"product_cat","embeddable":true,"href":"https:\/\/trenaferragens.com.br\/index.php?rest_route=%2Fwp%2Fv2%2Fproduct_cat&post=7674"},{"taxonomy":"product_tag","embeddable":true,"href":"https:\/\/trenaferragens.com.br\/index.php?rest_route=%2Fwp%2Fv2%2Fproduct_tag&post=7674"}],"curies":[{"name":"wp","href":"https:\/\/api.w.org\/{rel}","templated":true}]}}