{"id":7676,"date":"2021-05-07T20:28:12","date_gmt":"2021-05-07T20:28:12","guid":{"rendered":"https:\/\/trenaferragens.com.br\/?post_type=product&#038;p=7676"},"modified":"2021-05-07T20:30:46","modified_gmt":"2021-05-07T20:30:46","slug":"soda-caustica-400g-iguacu","status":"publish","type":"product","link":"https:\/\/trenaferragens.com.br\/?product=soda-caustica-400g-iguacu","title":{"rendered":"Soda Ca\u00fastica 400g &#8211; Igua\u00e7u"},"content":{"rendered":"<p>Soda Ca\u00fastica 400g &#8211; Igua\u00e7u<\/p>\n<p>Descri\u00e7\u00e3o do Produto:<\/p>\n<p>Soda c\u00e1ustica igua\u00e7u \u00e9 um desincrustante formulado com componentes alcalinos (hidr\u00f3xido de s\u00f3dio) ,<br \/>\nque \u00e9 utilizado para desincrustar pisos frios em geral, removendo sujeiras e gorduras, podendo tamb\u00e9m<br \/>\nser utilizado para desobstruir encanamentos, pias, tanques e ralos entupidos com res\u00edduos org\u00e2nicos<br \/>\n(gorduras e alimentos). Produto para ser utilizado com cuidado e seguindo as instru\u00e7\u00f5es do r\u00f3tulo.<\/p>\n<p><strong>Embalagem: <\/strong>400g.<\/p>\n<p><strong>Imagens meramente ilustrativas<\/strong><\/p>\n","protected":false},"excerpt":{"rendered":"<p>Soda Ca\u00fastica 400g &#8211; Igua\u00e7u<\/p>\n<p>O hidr\u00f3xido de s\u00f3dio (NaOH), tamb\u00e9m conhecido como soda caustica, e um hidr\u00f3xido caustico usado na ind\u00fastria, principalmente como base qu\u00edmica, na fabrica\u00e7\u00e3o de papel, tecidos, detergentes, alimentos e biodiesel. Trata-se de uma base forte.<\/p>\n","protected":false},"featured_media":7677,"comment_status":"open","ping_status":"closed","template":"","meta":[],"product_cat":[1855],"product_tag":[3081,3074,3080],"_links":{"self":[{"href":"https:\/\/trenaferragens.com.br\/index.php?rest_route=\/wp\/v2\/product\/7676"}],"collection":[{"href":"https:\/\/trenaferragens.com.br\/index.php?rest_route=\/wp\/v2\/product"}],"about":[{"href":"https:\/\/trenaferragens.com.br\/index.php?rest_route=\/wp\/v2\/types\/product"}],"replies":[{"embeddable":true,"href":"https:\/\/trenaferragens.com.br\/index.php?rest_route=%2Fwp%2Fv2%2Fcomments&post=7676"}],"wp:featuredmedia":[{"embeddable":true,"href":"https:\/\/trenaferragens.com.br\/index.php?rest_route=\/wp\/v2\/media\/7677"}],"wp:attachment":[{"href":"https:\/\/trenaferragens.com.br\/index.php?rest_route=%2Fwp%2Fv2%2Fmedia&parent=7676"}],"wp:term":[{"taxonomy":"product_cat","embeddable":true,"href":"https:\/\/trenaferragens.com.br\/index.php?rest_route=%2Fwp%2Fv2%2Fproduct_cat&post=7676"},{"taxonomy":"product_tag","embeddable":true,"href":"https:\/\/trenaferragens.com.br\/index.php?rest_route=%2Fwp%2Fv2%2Fproduct_tag&post=7676"}],"curies":[{"name":"wp","href":"https:\/\/api.w.org\/{rel}","templated":true}]}}