{"id":7684,"date":"2021-05-17T19:16:12","date_gmt":"2021-05-17T19:16:12","guid":{"rendered":"https:\/\/trenaferragens.com.br\/?post_type=product&#038;p=7684"},"modified":"2021-05-17T19:39:42","modified_gmt":"2021-05-17T19:39:42","slug":"rabicho-flexivel-trancado-inox-dn15-1-2-40cm","status":"publish","type":"product","link":"https:\/\/trenaferragens.com.br\/?product=rabicho-flexivel-trancado-inox-dn15-1-2-40cm","title":{"rendered":"Rabicho Flex\u00edvel Tran\u00e7ado Inox DN15 1\/2 40cm"},"content":{"rendered":"<p>Rabicho Flex\u00edvel Tran\u00e7ado Inox DN15 1\/2 40cm<\/p>\n<p>DOCOL<\/p>\n<p>Nossa hist\u00f3ria come\u00e7ou 1956, em Jaragu\u00e1 do Sul, no Norte de Santa Catarina. Os fundadores, Edmundo e Egon Doubrawa e Amandus Colin, batizaram a empresa com a jun\u00e7\u00e3o das s\u00edlabas iniciais de seus sobrenomes. Juntos, abriram uma tornearia e oficina de consertos gerais e, em seguida, desenvolveram artigos dent\u00e1rios. J\u00e1 na d\u00e9cada de 50 perceberam que design, qualidade e precis\u00e3o eram fundamentais no setor industrial.<\/p>\n<p>Orgulhosamente brasileira, somos uma ind\u00fastria que busca transformar o dia a dia por meio do design e proporcionar boas experi\u00eancias atrav\u00e9s da \u00e1gua.<\/p>\n","protected":false},"excerpt":{"rendered":"<p>Rabicho Flex\u00edvel Tran\u00e7ado Inox DN15 1\/2 40cm<\/p>\n<p>O principal benef\u00edcio da liga\u00e7\u00e3o flex\u00edvel \u00e9 a durabilidade e seguran\u00e7a durante o uso. Essa pe\u00e7a garante o perfeito funcionamento ao levar corretamente a \u00e1gua para as torneiras, misturadores e caixas acopladas de bacias sanit\u00e1rias. Al\u00e9m de resistente e dur\u00e1vel, este produto possui rosca interna e externa, para facilitar no momento da instala\u00e7\u00e3o. Alguns dos nossos produtos, como misturadores monocomandos, j\u00e1 v\u00eam com a liga\u00e7\u00e3o flex\u00edvel, mas tamb\u00e9m vendemos a pe\u00e7a separadamente. A escolha por complementar seu ambiente com os nossos itens garantir\u00e1 o melhor funcionamento dos produtos e a nossa qualidade at\u00e9 nos pequenos detalhes da sua casa.<\/p>\n","protected":false},"featured_media":7686,"comment_status":"open","ping_status":"closed","template":"","meta":[],"product_cat":[304,168],"product_tag":[3085,2782,3086],"_links":{"self":[{"href":"https:\/\/trenaferragens.com.br\/index.php?rest_route=\/wp\/v2\/product\/7684"}],"collection":[{"href":"https:\/\/trenaferragens.com.br\/index.php?rest_route=\/wp\/v2\/product"}],"about":[{"href":"https:\/\/trenaferragens.com.br\/index.php?rest_route=\/wp\/v2\/types\/product"}],"replies":[{"embeddable":true,"href":"https:\/\/trenaferragens.com.br\/index.php?rest_route=%2Fwp%2Fv2%2Fcomments&post=7684"}],"wp:featuredmedia":[{"embeddable":true,"href":"https:\/\/trenaferragens.com.br\/index.php?rest_route=\/wp\/v2\/media\/7686"}],"wp:attachment":[{"href":"https:\/\/trenaferragens.com.br\/index.php?rest_route=%2Fwp%2Fv2%2Fmedia&parent=7684"}],"wp:term":[{"taxonomy":"product_cat","embeddable":true,"href":"https:\/\/trenaferragens.com.br\/index.php?rest_route=%2Fwp%2Fv2%2Fproduct_cat&post=7684"},{"taxonomy":"product_tag","embeddable":true,"href":"https:\/\/trenaferragens.com.br\/index.php?rest_route=%2Fwp%2Fv2%2Fproduct_tag&post=7684"}],"curies":[{"name":"wp","href":"https:\/\/api.w.org\/{rel}","templated":true}]}}