{"id":7688,"date":"2021-05-17T19:50:49","date_gmt":"2021-05-17T19:50:49","guid":{"rendered":"https:\/\/trenaferragens.com.br\/?post_type=product&#038;p=7688"},"modified":"2021-05-17T19:55:05","modified_gmt":"2021-05-17T19:55:05","slug":"valvula-escoamento-p-cozinha-4-1-2","status":"publish","type":"product","link":"https:\/\/trenaferragens.com.br\/?product=valvula-escoamento-p-cozinha-4-1-2","title":{"rendered":"V\u00e1lvula Escoamento P\/Cozinha 4.1\/2"},"content":{"rendered":"<p>V\u00e1lvula Escoamento P\/Cozinha 4.1\/2<\/p>\n<p>DOCOL<\/p>\n<p>Nossa hist\u00f3ria come\u00e7ou 1956, em Jaragu\u00e1 do Sul, no Norte de Santa Catarina. Os fundadores, Edmundo e Egon Doubrawa e Amandus Colin, batizaram a empresa com a jun\u00e7\u00e3o das s\u00edlabas iniciais de seus sobrenomes. Juntos, abriram uma tornearia e oficina de consertos gerais e, em seguida, desenvolveram artigos dent\u00e1rios. J\u00e1 na d\u00e9cada de 50 perceberam que design, qualidade e precis\u00e3o eram fundamentais no setor industrial.<\/p>\n<p>Orgulhosamente brasileira, somos uma ind\u00fastria que busca transformar o dia a dia por meio do design e proporcionar boas experi\u00eancias atrav\u00e9s da \u00e1gua.<\/p>\n","protected":false},"excerpt":{"rendered":"<p>V\u00e1lvula Escoamento P\/Cozinha 4.1\/2<\/p>\n<p>A v\u00e1lvula de escoamento para cozinhas \u00e9 perfeita para quem busca qualidade e resist\u00eancia em cada detalhe. Com o acabamento em a\u00e7o inoxid\u00e1vel, seu desenho foi pensado para garantir o total escoamento d&#8217;\u00e1gua, al\u00e9m de segurar res\u00edduos s\u00f3lidos com seguran\u00e7a. O encaixe \u00e9 universal e funciona nos mais variados estilos de cubas.<\/p>\n","protected":false},"featured_media":7690,"comment_status":"open","ping_status":"closed","template":"","meta":[],"product_cat":[304,168],"product_tag":[3085,3087,3088],"_links":{"self":[{"href":"https:\/\/trenaferragens.com.br\/index.php?rest_route=\/wp\/v2\/product\/7688"}],"collection":[{"href":"https:\/\/trenaferragens.com.br\/index.php?rest_route=\/wp\/v2\/product"}],"about":[{"href":"https:\/\/trenaferragens.com.br\/index.php?rest_route=\/wp\/v2\/types\/product"}],"replies":[{"embeddable":true,"href":"https:\/\/trenaferragens.com.br\/index.php?rest_route=%2Fwp%2Fv2%2Fcomments&post=7688"}],"wp:featuredmedia":[{"embeddable":true,"href":"https:\/\/trenaferragens.com.br\/index.php?rest_route=\/wp\/v2\/media\/7690"}],"wp:attachment":[{"href":"https:\/\/trenaferragens.com.br\/index.php?rest_route=%2Fwp%2Fv2%2Fmedia&parent=7688"}],"wp:term":[{"taxonomy":"product_cat","embeddable":true,"href":"https:\/\/trenaferragens.com.br\/index.php?rest_route=%2Fwp%2Fv2%2Fproduct_cat&post=7688"},{"taxonomy":"product_tag","embeddable":true,"href":"https:\/\/trenaferragens.com.br\/index.php?rest_route=%2Fwp%2Fv2%2Fproduct_tag&post=7688"}],"curies":[{"name":"wp","href":"https:\/\/api.w.org\/{rel}","templated":true}]}}