{"id":7713,"date":"2021-06-07T16:23:40","date_gmt":"2021-06-07T16:23:40","guid":{"rendered":"https:\/\/trenaferragens.com.br\/?post_type=product&#038;p=7713"},"modified":"2021-06-07T16:26:21","modified_gmt":"2021-06-07T16:26:21","slug":"chave-de-manutencao-p-valvula-descarga-aco-inox-docol","status":"publish","type":"product","link":"https:\/\/trenaferragens.com.br\/?product=chave-de-manutencao-p-valvula-descarga-aco-inox-docol","title":{"rendered":"Chave de Manuten\u00e7\u00e3o P\/V\u00e1lvula Descarga A\u00e7o Inox DOCOL"},"content":{"rendered":"<p>Chave de Manuten\u00e7\u00e3o P\/V\u00e1lvula Descarga A\u00e7o Inox DOCOL<\/p>\n<p>DOCOL<\/p>\n<p>Nossa hist\u00f3ria come\u00e7ou 1956, em Jaragu\u00e1 do Sul, no Norte de Santa Catarina. Os fundadores, Edmundo e Egon Doubrawa e Amandus Colin, batizaram a empresa com a jun\u00e7\u00e3o das s\u00edlabas iniciais de seus sobrenomes. Juntos, abriram uma tornearia e oficina de consertos gerais e, em seguida, desenvolveram artigos dent\u00e1rios. J\u00e1 na d\u00e9cada de 50 perceberam que design, qualidade e precis\u00e3o eram fundamentais no setor industrial.<\/p>\n<p>Orgulhosamente brasileira, somos uma ind\u00fastria que busca transformar o dia a dia por meio do design e proporcionar boas experi\u00eancias atrav\u00e9s da \u00e1gua.<\/p>\n","protected":false},"excerpt":{"rendered":"<p>Chave de Manuten\u00e7\u00e3o P\/V\u00e1lvula Descarga A\u00e7o Inox DOCOL<\/p>\n<p>Ferramenta utilizada para efetuar manuten\u00e7\u00e3o da v\u00e1lvula Docol, dupla fun\u00e7\u00e3o: 1\u00ba Abertura do alojamento do retentor da v\u00e1lvula; 2\u00ba Abertura da tampa frontal da v\u00e1lvula.<\/p>\n<p>Informa\u00e7\u00f5es T\u00e9cnicas:<\/p>\n<p>Cor: Prata;<\/p>\n<p>Altura: 10,80cm;<\/p>\n<p>Largura: 3,20cm;<\/p>\n<p>Comprimento: 3,00cm;<\/p>\n<p>Material: A\u00e7o Inoxid\u00e1vel;<\/p>\n<p>Capacidade em volume: 1.2cc;<\/p>\n<p>Tipo de descarga: Simples;<\/p>\n<p>C\u00f3digo: 00116600.<\/p>\n","protected":false},"featured_media":7714,"comment_status":"open","ping_status":"closed","template":"","meta":[],"product_cat":[1026,304,168],"product_tag":[3093,3094,3085],"_links":{"self":[{"href":"https:\/\/trenaferragens.com.br\/index.php?rest_route=\/wp\/v2\/product\/7713"}],"collection":[{"href":"https:\/\/trenaferragens.com.br\/index.php?rest_route=\/wp\/v2\/product"}],"about":[{"href":"https:\/\/trenaferragens.com.br\/index.php?rest_route=\/wp\/v2\/types\/product"}],"replies":[{"embeddable":true,"href":"https:\/\/trenaferragens.com.br\/index.php?rest_route=%2Fwp%2Fv2%2Fcomments&post=7713"}],"wp:featuredmedia":[{"embeddable":true,"href":"https:\/\/trenaferragens.com.br\/index.php?rest_route=\/wp\/v2\/media\/7714"}],"wp:attachment":[{"href":"https:\/\/trenaferragens.com.br\/index.php?rest_route=%2Fwp%2Fv2%2Fmedia&parent=7713"}],"wp:term":[{"taxonomy":"product_cat","embeddable":true,"href":"https:\/\/trenaferragens.com.br\/index.php?rest_route=%2Fwp%2Fv2%2Fproduct_cat&post=7713"},{"taxonomy":"product_tag","embeddable":true,"href":"https:\/\/trenaferragens.com.br\/index.php?rest_route=%2Fwp%2Fv2%2Fproduct_tag&post=7713"}],"curies":[{"name":"wp","href":"https:\/\/api.w.org\/{rel}","templated":true}]}}