{"id":7715,"date":"2021-06-07T16:26:40","date_gmt":"2021-06-07T16:26:40","guid":{"rendered":"https:\/\/trenaferragens.com.br\/?post_type=product&#038;p=7715"},"modified":"2021-06-07T16:30:25","modified_gmt":"2021-06-07T16:30:25","slug":"torneira-lavatorio-mesa-bica-baixa-nova-loggica-chrome","status":"publish","type":"product","link":"https:\/\/trenaferragens.com.br\/?product=torneira-lavatorio-mesa-bica-baixa-nova-loggica-chrome","title":{"rendered":"Torneira Lavat\u00f3rio Mesa Bica Baixa Nova L\u00f3ggica Chrome"},"content":{"rendered":"<p>Torneira Lavat\u00f3rio Mesa Bica Baixa Nova L\u00f3ggica Chrome<\/p>\n<p>DOCOL<\/p>\n<p>Nossa hist\u00f3ria come\u00e7ou 1956, em Jaragu\u00e1 do Sul, no Norte de Santa Catarina. Os fundadores, Edmundo e Egon Doubrawa e Amandus Colin, batizaram a empresa com a jun\u00e7\u00e3o das s\u00edlabas iniciais de seus sobrenomes. Juntos, abriram uma tornearia e oficina de consertos gerais e, em seguida, desenvolveram artigos dent\u00e1rios. J\u00e1 na d\u00e9cada de 50 perceberam que design, qualidade e precis\u00e3o eram fundamentais no setor industrial.<\/p>\n<p>Orgulhosamente brasileira, somos uma ind\u00fastria que busca transformar o dia a dia por meio do design e proporcionar boas experi\u00eancias atrav\u00e9s da \u00e1gua.<\/p>\n","protected":false},"excerpt":{"rendered":"<p>Torneira Lavat\u00f3rio Mesa Bica Baixa Nova L\u00f3ggica Chrome<\/p>\n<p>Versatilidade, simplicidade e sofistica\u00e7\u00e3o. Essas s\u00e3o as caracter\u00edsticas mais marcantes da Torneira para banheiro Nova L\u00f3ggica, uma pe\u00e7a perfeita para criar um espa\u00e7o muito mais moderno. A durabilidade \u00e9 impressionante por causa do banho duplo de n\u00edquel. Esta torneira encaixa em bitolas \u00bd&#8221; e \u00be&#8221; e suporta temperaturas de at\u00e9 70\u00b0C, em altas e baixas press\u00f5es.<\/p>\n<ul>\n<li class=\"metadados-produto\">Acabamento:<br \/>\n<h4>Polido<\/h4>\n<\/li>\n<li class=\"metadados-produto\">Cor:<br \/>\n<h4>Cromado<\/h4>\n<\/li>\n<li class=\"metadados-produto\">Sistema de abertura:<br \/>\n<h4>1\/4 Volta<\/h4>\n<\/li>\n<li class=\"metadados-produto\">Tecnologias:<br \/>\n<h4>1\/4 de volta, Acabamento bin\u00edquel, Cartucho com veda\u00e7\u00e3o cer\u00e2mica, Garantia Toda Vida<\/h4>\n<\/li>\n<li class=\"metadados-produto\">Arejador:<br \/>\n<h4>Arejador embutido<\/h4>\n<\/li>\n<li class=\"metadados-produto\">Bitola:<br \/>\n<h4>1\/2&#8243; &#8211; DN 15<\/h4>\n<\/li>\n<li class=\"metadados-produto\">Classe de press\u00e3o:<br \/>\n<h4>2 a 40 m.c.a<\/h4>\n<\/li>\n<li class=\"metadados-produto\">Temperatura m\u00e1xima da \u00e1gua:<br \/>\n<h4>70\u00b0<\/h4>\n<\/li>\n<li class=\"metadados-produto\">Norma:<br \/>\n<h4>NBR 10281<\/h4>\n<\/li>\n<li class=\"metadados-produto\">Conte\u00fado da embalagem:<br \/>\n<h4>1 Bica, 1 Canopla, 1 Anel O-ring e 1 Contra-Porca<\/h4>\n<\/li>\n<li class=\"metadados-produto\">Composi\u00e7\u00e3o:<br \/>\n<h4>Elast\u00f4meros, Ligas de cobre, Pl\u00e1stico de engenharia, Zamac (ligas de zinco &#8211; alum\u00ednio &#8211; magn\u00e9sio e cobre)<\/h4>\n<\/li>\n<li class=\"metadados-produto\">Mobilidade da bica:<br \/>\n<h4>Fixa<\/h4>\n<\/li>\n<li class=\"metadados-produto\">Itens para instala\u00e7\u00e3o:<br \/>\n<h4>Flex\u00edvel<\/h4>\n<\/li>\n<li class=\"metadados-produto acionamento\">Acionamento:<br \/>\n<h4>Alavanca<\/h4>\n<\/li>\n<li class=\"metadados-produto\">Tipo de Instala\u00e7\u00e3o:<br \/>\n<h4>Mesa<\/h4>\n<\/li>\n<\/ul>\n","protected":false},"featured_media":7716,"comment_status":"open","ping_status":"closed","template":"","meta":[],"product_cat":[1026,304,168],"product_tag":[3085,2281,3095,2291],"_links":{"self":[{"href":"https:\/\/trenaferragens.com.br\/index.php?rest_route=\/wp\/v2\/product\/7715"}],"collection":[{"href":"https:\/\/trenaferragens.com.br\/index.php?rest_route=\/wp\/v2\/product"}],"about":[{"href":"https:\/\/trenaferragens.com.br\/index.php?rest_route=\/wp\/v2\/types\/product"}],"replies":[{"embeddable":true,"href":"https:\/\/trenaferragens.com.br\/index.php?rest_route=%2Fwp%2Fv2%2Fcomments&post=7715"}],"wp:featuredmedia":[{"embeddable":true,"href":"https:\/\/trenaferragens.com.br\/index.php?rest_route=\/wp\/v2\/media\/7716"}],"wp:attachment":[{"href":"https:\/\/trenaferragens.com.br\/index.php?rest_route=%2Fwp%2Fv2%2Fmedia&parent=7715"}],"wp:term":[{"taxonomy":"product_cat","embeddable":true,"href":"https:\/\/trenaferragens.com.br\/index.php?rest_route=%2Fwp%2Fv2%2Fproduct_cat&post=7715"},{"taxonomy":"product_tag","embeddable":true,"href":"https:\/\/trenaferragens.com.br\/index.php?rest_route=%2Fwp%2Fv2%2Fproduct_tag&post=7715"}],"curies":[{"name":"wp","href":"https:\/\/api.w.org\/{rel}","templated":true}]}}