{"id":7719,"date":"2021-06-07T16:34:58","date_gmt":"2021-06-07T16:34:58","guid":{"rendered":"https:\/\/trenaferragens.com.br\/?post_type=product&#038;p=7719"},"modified":"2021-06-07T16:37:52","modified_gmt":"2021-06-07T16:37:52","slug":"kit-bujao-torneira-lavatorio-misturador-cozinha","status":"publish","type":"product","link":"https:\/\/trenaferragens.com.br\/?product=kit-bujao-torneira-lavatorio-misturador-cozinha","title":{"rendered":"Kit Buj\u00e3o Torneira Lavat\u00f3rio Misturador Cozinha"},"content":{"rendered":"<p>Kit Buj\u00e3o Torneira Lavat\u00f3rio Misturador Cozinha<\/p>\n<p>DOCOL<\/p>\n<p>Nossa hist\u00f3ria come\u00e7ou 1956, em Jaragu\u00e1 do Sul, no Norte de Santa Catarina. Os fundadores, Edmundo e Egon Doubrawa e Amandus Colin, batizaram a empresa com a jun\u00e7\u00e3o das s\u00edlabas iniciais de seus sobrenomes. Juntos, abriram uma tornearia e oficina de consertos gerais e, em seguida, desenvolveram artigos dent\u00e1rios. J\u00e1 na d\u00e9cada de 50 perceberam que design, qualidade e precis\u00e3o eram fundamentais no setor industrial.<\/p>\n<p>Orgulhosamente brasileira, somos uma ind\u00fastria que busca transformar o dia a dia por meio do design e proporcionar boas experi\u00eancias atrav\u00e9s da \u00e1gua.<\/p>\n","protected":false},"excerpt":{"rendered":"<p>Kit Buj\u00e3o Torneira Lavat\u00f3rio Misturador Cozinha<\/p>\n<p>Reparo Plastico Torneira e Misturador DOCOL Lavat\u00f3rio e Cozinha 21991300<br \/>\nREF.: 21991300<br \/>\nFABRICANTE: DOCOL<br \/>\nROSCA N\u00ba 26<\/p>\n","protected":false},"featured_media":7718,"comment_status":"open","ping_status":"closed","template":"","meta":[],"product_cat":[1026,304,168],"product_tag":[3085,3096,3097],"_links":{"self":[{"href":"https:\/\/trenaferragens.com.br\/index.php?rest_route=\/wp\/v2\/product\/7719"}],"collection":[{"href":"https:\/\/trenaferragens.com.br\/index.php?rest_route=\/wp\/v2\/product"}],"about":[{"href":"https:\/\/trenaferragens.com.br\/index.php?rest_route=\/wp\/v2\/types\/product"}],"replies":[{"embeddable":true,"href":"https:\/\/trenaferragens.com.br\/index.php?rest_route=%2Fwp%2Fv2%2Fcomments&post=7719"}],"wp:featuredmedia":[{"embeddable":true,"href":"https:\/\/trenaferragens.com.br\/index.php?rest_route=\/wp\/v2\/media\/7718"}],"wp:attachment":[{"href":"https:\/\/trenaferragens.com.br\/index.php?rest_route=%2Fwp%2Fv2%2Fmedia&parent=7719"}],"wp:term":[{"taxonomy":"product_cat","embeddable":true,"href":"https:\/\/trenaferragens.com.br\/index.php?rest_route=%2Fwp%2Fv2%2Fproduct_cat&post=7719"},{"taxonomy":"product_tag","embeddable":true,"href":"https:\/\/trenaferragens.com.br\/index.php?rest_route=%2Fwp%2Fv2%2Fproduct_tag&post=7719"}],"curies":[{"name":"wp","href":"https:\/\/api.w.org\/{rel}","templated":true}]}}