{"id":7722,"date":"2021-06-07T16:38:27","date_gmt":"2021-06-07T16:38:27","guid":{"rendered":"https:\/\/trenaferragens.com.br\/?post_type=product&#038;p=7722"},"modified":"2021-08-19T20:13:17","modified_gmt":"2021-08-19T20:13:17","slug":"valvula-succao-poco","status":"publish","type":"product","link":"https:\/\/trenaferragens.com.br\/?product=valvula-succao-poco","title":{"rendered":"V\u00e1lvula Suc\u00e7\u00e3o (Po\u00e7o)"},"content":{"rendered":"<p>V\u00e1lvula Suc\u00e7\u00e3o (Po\u00e7o)<\/p>\n<p>DOCOL<\/p>\n<p>Nossa hist\u00f3ria come\u00e7ou 1956, em Jaragu\u00e1 do Sul, no Norte de Santa Catarina. Os fundadores, Edmundo e Egon Doubrawa e Amandus Colin, batizaram a empresa com a jun\u00e7\u00e3o das s\u00edlabas iniciais de seus sobrenomes. Juntos, abriram uma tornearia e oficina de consertos gerais e, em seguida, desenvolveram artigos dent\u00e1rios. J\u00e1 na d\u00e9cada de 50 perceberam que design, qualidade e precis\u00e3o eram fundamentais no setor industrial.<\/p>\n<p>Orgulhosamente brasileira, somos uma ind\u00fastria que busca transformar o dia a dia por meio do design e proporcionar boas experi\u00eancias atrav\u00e9s da \u00e1gua.<\/p>\n","protected":false},"excerpt":{"rendered":"<p>V\u00e1lvula Suc\u00e7\u00e3o (Po\u00e7o)<\/p>\n<p>O principal benef\u00edcio das v\u00e1lvulas de suc\u00e7\u00e3o da Docol \u00e9 permitir que a \u00e1gua seja sugada numa s\u00f3 dire\u00e7\u00e3o, onde passa por uma peneira, que ret\u00e9m part\u00edculas indesejadas. A v\u00e1lvula de suc\u00e7\u00e3o da nossa marca entrega qualidade e seguran\u00e7a para o seu dia a dia. \u00c9 poss\u00edvel, ao instalar esse produto em sua casa, pr\u00e9dio ou empresa, que a passagem de \u00e1gua quente ou fria ou demais l\u00edquidos ocorra sem nenhuma altera\u00e7\u00e3o no produto.<\/p>\n<p>BITOLAS:<\/p>\n<p>3\/4&#8243; &#8211; DN 20<\/p>\n<h4>1&#8243; &#8211; DN 25<\/h4>\n<h4>1.1\/4&#8243; &#8211; DN 32<\/h4>\n<h4>1.1\/2&#8243; &#8211; DN 40<\/h4>\n<h4>2&#8243; &#8211; DN 50<\/h4>\n<h4>2.1\/2&#8243; &#8211; DN 65<\/h4>\n<h4>3&#8243; &#8211; DN 75<\/h4>\n<h4>4&#8243; &#8211; DN 100<\/h4>\n","protected":false},"featured_media":7723,"comment_status":"open","ping_status":"closed","template":"","meta":[],"product_cat":[1026,304,168],"product_tag":[3085,3087,3098],"_links":{"self":[{"href":"https:\/\/trenaferragens.com.br\/index.php?rest_route=\/wp\/v2\/product\/7722"}],"collection":[{"href":"https:\/\/trenaferragens.com.br\/index.php?rest_route=\/wp\/v2\/product"}],"about":[{"href":"https:\/\/trenaferragens.com.br\/index.php?rest_route=\/wp\/v2\/types\/product"}],"replies":[{"embeddable":true,"href":"https:\/\/trenaferragens.com.br\/index.php?rest_route=%2Fwp%2Fv2%2Fcomments&post=7722"}],"wp:featuredmedia":[{"embeddable":true,"href":"https:\/\/trenaferragens.com.br\/index.php?rest_route=\/wp\/v2\/media\/7723"}],"wp:attachment":[{"href":"https:\/\/trenaferragens.com.br\/index.php?rest_route=%2Fwp%2Fv2%2Fmedia&parent=7722"}],"wp:term":[{"taxonomy":"product_cat","embeddable":true,"href":"https:\/\/trenaferragens.com.br\/index.php?rest_route=%2Fwp%2Fv2%2Fproduct_cat&post=7722"},{"taxonomy":"product_tag","embeddable":true,"href":"https:\/\/trenaferragens.com.br\/index.php?rest_route=%2Fwp%2Fv2%2Fproduct_tag&post=7722"}],"curies":[{"name":"wp","href":"https:\/\/api.w.org\/{rel}","templated":true}]}}