{"id":7738,"date":"2021-06-07T17:31:46","date_gmt":"2021-06-07T17:31:46","guid":{"rendered":"https:\/\/trenaferragens.com.br\/?post_type=product&#038;p=7738"},"modified":"2021-06-07T17:53:55","modified_gmt":"2021-06-07T17:53:55","slug":"porta-lampada-pvc-c-rabicho-preto-100w-1560-nfp","status":"publish","type":"product","link":"https:\/\/trenaferragens.com.br\/?product=porta-lampada-pvc-c-rabicho-preto-100w-1560-nfp","title":{"rendered":"Porta L\u00e2mpada PVC C\/Rabicho Preto 100W 1560-NFP"},"content":{"rendered":"<p>Porta L\u00e2mpada PVC C\/Rabicho Preto 100W 1560-NFP<\/p>\n<p><strong>LORENZETTI<\/strong><\/p>\n<p>Um pouco da hist\u00f3ria Lorenzetti em Campo Largo<\/p>\n<p><img decoding=\"async\" loading=\"lazy\" src=\"https:\/\/www.lorenzetti-eletric.com.br\/sites\/piallegrand.com.br\/files\/images\/institucional\/fabrica.jpg\" alt=\"\" width=\"227\" height=\"143\" \/><\/p>\n<p>Em 1954 Jo\u00e3o Stukas e Enrico Bordone, fundaram em Campo Largo, Estado do Paran\u00e1 a PIP &#8211; Porcelana Industrial Paran\u00e1 Ltda, destinada a fabrica\u00e7\u00e3o de pe\u00e7as refrat\u00f3rias e componentes cer\u00e2micos para produtos el\u00e9tricos de Baixa Tens\u00e3o. Nesta \u00e9poca, o esp\u00edrito empreendedor destes dois homens e se fez presente, trazendo com isto parte dos resultados que hoje se apresentam.<\/p>\n<p>Em 1973, foi fundada a PEP &#8211; Porcelana El\u00e9trica do Paran\u00e1 Ltda, cujo objetivo era a fabrica\u00e7\u00e3o e montagem de aparelos el\u00e9tricos.<\/p>\n<p>Mais tarde em 1972 a PIP absorveu a PEP, tornando-se uma \u00fanica empresa.<\/p>\n<p>Em 1973, o controle acion\u00e1rio e de gest\u00e3o passou para o Grupo Lorenzetti, tradicional fabricante de material el\u00e9trico desde 1923.<\/p>\n<p>Em 1976, houve a altera\u00e7\u00e3o da denomina\u00e7\u00e3o social da empresa, passando de PIP &#8211; Porcelana Industrial Paran\u00e1 Ltda, para Lorenzetti &#8211; Porcelana Industrial do Paran\u00e1 S\/A.<\/p>\n","protected":false},"excerpt":{"rendered":"<p>Porta L\u00e2mpada PVC C\/Rabicho Preto 100W 1560-NFP<\/p>\n<p>Produto em termopl\u00e1stico com rabicho e soquete em lat\u00e3o (100W &#8211; 250V~).<\/p>\n<p>Uso do porta l\u00e2mpada \u00e9 pendente, normalmente utilizado em obras e constru\u00e7\u00f5es, quermesses ou instala\u00e7\u00e3o provis\u00f3ria. Para l\u00e2mpadas de at\u00e9 100W.<\/p>\n","protected":false},"featured_media":7739,"comment_status":"open","ping_status":"closed","template":"","meta":[],"product_cat":[194,306,1059],"product_tag":[2187,3010,3099,3104],"_links":{"self":[{"href":"https:\/\/trenaferragens.com.br\/index.php?rest_route=\/wp\/v2\/product\/7738"}],"collection":[{"href":"https:\/\/trenaferragens.com.br\/index.php?rest_route=\/wp\/v2\/product"}],"about":[{"href":"https:\/\/trenaferragens.com.br\/index.php?rest_route=\/wp\/v2\/types\/product"}],"replies":[{"embeddable":true,"href":"https:\/\/trenaferragens.com.br\/index.php?rest_route=%2Fwp%2Fv2%2Fcomments&post=7738"}],"wp:featuredmedia":[{"embeddable":true,"href":"https:\/\/trenaferragens.com.br\/index.php?rest_route=\/wp\/v2\/media\/7739"}],"wp:attachment":[{"href":"https:\/\/trenaferragens.com.br\/index.php?rest_route=%2Fwp%2Fv2%2Fmedia&parent=7738"}],"wp:term":[{"taxonomy":"product_cat","embeddable":true,"href":"https:\/\/trenaferragens.com.br\/index.php?rest_route=%2Fwp%2Fv2%2Fproduct_cat&post=7738"},{"taxonomy":"product_tag","embeddable":true,"href":"https:\/\/trenaferragens.com.br\/index.php?rest_route=%2Fwp%2Fv2%2Fproduct_tag&post=7738"}],"curies":[{"name":"wp","href":"https:\/\/api.w.org\/{rel}","templated":true}]}}