{"id":7746,"date":"2021-06-07T18:31:16","date_gmt":"2021-06-07T18:31:16","guid":{"rendered":"https:\/\/trenaferragens.com.br\/?post_type=product&#038;p=7746"},"modified":"2021-06-07T18:35:40","modified_gmt":"2021-06-07T18:35:40","slug":"torneira-cozinha-parede-horizontal-cross-br-cr","status":"publish","type":"product","link":"https:\/\/trenaferragens.com.br\/?product=torneira-cozinha-parede-horizontal-cross-br-cr","title":{"rendered":"Torneira Cozinha Parede Horizontal Cross BR\/CR"},"content":{"rendered":"<h4 class=\"title\">Torneira Cozinha Parede Horizontal Cross BR\/CR<\/h4>\n<p>A Tigre Tubos e Conex\u00f5es oferta solu\u00e7\u00f5es recheadas de inova\u00e7\u00e3o e qualidade. A empresa possui linhas para os segmentos Predial, Industrial, Infraestrutura e Irriga\u00e7\u00e3o. S\u00e3o linhas completas, com produtos de excelente durabilidade, que garantem total tranquilidade na hora de construir ou reformar.<\/p>\n","protected":false},"excerpt":{"rendered":"<div class=\"field field--name-field-texto-tecnico field--type-text-long field--label-hidden field--item\">\n<div class=\"field field--name-field-texto-tecnico field--type-text-long field--label-hidden field--item\">\n<div class=\"field field--name-field-texto-tecnico field--type-text-long field--label-hidden field--item\">\n<div class=\"field field--name-field-texto-tecnico field--type-text-long field--label-hidden field--item\">\n<div class=\"field field--name-field-texto-tecnico field--type-text-long field--label-hidden field--item\">Torneira Cozinha Parede Horizontal Cross BR\/CR<\/div>\n<div>\n<p class=\"tag-description\">F\u00e1cil de instalar e pr\u00e1tica de usar, a Torneira de Parede Alta M\u00f3vel Tigre Cross vai deixar a sua cozinha ainda mais linda!<\/p>\n<p class=\"h4 product-description-sub\"><strong>BENEF\u00cdCIOS<\/strong><\/p>\n<ul>\n<li>Garanta versatilidade, economia de \u00e1gua e design para o seu banheiro;<\/li>\n<li>O volante desta torneira \u00e9 redondo e as bicas cont\u00eam dupla veda\u00e7\u00e3o, que garante seguran\u00e7a contra vazamentos;<\/li>\n<li>Al\u00e9m de ser pr\u00e1tico, este produto possui alta durabilidade e resist\u00eancia com um sistema de anel deslizante na bica que refor\u00e7a a estanqueidade. O bico arejador regula a sa\u00edda de \u00e1gua e garante at\u00e9 70% de redu\u00e7\u00e3o no consumo.<\/li>\n<\/ul>\n<p class=\"h4 product-description-sub\"><strong>INSTRU\u00c7\u00d5ES<\/strong><\/p>\n<ol>\n<li>Antes de instalar a torneira para banheiro, deixe correr a \u00e1gua para remover a sujeira da tubula\u00e7\u00e3o;<\/li>\n<li>Logo em seguida, feche o registro geral e limpe o local onde ser\u00e1 instalada a torneira;<\/li>\n<li>A pr\u00f3xima etapa \u00e9 retirar a porca de fixa\u00e7\u00e3o, mantenha a veda\u00e7\u00e3o flex\u00edvel na torneira e posicione a mesma no local de instala\u00e7\u00e3o;<\/li>\n<li>Ap\u00f3s isso, rosqueie a porca de fixa\u00e7\u00e3o manualmente por baixo do balc\u00e3o, at\u00e9 que a torneira fique firme;<\/li>\n<li>Conecte o Engate Flex\u00edvel Tigre que j\u00e1 dever\u00e1 estar conectado \u00e0 parede. Pronto!<\/li>\n<li>Abra o registro geral e a sua Torneira para Banheiro Tigre est\u00e1 pronta para uso.<\/li>\n<\/ol>\n<h5><strong>Instru\u00e7\u00f5es de conserva\u00e7\u00e3o e limpeza:<\/strong><\/h5>\n<ul>\n<li>Para manter o funcionamento perfeito da torneira de banheiro, aplique apenas o torque necess\u00e1rio para abrir e fechar. Em excesso, poder\u00e1 causar danos ao produto;<\/li>\n<li>Para limpeza, n\u00e3o utilize produtos abrasivos como esponja de a\u00e7o e palha de a\u00e7o. Utilize apenas pano \u00famido e sab\u00e3o neutro.<\/li>\n<\/ul>\n<\/div>\n<\/div>\n<\/div>\n<\/div>\n<\/div>\n","protected":false},"featured_media":7747,"comment_status":"open","ping_status":"closed","template":"","meta":[],"product_cat":[168,300],"product_tag":[3105,3106,2286,3110],"_links":{"self":[{"href":"https:\/\/trenaferragens.com.br\/index.php?rest_route=\/wp\/v2\/product\/7746"}],"collection":[{"href":"https:\/\/trenaferragens.com.br\/index.php?rest_route=\/wp\/v2\/product"}],"about":[{"href":"https:\/\/trenaferragens.com.br\/index.php?rest_route=\/wp\/v2\/types\/product"}],"replies":[{"embeddable":true,"href":"https:\/\/trenaferragens.com.br\/index.php?rest_route=%2Fwp%2Fv2%2Fcomments&post=7746"}],"wp:featuredmedia":[{"embeddable":true,"href":"https:\/\/trenaferragens.com.br\/index.php?rest_route=\/wp\/v2\/media\/7747"}],"wp:attachment":[{"href":"https:\/\/trenaferragens.com.br\/index.php?rest_route=%2Fwp%2Fv2%2Fmedia&parent=7746"}],"wp:term":[{"taxonomy":"product_cat","embeddable":true,"href":"https:\/\/trenaferragens.com.br\/index.php?rest_route=%2Fwp%2Fv2%2Fproduct_cat&post=7746"},{"taxonomy":"product_tag","embeddable":true,"href":"https:\/\/trenaferragens.com.br\/index.php?rest_route=%2Fwp%2Fv2%2Fproduct_tag&post=7746"}],"curies":[{"name":"wp","href":"https:\/\/api.w.org\/{rel}","templated":true}]}}