{"id":7751,"date":"2021-06-07T18:41:16","date_gmt":"2021-06-07T18:41:16","guid":{"rendered":"https:\/\/trenaferragens.com.br\/?post_type=product&#038;p=7751"},"modified":"2021-06-07T18:43:21","modified_gmt":"2021-06-07T18:43:21","slug":"refil-p-purificador","status":"publish","type":"product","link":"https:\/\/trenaferragens.com.br\/?product=refil-p-purificador","title":{"rendered":"Refil P\/Purificador"},"content":{"rendered":"<h4 class=\"title\">Refil P\/Purificador<\/h4>\n<p>A Tigre Tubos e Conex\u00f5es oferta solu\u00e7\u00f5es recheadas de inova\u00e7\u00e3o e qualidade. A empresa possui linhas para os segmentos Predial, Industrial, Infraestrutura e Irriga\u00e7\u00e3o. S\u00e3o linhas completas, com produtos de excelente durabilidade, que garantem total tranquilidade na hora de construir ou reformar.<\/p>\n","protected":false},"excerpt":{"rendered":"<div class=\"field field--name-field-texto-tecnico field--type-text-long field--label-hidden field--item\">\n<div class=\"field field--name-field-texto-tecnico field--type-text-long field--label-hidden field--item\">\n<div class=\"field field--name-field-texto-tecnico field--type-text-long field--label-hidden field--item\">\n<div class=\"field field--name-field-texto-tecnico field--type-text-long field--label-hidden field--item\">\n<div class=\"field field--name-field-texto-tecnico field--type-text-long field--label-hidden field--item\">\n<div class=\"field field--name-field-texto-tecnico field--type-text-long field--label-hidden field--item\">\n<div class=\"field field--name-field-texto-tecnico field--type-text-long field--label-hidden field--item\">Refil P\/Purificador<\/div>\n<div>\n<p class=\"tag-description\">O refil das\u00a0<a href=\"https:\/\/www.tigre.com.br\/obras-reforma\/torneiras\">torneiras<\/a>\u00a0com filtro deve ser trocado a cada 1.500 litros (aproximadamente seis meses). Utilize este refil para fazer a troca adequada e garantir a vida \u00fatil do seu produto.<\/p>\n<p class=\"h4 product-description-sub\"><strong>BENEF\u00cdCIOS<\/strong><\/p>\n<ul>\n<li><strong>Melhor elemento filtrante do segmento:\u00a0<\/strong>feito com o exclusivo\u00a0<strong>Carbon Block<\/strong>, que possibilita o formato exclusivo do refil e oferece um dos melhores sistemas de elimina\u00e7\u00e3o de contaminantes encontrados na \u00e1gua para o consumo humano.<\/li>\n<li><strong>Qualidade Tigre:\u00a0<\/strong>produtos testados periodicamente com base na NBR 16098:2012.,<\/li>\n<li><strong>Manuten\u00e7\u00e3o simples e pr\u00e1tica:<\/strong>\u00a0o elemento filtrante n\u00e3o necessita de limpeza\/retrolavagem, basta descartar o refil ap\u00f3s sua vida \u00fatil (1.500 litros ou aproximadamente seis meses).<\/li>\n<\/ul>\n<p class=\"h4 product-description-sub\"><strong>INSTRU\u00c7\u00d5ES<\/strong><\/p>\n<p class=\"h4 product-description-sub\">1. Verifique se o volante do aparelho est\u00e1 na posi\u00e7\u00e3o neutro.<\/p>\n<p>2. Para a substitui\u00e7\u00e3o do refil, remova a carca\u00e7a do purificador desrosqueando a mesma, ap\u00f3s, repita o processo para desmontar o refil.<\/p>\n<p>3. Monte o novo refil ao corpo do purificador rosqueando o mesmo at\u00e9 o aperto necess\u00e1rio de fixa\u00e7\u00e3o, ap\u00f3s, repita o processo para montar a carca\u00e7a. N\u00e3o aplique for\u00e7a ao rosquear os componentes.<\/p>\n<p>4. IMPORTANTE: Antes do primeiro uso ou na troca do elemento N\u00e3o s\u00e3o cobertos pela \u00a0garantia: filtrante, abra o volante na posi\u00e7\u00e3o purificador e deixe fluir 15 litros<br \/>\nde \u00e1gua para limpeza do elemento filtrante.<\/p>\n<p>Obs: N\u00e3o aplique for\u00e7a ao rosquear os componentes.<\/p>\n<p>Obs 1: Para resid\u00eancias com baixa press\u00e3o, retire o redutor de vaz\u00e3o. Deste modo aumentando o fluxo de \u00e1gua no purificador.<\/p>\n<p>Obs 2: Pode ocorrer um gotejamento moment\u00e2neo pelo purificador ap\u00f3s o primeiro uso, at\u00e9 que ocorra a expans\u00e3o total do sistema de filtra\u00e7\u00e3o.<\/p>\n<\/div>\n<\/div>\n<\/div>\n<\/div>\n<\/div>\n<\/div>\n<\/div>\n","protected":false},"featured_media":7752,"comment_status":"open","ping_status":"closed","template":"","meta":[],"product_cat":[168,300],"product_tag":[3112,3113,3105,3106],"_links":{"self":[{"href":"https:\/\/trenaferragens.com.br\/index.php?rest_route=\/wp\/v2\/product\/7751"}],"collection":[{"href":"https:\/\/trenaferragens.com.br\/index.php?rest_route=\/wp\/v2\/product"}],"about":[{"href":"https:\/\/trenaferragens.com.br\/index.php?rest_route=\/wp\/v2\/types\/product"}],"replies":[{"embeddable":true,"href":"https:\/\/trenaferragens.com.br\/index.php?rest_route=%2Fwp%2Fv2%2Fcomments&post=7751"}],"wp:featuredmedia":[{"embeddable":true,"href":"https:\/\/trenaferragens.com.br\/index.php?rest_route=\/wp\/v2\/media\/7752"}],"wp:attachment":[{"href":"https:\/\/trenaferragens.com.br\/index.php?rest_route=%2Fwp%2Fv2%2Fmedia&parent=7751"}],"wp:term":[{"taxonomy":"product_cat","embeddable":true,"href":"https:\/\/trenaferragens.com.br\/index.php?rest_route=%2Fwp%2Fv2%2Fproduct_cat&post=7751"},{"taxonomy":"product_tag","embeddable":true,"href":"https:\/\/trenaferragens.com.br\/index.php?rest_route=%2Fwp%2Fv2%2Fproduct_tag&post=7751"}],"curies":[{"name":"wp","href":"https:\/\/api.w.org\/{rel}","templated":true}]}}