{"id":7768,"date":"2021-06-11T20:17:59","date_gmt":"2021-06-11T20:17:59","guid":{"rendered":"https:\/\/trenaferragens.com.br\/?post_type=product&#038;p=7768"},"modified":"2021-06-11T20:26:24","modified_gmt":"2021-06-11T20:26:24","slug":"caixa-hidrometro-n2-cedae","status":"publish","type":"product","link":"https:\/\/trenaferragens.com.br\/?product=caixa-hidrometro-n2-cedae","title":{"rendered":"Caixa Hidr\u00f4metro N2 Cedae"},"content":{"rendered":"<p>Caixa Hidr\u00f4metro N2 Cedae<\/p>\n<p><strong>TAF &#8211; Ind\u00fastria de Pl\u00e1stico<\/strong><\/p>\n<div class=\"nts-comp nts-h2 container\">\n<div class=\"row\">\n<div class=\"col-md-9\">\n<div class=\"institucional gc\">\n<p>Situada em Joinville, polo industrial catarinense, a<strong>\u00a0TAF Ind\u00fastria de Pl\u00e1sticos\u00a0<\/strong>se destaca por fornecer ao mercado a mais moderna tecnologia em caixas de medi\u00e7\u00e3o, prote\u00e7\u00e3o e distribui\u00e7\u00e3o.<\/p>\n<p>Fundada com a<strong>\u00a0miss\u00e3o\u00a0<\/strong>de oferecer ao mercado produtos inovadores, e contando hoje com mais de 400 funcion\u00e1rios, e cerca de 9000 clientes ativos e com seus produtos homologados em todos os estados brasileiros, a torna a\u00a0<strong>maior fabricante de caixas em material polim\u00e9rico\u00a0<\/strong>do pa\u00eds.<\/p>\n<\/div>\n<\/div>\n<\/div>\n<\/div>\n","protected":false},"excerpt":{"rendered":"<p>Caixa Hidr\u00f4metro N2 Cedae<\/p>\n<p>A caixa para hidr\u00f4metro CNH2 TAF \u00e9 confeccionada em policarbonato ou polipropileno (corpo) e policarbonato (tampa) com estabilizante U.V., protegendo o conte\u00fado da incid\u00eancia dos raios solares, e alta resist\u00eancia ao impacto. Nas faces laterais apesenta entradas e sa\u00eddas para tubula\u00e7\u00e3o. A tampa \u00e9 projetada com sistema de canaletas que auxilia no fechamento da caixa. Possui \u00e1rea gradeada com visor de leitura, logotipo do cliente e data de fabrica\u00e7\u00e3o. O conjunto lacre \u00e9 composto por um inserto met\u00e1lico alojado na tampa e um parafuso M6 especial.<\/p>\n","protected":false},"featured_media":7769,"comment_status":"open","ping_status":"closed","template":"","meta":[],"product_cat":[1845,194],"product_tag":[3120,3119,3117,3118],"_links":{"self":[{"href":"https:\/\/trenaferragens.com.br\/index.php?rest_route=\/wp\/v2\/product\/7768"}],"collection":[{"href":"https:\/\/trenaferragens.com.br\/index.php?rest_route=\/wp\/v2\/product"}],"about":[{"href":"https:\/\/trenaferragens.com.br\/index.php?rest_route=\/wp\/v2\/types\/product"}],"replies":[{"embeddable":true,"href":"https:\/\/trenaferragens.com.br\/index.php?rest_route=%2Fwp%2Fv2%2Fcomments&post=7768"}],"wp:featuredmedia":[{"embeddable":true,"href":"https:\/\/trenaferragens.com.br\/index.php?rest_route=\/wp\/v2\/media\/7769"}],"wp:attachment":[{"href":"https:\/\/trenaferragens.com.br\/index.php?rest_route=%2Fwp%2Fv2%2Fmedia&parent=7768"}],"wp:term":[{"taxonomy":"product_cat","embeddable":true,"href":"https:\/\/trenaferragens.com.br\/index.php?rest_route=%2Fwp%2Fv2%2Fproduct_cat&post=7768"},{"taxonomy":"product_tag","embeddable":true,"href":"https:\/\/trenaferragens.com.br\/index.php?rest_route=%2Fwp%2Fv2%2Fproduct_tag&post=7768"}],"curies":[{"name":"wp","href":"https:\/\/api.w.org\/{rel}","templated":true}]}}