{"id":7771,"date":"2021-06-11T20:30:22","date_gmt":"2021-06-11T20:30:22","guid":{"rendered":"https:\/\/trenaferragens.com.br\/?post_type=product&#038;p=7771"},"modified":"2021-06-11T20:37:14","modified_gmt":"2021-06-11T20:37:14","slug":"caixa-enel-medidor-trifasica-r-7050","status":"publish","type":"product","link":"https:\/\/trenaferragens.com.br\/?product=caixa-enel-medidor-trifasica-r-7050","title":{"rendered":"Caixa Enel Medidor Trif\u00e1sica R.7050"},"content":{"rendered":"<p>Caixa Enel Medidor Trif\u00e1sica R.7050<\/p>\n<p><strong>TAF &#8211; Ind\u00fastria de Pl\u00e1stico<\/strong><\/p>\n<div class=\"nts-comp nts-h2 container\">\n<div class=\"row\">\n<div class=\"col-md-9\">\n<div class=\"institucional gc\">\n<p>Situada em Joinville, polo industrial catarinense, a<strong>\u00a0TAF Ind\u00fastria de Pl\u00e1sticos\u00a0<\/strong>se destaca por fornecer ao mercado a mais moderna tecnologia em caixas de medi\u00e7\u00e3o, prote\u00e7\u00e3o e distribui\u00e7\u00e3o.<\/p>\n<p>Fundada com a<strong>\u00a0miss\u00e3o\u00a0<\/strong>de oferecer ao mercado produtos inovadores, e contando hoje com mais de 400 funcion\u00e1rios, e cerca de 9000 clientes ativos e com seus produtos homologados em todos os estados brasileiros, a torna a\u00a0<strong>maior fabricante de caixas em material polim\u00e9rico\u00a0<\/strong>do pa\u00eds.<\/p>\n<\/div>\n<\/div>\n<\/div>\n<\/div>\n","protected":false},"excerpt":{"rendered":"<p>Caixa Enel Medidor Trif\u00e1sica R.7050<\/p>\n<p>A caixa para medidor monof\u00e1sico com tampa baixa CMD1 N1 TAF \u00e9 confeccionada em policarbonato com prote\u00e7\u00e3o U.V. e antichama. O produto permite a aplica\u00e7\u00e3o de lacre e parafuso de seguran\u00e7a. A caixa possui pr\u00e9-cortes para entrada de eletrodutos de \u00be\u201d e 1\u201d, al\u00e9m de possuir texturiza\u00e7\u00e3o na parte superior, aumentando a prote\u00e7\u00e3o contra a incid\u00eancia dos raios solares. A tampa possui janela de acesso ao disjuntor com orif\u00edcio para aplica\u00e7\u00e3o de cadeado, protegendo o mesmo da a\u00e7\u00e3o de terceiros. Para fixa\u00e7\u00e3o do medidor, possui sistema de travessa regul\u00e1vel, que permite a utiliza\u00e7\u00e3o de diversos padr\u00f5es do mesmo.<\/p>\n","protected":false},"featured_media":7772,"comment_status":"open","ping_status":"closed","template":"","meta":[],"product_cat":[1845,194],"product_tag":[3115,3116,3119,3117,3118],"_links":{"self":[{"href":"https:\/\/trenaferragens.com.br\/index.php?rest_route=\/wp\/v2\/product\/7771"}],"collection":[{"href":"https:\/\/trenaferragens.com.br\/index.php?rest_route=\/wp\/v2\/product"}],"about":[{"href":"https:\/\/trenaferragens.com.br\/index.php?rest_route=\/wp\/v2\/types\/product"}],"replies":[{"embeddable":true,"href":"https:\/\/trenaferragens.com.br\/index.php?rest_route=%2Fwp%2Fv2%2Fcomments&post=7771"}],"wp:featuredmedia":[{"embeddable":true,"href":"https:\/\/trenaferragens.com.br\/index.php?rest_route=\/wp\/v2\/media\/7772"}],"wp:attachment":[{"href":"https:\/\/trenaferragens.com.br\/index.php?rest_route=%2Fwp%2Fv2%2Fmedia&parent=7771"}],"wp:term":[{"taxonomy":"product_cat","embeddable":true,"href":"https:\/\/trenaferragens.com.br\/index.php?rest_route=%2Fwp%2Fv2%2Fproduct_cat&post=7771"},{"taxonomy":"product_tag","embeddable":true,"href":"https:\/\/trenaferragens.com.br\/index.php?rest_route=%2Fwp%2Fv2%2Fproduct_tag&post=7771"}],"curies":[{"name":"wp","href":"https:\/\/api.w.org\/{rel}","templated":true}]}}