{"id":7773,"date":"2021-06-11T20:42:44","date_gmt":"2021-06-11T20:42:44","guid":{"rendered":"https:\/\/trenaferragens.com.br\/?post_type=product&#038;p=7773"},"modified":"2021-06-11T20:53:44","modified_gmt":"2021-06-11T20:53:44","slug":"caixa-enel-medidor-monofasico-cmd1-2","status":"publish","type":"product","link":"https:\/\/trenaferragens.com.br\/?product=caixa-enel-medidor-monofasico-cmd1-2","title":{"rendered":"Caixa Enel Medidor Monof\u00e1sico CMD1"},"content":{"rendered":"<p>Caixa Enel Medidor Monof\u00e1sico CMD1<\/p>\n<p><strong>TAF &#8211; Ind\u00fastria de Pl\u00e1stico<\/strong><\/p>\n<div class=\"nts-comp nts-h2 container\">\n<div class=\"row\">\n<div class=\"col-md-9\">\n<div class=\"institucional gc\">\n<p>Situada em Joinville, polo industrial catarinense, a<strong>\u00a0TAF Ind\u00fastria de Pl\u00e1sticos\u00a0<\/strong>se destaca por fornecer ao mercado a mais moderna tecnologia em caixas de medi\u00e7\u00e3o, prote\u00e7\u00e3o e distribui\u00e7\u00e3o.<\/p>\n<p>Fundada com a<strong>\u00a0miss\u00e3o\u00a0<\/strong>de oferecer ao mercado produtos inovadores, e contando hoje com mais de 400 funcion\u00e1rios, e cerca de 9000 clientes ativos e com seus produtos homologados em todos os estados brasileiros, a torna a\u00a0<strong>maior fabricante de caixas em material polim\u00e9rico\u00a0<\/strong>do pa\u00eds.<\/p>\n<\/div>\n<\/div>\n<\/div>\n<\/div>\n","protected":false},"excerpt":{"rendered":"<p>Caixa Enel Medidor Monof\u00e1sico CMD1<\/p>\n<p>O corpo \u00e9 fabricado em Policarbonato (PC) na cor bege com prote\u00e7\u00e3o UV e anti-chama, possui tost\u00f5es pr\u00e9-cortados nas faces laterais, superior e inferior para entrada de eletrodutos. Na torre central h\u00e1 um alojamento para inserto met\u00e1lico para fechamento da tampa com o corpo, possui ainda lingueta para aplica\u00e7\u00e3o do lacre da companhia junto ao selo de seguran\u00e7a da tampa. A Tampa \u00e9 Fabricada em Policarbonato (PC) transparente com prote\u00e7\u00e3o UV e anti-chama, possui sistema de ventila\u00e7\u00e3o nas abas, diminuindo a temperatura interna da caixa. Na parte frontal superior possui um visor de vidro para visualiza\u00e7\u00e3o do medidor de energia, acompanhado de uma veda\u00e7\u00e3o para evitar a entrada de \u00e1gua no interior da caixa. Possui logomarca do fabricante, m\u00eas e ano de fabrica\u00e7\u00e3o. Na parte frontal inferior possui o dispositivo AMD (Acionamento M\u00f3vel de Disjuntor) para a fun\u00e7\u00e3o de ligar e desligar o disjuntor; logo abaixo se encontra uma fura\u00e7\u00e3o para lacre da companhia.<\/p>\n","protected":false},"featured_media":7767,"comment_status":"open","ping_status":"closed","template":"","meta":[],"product_cat":[1845,194],"product_tag":[3115,3116,3119,3117,3118],"_links":{"self":[{"href":"https:\/\/trenaferragens.com.br\/index.php?rest_route=\/wp\/v2\/product\/7773"}],"collection":[{"href":"https:\/\/trenaferragens.com.br\/index.php?rest_route=\/wp\/v2\/product"}],"about":[{"href":"https:\/\/trenaferragens.com.br\/index.php?rest_route=\/wp\/v2\/types\/product"}],"replies":[{"embeddable":true,"href":"https:\/\/trenaferragens.com.br\/index.php?rest_route=%2Fwp%2Fv2%2Fcomments&post=7773"}],"wp:featuredmedia":[{"embeddable":true,"href":"https:\/\/trenaferragens.com.br\/index.php?rest_route=\/wp\/v2\/media\/7767"}],"wp:attachment":[{"href":"https:\/\/trenaferragens.com.br\/index.php?rest_route=%2Fwp%2Fv2%2Fmedia&parent=7773"}],"wp:term":[{"taxonomy":"product_cat","embeddable":true,"href":"https:\/\/trenaferragens.com.br\/index.php?rest_route=%2Fwp%2Fv2%2Fproduct_cat&post=7773"},{"taxonomy":"product_tag","embeddable":true,"href":"https:\/\/trenaferragens.com.br\/index.php?rest_route=%2Fwp%2Fv2%2Fproduct_tag&post=7773"}],"curies":[{"name":"wp","href":"https:\/\/api.w.org\/{rel}","templated":true}]}}