{"id":7776,"date":"2021-06-14T18:48:13","date_gmt":"2021-06-14T18:48:13","guid":{"rendered":"https:\/\/trenaferragens.com.br\/?post_type=product&#038;p=7776"},"modified":"2021-06-14T18:48:13","modified_gmt":"2021-06-14T18:48:13","slug":"balde-de-obra-reforcado-12-lts-bc1-astra","status":"publish","type":"product","link":"https:\/\/trenaferragens.com.br\/?product=balde-de-obra-reforcado-12-lts-bc1-astra","title":{"rendered":"Balde de Obra Refor\u00e7ado 12 LTS. BC1 &#8211; ASTRA"},"content":{"rendered":"<p>ASTRA<\/p>\n<p>A Astra S\/A Ind\u00fastria e Com\u00e9rcio, fundada em 1957, na cidade de Jundia\u00ed &#8211; a 60km da capital paulista &#8211; \u00e9 uma empresa\u00a0<b>multiespecializada<\/b>, que cria e comercializa produtos e solu\u00e7\u00f5es para o\u00a0<b>dia a dia das pessoas<\/b>.<\/p>\n<p>Possui um portf\u00f3lio variado, composto por itens voltados para a\u00a0<b>constru\u00e7\u00e3o<\/b>, que v\u00e3o da funda\u00e7\u00e3o da obra ao acabamento, do item t\u00e9cnico ao de decora\u00e7\u00e3o:<\/p>\n<p>A Astra est\u00e1 em constante evolu\u00e7\u00e3o de suas linhas de produtos, por isso busca cada vez mais o desenvolvimento de itens que priorizem o\u00a0<b>design funcional<\/b>, com foco em\u00a0<b>praticidade, beleza e bem-estar<\/b>.<\/p>\n","protected":false},"excerpt":{"rendered":"<p>Altamente resistente, os Baldes multiuso da Astra podem ser utilizados para diversos trabalhos.<\/p>\n<p>Todos os modelos s\u00e3o refor\u00e7ados e possuem capacidade para 12 litros. &#8211; Super-resistentes. &#8211; Robustos. &#8211; Possuem al\u00e7a refor\u00e7ada. &#8211; Resistente dur\u00e1vel. ESPECIFICA\u00c7\u00d5ES COMPLEMENTARES<\/p>\n<p>Refer\u00eancia: BC1*PR1 Marca: Astra Cor: Preto \/ Azul Capacidade: 12 Litros Dimens\u00f5es: 30 cm x 34 cm x 30 cm Linha: Acess\u00f3rios Para Constru\u00e7\u00e3o Modelo: BC1*PR1 Material: Polipropileno Garantia: 3 meses<\/p>\n","protected":false},"featured_media":7777,"comment_status":"open","ping_status":"closed","template":"","meta":[],"product_cat":[1852,281],"product_tag":[2446,3121,3122,3123],"_links":{"self":[{"href":"https:\/\/trenaferragens.com.br\/index.php?rest_route=\/wp\/v2\/product\/7776"}],"collection":[{"href":"https:\/\/trenaferragens.com.br\/index.php?rest_route=\/wp\/v2\/product"}],"about":[{"href":"https:\/\/trenaferragens.com.br\/index.php?rest_route=\/wp\/v2\/types\/product"}],"replies":[{"embeddable":true,"href":"https:\/\/trenaferragens.com.br\/index.php?rest_route=%2Fwp%2Fv2%2Fcomments&post=7776"}],"wp:featuredmedia":[{"embeddable":true,"href":"https:\/\/trenaferragens.com.br\/index.php?rest_route=\/wp\/v2\/media\/7777"}],"wp:attachment":[{"href":"https:\/\/trenaferragens.com.br\/index.php?rest_route=%2Fwp%2Fv2%2Fmedia&parent=7776"}],"wp:term":[{"taxonomy":"product_cat","embeddable":true,"href":"https:\/\/trenaferragens.com.br\/index.php?rest_route=%2Fwp%2Fv2%2Fproduct_cat&post=7776"},{"taxonomy":"product_tag","embeddable":true,"href":"https:\/\/trenaferragens.com.br\/index.php?rest_route=%2Fwp%2Fv2%2Fproduct_tag&post=7776"}],"curies":[{"name":"wp","href":"https:\/\/api.w.org\/{rel}","templated":true}]}}