{"id":7793,"date":"2021-06-14T19:13:43","date_gmt":"2021-06-14T19:13:43","guid":{"rendered":"https:\/\/trenaferragens.com.br\/?post_type=product&#038;p=7793"},"modified":"2026-04-15T16:39:04","modified_gmt":"2026-04-15T16:39:04","slug":"dispositivo-diferencial-residual-dr-rdws-4p-40a-weg","status":"publish","type":"product","link":"https:\/\/trenaferragens.com.br\/?product=dispositivo-diferencial-residual-dr-rdws-4p-40a-weg","title":{"rendered":"Dispositivo Diferencial Residual DR RDWS 4P &#8211; WEG"},"content":{"rendered":"<p>WEG<\/p>\n<p>Ousadia, entusiasmo e comprometimento s\u00e3o caracter\u00edsticas comuns aos tr\u00eas homens que decidiram unir experi\u00eancias em busca de conquistas. Werner Ricardo Voigt, Eggon Jo\u00e3o da Silva e Geraldo Werninghaus compartilharam um sonho que, com muita paix\u00e3o e trabalho, se tornou realidade.<\/p>\n","protected":false},"excerpt":{"rendered":"<p>Nas vers\u00f5es: 4P 25A, 4P 40A, 4P 63A, 4P 80A, 4P 100A<\/p>\n<p>Utilizados para a prote\u00e7\u00e3o de pessoas e instala\u00e7\u00f5es quanto a contatos diretos ou indiretos, os dispositivos da linha RDWS protegem contra os efeitos de correntes de fuga terra, que possam existir em circuitos el\u00e9tricos.<\/p>\n<p>Aplica\u00e7\u00f5es: Recomend\u00e1vel para a prote\u00e7\u00e3o contra correntes de fuga, choque el\u00e9trico<\/p>\n","protected":false},"featured_media":7794,"comment_status":"open","ping_status":"closed","template":"","meta":[],"product_cat":[1845,194],"product_tag":[3007,2894],"_links":{"self":[{"href":"https:\/\/trenaferragens.com.br\/index.php?rest_route=\/wp\/v2\/product\/7793"}],"collection":[{"href":"https:\/\/trenaferragens.com.br\/index.php?rest_route=\/wp\/v2\/product"}],"about":[{"href":"https:\/\/trenaferragens.com.br\/index.php?rest_route=\/wp\/v2\/types\/product"}],"replies":[{"embeddable":true,"href":"https:\/\/trenaferragens.com.br\/index.php?rest_route=%2Fwp%2Fv2%2Fcomments&post=7793"}],"wp:featuredmedia":[{"embeddable":true,"href":"https:\/\/trenaferragens.com.br\/index.php?rest_route=\/wp\/v2\/media\/7794"}],"wp:attachment":[{"href":"https:\/\/trenaferragens.com.br\/index.php?rest_route=%2Fwp%2Fv2%2Fmedia&parent=7793"}],"wp:term":[{"taxonomy":"product_cat","embeddable":true,"href":"https:\/\/trenaferragens.com.br\/index.php?rest_route=%2Fwp%2Fv2%2Fproduct_cat&post=7793"},{"taxonomy":"product_tag","embeddable":true,"href":"https:\/\/trenaferragens.com.br\/index.php?rest_route=%2Fwp%2Fv2%2Fproduct_tag&post=7793"}],"curies":[{"name":"wp","href":"https:\/\/api.w.org\/{rel}","templated":true}]}}