{"id":7800,"date":"2021-06-14T19:20:45","date_gmt":"2021-06-14T19:20:45","guid":{"rendered":"https:\/\/trenaferragens.com.br\/?post_type=product&#038;p=7800"},"modified":"2021-06-14T19:21:48","modified_gmt":"2021-06-14T19:21:48","slug":"dispositivo-protecao-contra-surtos-dps-spw02-275-40-weg","status":"publish","type":"product","link":"https:\/\/trenaferragens.com.br\/?product=dispositivo-protecao-contra-surtos-dps-spw02-275-40-weg","title":{"rendered":"Dispositivo Prote\u00e7\u00e3o Contra Surtos  DPS SPW02-275 40 WEG"},"content":{"rendered":"<p>WEG<\/p>\n<p>Ousadia, entusiasmo e comprometimento s\u00e3o caracter\u00edsticas comuns aos tr\u00eas homens que decidiram unir experi\u00eancias em busca de conquistas. Werner Ricardo Voigt, Eggon Jo\u00e3o da Silva e Geraldo Werninghaus compartilharam um sonho que, com muita paix\u00e3o e trabalho, se tornou realidade.<\/p>\n","protected":false},"excerpt":{"rendered":"<p>Os dispositivos de prote\u00e7\u00e3o contra surtos(DPS) da linha SPW foram desenvolvidos para a prote\u00e7\u00e3o de equipamentos e instala\u00e7\u00f5es contra surtos e sobretens\u00f5es provenientes de descargas diretas ou indiretas na rede el\u00e9trica.<\/p>\n","protected":false},"featured_media":7798,"comment_status":"open","ping_status":"closed","template":"","meta":[],"product_cat":[194],"product_tag":[3007,3126,3125,2894],"_links":{"self":[{"href":"https:\/\/trenaferragens.com.br\/index.php?rest_route=\/wp\/v2\/product\/7800"}],"collection":[{"href":"https:\/\/trenaferragens.com.br\/index.php?rest_route=\/wp\/v2\/product"}],"about":[{"href":"https:\/\/trenaferragens.com.br\/index.php?rest_route=\/wp\/v2\/types\/product"}],"replies":[{"embeddable":true,"href":"https:\/\/trenaferragens.com.br\/index.php?rest_route=%2Fwp%2Fv2%2Fcomments&post=7800"}],"wp:featuredmedia":[{"embeddable":true,"href":"https:\/\/trenaferragens.com.br\/index.php?rest_route=\/wp\/v2\/media\/7798"}],"wp:attachment":[{"href":"https:\/\/trenaferragens.com.br\/index.php?rest_route=%2Fwp%2Fv2%2Fmedia&parent=7800"}],"wp:term":[{"taxonomy":"product_cat","embeddable":true,"href":"https:\/\/trenaferragens.com.br\/index.php?rest_route=%2Fwp%2Fv2%2Fproduct_cat&post=7800"},{"taxonomy":"product_tag","embeddable":true,"href":"https:\/\/trenaferragens.com.br\/index.php?rest_route=%2Fwp%2Fv2%2Fproduct_tag&post=7800"}],"curies":[{"name":"wp","href":"https:\/\/api.w.org\/{rel}","templated":true}]}}