{"id":7803,"date":"2021-06-14T19:31:14","date_gmt":"2021-06-14T19:31:14","guid":{"rendered":"https:\/\/trenaferragens.com.br\/?post_type=product&#038;p=7803"},"modified":"2021-06-14T19:31:14","modified_gmt":"2021-06-14T19:31:14","slug":"espuma-expansiva-poliuretano-430ml-mundial","status":"publish","type":"product","link":"https:\/\/trenaferragens.com.br\/?product=espuma-expansiva-poliuretano-430ml-mundial","title":{"rendered":"Espuma Expansiva Poliuretano 430ML Mundial"},"content":{"rendered":"<p>H\u00e1 mais de uma d\u00e9cada no mercado, a\u00a0<strong>Aeroflex \u00e9 refer\u00eancia nacional em aeross\u00f3is<\/strong>. Com sua f\u00e1brica na Cidade Industrial de Curitiba (CIC), a empresa est\u00e1 localizada em uma posi\u00e7\u00e3o estrat\u00e9gica, pr\u00f3ximo aos maiores PIBs do Brasil e da Am\u00e9rica do Sul, al\u00e9m das principais rodovias, portos e aeroportos do pa\u00eds, permitindo um atendimento \u00e1gil ao mercado nacional e internacional.<\/p>\n<p>Instalada em uma \u00e1rea de mais de 25 mil m\u00b2, a\u00a0<strong>Aeroflex<\/strong>\u00a0produz cosm\u00e9ticos, saneantes, produtos para festas e t\u00e9cnico-industriais, e suas linhas de produ\u00e7\u00e3o segmentadas possuem capacidade de envasar 30 milh\u00f5es de tubos por ano.<\/p>\n","protected":false},"excerpt":{"rendered":"<h2 class=\"generalTitle h4 pt-0\">ESPUMA EXPANSIVA MP90 MUNDIAL PRIME 430ml 280g<\/h2>\n<div class=\"short-description generalMarginSupporter\">Espuma de Poliuretano \u00e9 recomendado para fixa\u00e7\u00e3o de portas e janelas, preenchimento de trincas e fendas, isolamento ac\u00fastico e veda\u00e7\u00e3o de paredes, divis\u00f3rias, cabines de barcos e carros, isolamento t\u00e9rmico de tubula\u00e7\u00f5es, jun\u00e7\u00e3o e selamento de partes de madeira pr\u00e9-fabricadas e fabrica\u00e7\u00e3o de molduras, com boa resist\u00eancia ao mofo e fungos.<\/div>\n<div><\/div>\n<div>A\u00a0<strong>ESPUMA EXPANSIVA MP90 MUNDIAL PRIME 430ml 280g<\/strong>\u00a0\u00e9 indicada para a veda\u00e7\u00e3o e fixa\u00e7\u00e3o de portas e janelas, aderindo em madeira, metal, vidro, alvenaria e cer\u00e2mica. A \u00fanica que cola, isola, preenche, expandindo em at\u00e9 3x mais.<\/div>\n","protected":false},"featured_media":7802,"comment_status":"open","ping_status":"closed","template":"","meta":[],"product_cat":[1855],"product_tag":[3128,3028,3127],"_links":{"self":[{"href":"https:\/\/trenaferragens.com.br\/index.php?rest_route=\/wp\/v2\/product\/7803"}],"collection":[{"href":"https:\/\/trenaferragens.com.br\/index.php?rest_route=\/wp\/v2\/product"}],"about":[{"href":"https:\/\/trenaferragens.com.br\/index.php?rest_route=\/wp\/v2\/types\/product"}],"replies":[{"embeddable":true,"href":"https:\/\/trenaferragens.com.br\/index.php?rest_route=%2Fwp%2Fv2%2Fcomments&post=7803"}],"wp:featuredmedia":[{"embeddable":true,"href":"https:\/\/trenaferragens.com.br\/index.php?rest_route=\/wp\/v2\/media\/7802"}],"wp:attachment":[{"href":"https:\/\/trenaferragens.com.br\/index.php?rest_route=%2Fwp%2Fv2%2Fmedia&parent=7803"}],"wp:term":[{"taxonomy":"product_cat","embeddable":true,"href":"https:\/\/trenaferragens.com.br\/index.php?rest_route=%2Fwp%2Fv2%2Fproduct_cat&post=7803"},{"taxonomy":"product_tag","embeddable":true,"href":"https:\/\/trenaferragens.com.br\/index.php?rest_route=%2Fwp%2Fv2%2Fproduct_tag&post=7803"}],"curies":[{"name":"wp","href":"https:\/\/api.w.org\/{rel}","templated":true}]}}