{"id":7804,"date":"2021-06-14T19:33:39","date_gmt":"2021-06-14T19:33:39","guid":{"rendered":"https:\/\/trenaferragens.com.br\/?post_type=product&#038;p=7804"},"modified":"2021-06-14T19:36:56","modified_gmt":"2021-06-14T19:36:56","slug":"acabamento-nova-gyro-universal","status":"publish","type":"product","link":"https:\/\/trenaferragens.com.br\/?product=acabamento-nova-gyro-universal","title":{"rendered":"Acabamento Nova Gyro Universal"},"content":{"rendered":"<p>FABRIMAR<\/p>\n<p>Sobre a Fabrimar: Fundada em 1962, a Fabrimar, tradicional fabricante de metais para cozinhas e banheiros, chega aos seus 50 anos com uma linha de mais de 4 mil produtos. Com um parque industrial de 50.000m\u00b2 de \u00e1rea total e 33.000m\u00b2 de \u00e1rea constru\u00edda, localizado na zona norte do Rio de Janeiro, a companhia possui cerca de 1.100 funcion\u00e1rios, al\u00e9m de escrit\u00f3rios de venda nas principais capitais, representantes e assist\u00eancia t\u00e9cnica em todo Brasil. \u00c9 pioneira em participar do Programa Brasileiro de Qualidade e Produtividade do Habitat (PBQP-H), avalia\u00e7\u00e3o do governo federal que garante a qualidade dos produtos usados na constru\u00e7\u00e3o civil. Para estar dentro do programa, a Fabrimar \u00e9 auditada por seus t\u00e9cnicos a cada tr\u00eas meses, renovando assim o certificado. Al\u00e9m da preocupa\u00e7\u00e3o em oferecer produtos e solu\u00e7\u00f5es com qualidade e alta durabilidade, todos com dez anos de garantia, a empresa levanta a bandeira do uso racional da \u00e1gua com o desenvolvimento de mais de 150 produtos e acess\u00f3rios economizadores para uso residencial e p\u00fablico.<\/p>\n<p>A Fabrimar\u00a0possu\u00ed\u00a0linhas completas de metais sanit\u00e1rios com design plano, quadrangular e linhas retas para o segmento luxo. Com o intuito de oferecer um desenho minimalista e elegante, as linhas foram desenvolvidas exclusivamente para a marca e composta de misturadores, torneiras de bancadas e parede, al\u00e9m de duchas higi\u00eanicas e acabamentos.<\/p>\n","protected":false},"excerpt":{"rendered":"<pre class=\"font-light font-gray texto-produto\">Acabamento 1 para registros base Fabrimar de Press\u00e3o 1\/2\", 3\/4\" e 1\", registros de Gaveta 1\/2\" e 3\/4\"                                                           \r\nAcabamento 2 para registro base Fabrimar de Gaveta  1\"                     \r\nAcabamento 3 para registro base Fabrimar de Gaveta  1\/1\/2\" e 1\/1\/4\"        \r\nAcabamentos 1 para registro Deca de Press\u00e3o e Gaveta 1\/2\" e 3\/4\"      \r\nAcabamento 2 para registro Deca de Press\u00e3o e Gaveta 1 1\/2\" e 1 1\/4\"     \r\nAcabamento 1 para registro Docol de Press\u00e3o e Gaveta 1\/2\" e 3\/4\"<\/pre>\n","protected":false},"featured_media":7805,"comment_status":"open","ping_status":"closed","template":"","meta":[],"product_cat":[1024,1023,1097,212,168],"product_tag":[3131,258,3129,3132,3130],"_links":{"self":[{"href":"https:\/\/trenaferragens.com.br\/index.php?rest_route=\/wp\/v2\/product\/7804"}],"collection":[{"href":"https:\/\/trenaferragens.com.br\/index.php?rest_route=\/wp\/v2\/product"}],"about":[{"href":"https:\/\/trenaferragens.com.br\/index.php?rest_route=\/wp\/v2\/types\/product"}],"replies":[{"embeddable":true,"href":"https:\/\/trenaferragens.com.br\/index.php?rest_route=%2Fwp%2Fv2%2Fcomments&post=7804"}],"wp:featuredmedia":[{"embeddable":true,"href":"https:\/\/trenaferragens.com.br\/index.php?rest_route=\/wp\/v2\/media\/7805"}],"wp:attachment":[{"href":"https:\/\/trenaferragens.com.br\/index.php?rest_route=%2Fwp%2Fv2%2Fmedia&parent=7804"}],"wp:term":[{"taxonomy":"product_cat","embeddable":true,"href":"https:\/\/trenaferragens.com.br\/index.php?rest_route=%2Fwp%2Fv2%2Fproduct_cat&post=7804"},{"taxonomy":"product_tag","embeddable":true,"href":"https:\/\/trenaferragens.com.br\/index.php?rest_route=%2Fwp%2Fv2%2Fproduct_tag&post=7804"}],"curies":[{"name":"wp","href":"https:\/\/api.w.org\/{rel}","templated":true}]}}