{"id":7808,"date":"2021-06-14T19:43:35","date_gmt":"2021-06-14T19:43:35","guid":{"rendered":"https:\/\/trenaferragens.com.br\/?post_type=product&#038;p=7808"},"modified":"2021-06-14T19:43:36","modified_gmt":"2021-06-14T19:43:36","slug":"gas-cilindro-descartavel-maxpro-40000gr-oba-gas","status":"publish","type":"product","link":"https:\/\/trenaferragens.com.br\/?product=gas-cilindro-descartavel-maxpro-40000gr-oba-gas","title":{"rendered":"G\u00e1s Cilindro Descart\u00e1vel Maxpro 400,00GR OBA GAS"},"content":{"rendered":"<p>A Obatrade \u00e9 uma empresa especializada no desenvolvimento de fornecedores e produtos na China. Estabelecida no ano de 2012, mas com know-how de mais de 15 anos na \u00e1rea.<\/p>\n<p>Com sede na cidade de CURITIBA-PR, em dois endere\u00e7os, onde possui escrit\u00f3rio de desenvolvimento e administra\u00e7\u00e3o e galp\u00e3o para estoque e distribui\u00e7\u00e3o de mercadorias. Tamb\u00e9m possuimos escritorio em NINGBO\/Zhejiang-China para desenvolvimento e acompanhamento t\u00e9cnico de produ\u00e7\u00e3o.<\/p>\n<p>A Obatrade possui s\u00f3lidas rela\u00e7\u00f5es com fabricantes chineses, sendo que no ano de 2020 ampliou suas parcerias, elevando o n\u00edvel dos neg\u00f3cios bilaterais para desenvolvimento do mercado brasileiro. Recentemente a empresa iniciou processo de importa\u00e7\u00e3o de produtos acabados e tamb\u00e9m de mat\u00e9ria prima para industrializa\u00e7\u00e3o pr\u00f3pria no Brasil.<\/p>\n","protected":false},"excerpt":{"rendered":"<p>O refil para ma\u00e7arico OBAGAS une a maior temperatura de chama com o mais leve, ergon\u00f4mico e pr\u00e1tico cilindro do mundo.<\/p>\n<p>A temperatura e press\u00e3o do refil OBAGAS assegura alta performance e agilidade para os processos de solda, brasagem e fundi\u00e7\u00e3o de metais leves.<\/p>\n<p>O cilindro OBAGAS acompanha um adaptador universal, com veda\u00e7\u00e3o dupla e rosca gas NPT, que garante seguran\u00e7a e estanquidade total. Compat\u00edvel com todos os ma\u00e7aricos do mercado.<\/p>\n<p>O cilindro e adaptador OBAGAS segue normas europ\u00e9ias para gases, EN 417 e EN 521.<\/p>\n","protected":false},"featured_media":7809,"comment_status":"open","ping_status":"closed","template":"","meta":[],"product_cat":[164],"product_tag":[3133,3134,3135,3136],"_links":{"self":[{"href":"https:\/\/trenaferragens.com.br\/index.php?rest_route=\/wp\/v2\/product\/7808"}],"collection":[{"href":"https:\/\/trenaferragens.com.br\/index.php?rest_route=\/wp\/v2\/product"}],"about":[{"href":"https:\/\/trenaferragens.com.br\/index.php?rest_route=\/wp\/v2\/types\/product"}],"replies":[{"embeddable":true,"href":"https:\/\/trenaferragens.com.br\/index.php?rest_route=%2Fwp%2Fv2%2Fcomments&post=7808"}],"wp:featuredmedia":[{"embeddable":true,"href":"https:\/\/trenaferragens.com.br\/index.php?rest_route=\/wp\/v2\/media\/7809"}],"wp:attachment":[{"href":"https:\/\/trenaferragens.com.br\/index.php?rest_route=%2Fwp%2Fv2%2Fmedia&parent=7808"}],"wp:term":[{"taxonomy":"product_cat","embeddable":true,"href":"https:\/\/trenaferragens.com.br\/index.php?rest_route=%2Fwp%2Fv2%2Fproduct_cat&post=7808"},{"taxonomy":"product_tag","embeddable":true,"href":"https:\/\/trenaferragens.com.br\/index.php?rest_route=%2Fwp%2Fv2%2Fproduct_tag&post=7808"}],"curies":[{"name":"wp","href":"https:\/\/api.w.org\/{rel}","templated":true}]}}