{"id":7824,"date":"2021-06-15T13:53:34","date_gmt":"2021-06-15T13:53:34","guid":{"rendered":"https:\/\/trenaferragens.com.br\/?post_type=product&#038;p=7824"},"modified":"2021-06-15T14:05:39","modified_gmt":"2021-06-15T14:05:39","slug":"torneira-lavatorio-mesa-bica-alta-nova-loggica-chrome","status":"publish","type":"product","link":"https:\/\/trenaferragens.com.br\/?product=torneira-lavatorio-mesa-bica-alta-nova-loggica-chrome","title":{"rendered":"Torneira Lavat\u00f3rio Mesa Bica Alta Nova L\u00f3ggica Chrome"},"content":{"rendered":"<p>DOCOL<\/p>\n<p>Nossa hist\u00f3ria come\u00e7ou 1956, em Jaragu\u00e1 do Sul, no Norte de Santa Catarina. Os fundadores, Edmundo e Egon Doubrawa e Amandus Colin, batizaram a empresa com a jun\u00e7\u00e3o das s\u00edlabas iniciais de seus sobrenomes. Juntos, abriram uma tornearia e oficina de consertos gerais e, em seguida, desenvolveram artigos dent\u00e1rios. J\u00e1 na d\u00e9cada de 50 perceberam que design, qualidade e precis\u00e3o eram fundamentais no setor industrial.<\/p>\n<p>Orgulhosamente brasileira, somos uma ind\u00fastria que busca transformar o dia a dia por meio do design e proporcionar boas experi\u00eancias atrav\u00e9s da \u00e1gua.<\/p>\n","protected":false},"excerpt":{"rendered":"<div class=\"field field--name-field-texto-tecnico field--type-text-long field--label-hidden field--item\">\n<ul>\n<li>\n<div class=\"field field--name-field-texto-tecnico field--type-text-long field--label-hidden field--item\">\n<ul>\n<li>Pensada para ambientes simples, vers\u00e1teis e com um design mais contempor\u00e2neo, a Torneira para banheiro com bica alta Nova L\u00f3ggica foi desenvolvida para cuba de apoio, pois evita respingos ao lavar as m\u00e3os. Este produto suporta altas e baixas press\u00f5es e temperaturas de at\u00e9 70\u00b0C.Diferenciais do produto:Acabamento mais duradouro:<br \/>\nAcabamento cromado bi n\u00edquel de alta durabilidade e maior resist\u00eancia \u00e0 corros\u00e3o. Conserva a beleza e o brilho do produto por muito mais tempo.<\/p>\n<p>Informa\u00e7\u00f5es T\u00e9cnicas:<\/p>\n<p>Acabamento: Polido<br \/>\nCor: Cromado<br \/>\nSistema de abertura: 1\/4 Volta<br \/>\nTecnologias: 1\/4 de volta, Acabamento bin\u00edquel, Cartucho com veda\u00e7\u00e3o cer\u00e2mica, Garantia Toda Vida<br \/>\nArejador: Arejador embutido<br \/>\nBitola: 1\/2&#8243; &#8211; DN 15<br \/>\nClasse de press\u00e3o: 2 a 40 m.c.a<br \/>\nTemperatura m\u00e1xima da \u00e1gua: 70\u00b0<br \/>\nNorma: NBR 10281<br \/>\nConte\u00fado da embalagem: 1 Bica, 1 Canopla, 1 Anel O-ring e 1 Contra-Porca<br \/>\nComposi\u00e7\u00e3o: Elast\u00f4meros, Ligas de cobre, Pl\u00e1stico de engenharia, Zamac (ligas de zinco &#8211; alum\u00ednio &#8211; magn\u00e9sio e cobre)<br \/>\nMobilidade da bica: Fixa<br \/>\nItens para instala\u00e7\u00e3o: Flex\u00edvel<br \/>\nAcionamento: Alavanca<br \/>\nTipo de Instala\u00e7\u00e3o: Mesa<\/li>\n<\/ul>\n<\/div>\n<\/li>\n<\/ul>\n<\/div>\n","protected":false},"featured_media":7825,"comment_status":"open","ping_status":"closed","template":"","meta":[],"product_cat":[1023,1026,1097,304,168],"product_tag":[3141,3085,3140,3138,3139],"_links":{"self":[{"href":"https:\/\/trenaferragens.com.br\/index.php?rest_route=\/wp\/v2\/product\/7824"}],"collection":[{"href":"https:\/\/trenaferragens.com.br\/index.php?rest_route=\/wp\/v2\/product"}],"about":[{"href":"https:\/\/trenaferragens.com.br\/index.php?rest_route=\/wp\/v2\/types\/product"}],"replies":[{"embeddable":true,"href":"https:\/\/trenaferragens.com.br\/index.php?rest_route=%2Fwp%2Fv2%2Fcomments&post=7824"}],"wp:featuredmedia":[{"embeddable":true,"href":"https:\/\/trenaferragens.com.br\/index.php?rest_route=\/wp\/v2\/media\/7825"}],"wp:attachment":[{"href":"https:\/\/trenaferragens.com.br\/index.php?rest_route=%2Fwp%2Fv2%2Fmedia&parent=7824"}],"wp:term":[{"taxonomy":"product_cat","embeddable":true,"href":"https:\/\/trenaferragens.com.br\/index.php?rest_route=%2Fwp%2Fv2%2Fproduct_cat&post=7824"},{"taxonomy":"product_tag","embeddable":true,"href":"https:\/\/trenaferragens.com.br\/index.php?rest_route=%2Fwp%2Fv2%2Fproduct_tag&post=7824"}],"curies":[{"name":"wp","href":"https:\/\/api.w.org\/{rel}","templated":true}]}}