{"id":7839,"date":"2021-06-15T14:22:11","date_gmt":"2021-06-15T14:22:11","guid":{"rendered":"https:\/\/trenaferragens.com.br\/?post_type=product&#038;p=7839"},"modified":"2021-06-15T14:25:29","modified_gmt":"2021-06-15T14:25:29","slug":"sikadur-epoxi-1-kg","status":"publish","type":"product","link":"https:\/\/trenaferragens.com.br\/?product=sikadur-epoxi-1-kg","title":{"rendered":"Sikadur Ep\u00f3xi 1 KG"},"content":{"rendered":"<p><span style=\"color: #333333;\">A MARCA SIKA SIGNIFICA QUALIDADE, INOVA\u00c7\u00c3O E SERVI\u00c7O<\/span><\/p>\n<div class=\"titletext parbase section\">\n<div class=\"titletext content-element \">\n<h4>Sika \u00e9 uma marca forte.\u00a0Permite ao Grupo apresentar uma identidade uniforme em todos os mercados-alvo e com todos os produtos.<\/h4>\n<\/div>\n<\/div>\n<div class=\"titletext parbase section\">\n<div class=\"titletext content-element \">\n<h4 class=\"headline-element\">SIKA COMO MARCA<\/h4>\n<p>A Branding oferece aos produtos uma identidade distinta e os associa a um conjunto espec\u00edfico de valores.\u00a0Este fato foi reconhecido no in\u00edcio da hist\u00f3ria da Sika pelo fundador Kaspar Winkler, que cunhou o nome da empresa e desenhou seu logotipo.\u00a0A consider\u00e1vel posi\u00e7\u00e3o adquirida pela marca Sika ao longo dos anos \u00e9 um tributo a esta hipermetropia.\u00a0Tendo mudado apenas um pouco desde a sua cria\u00e7\u00e3o, o logotipo sintetiza continuidade e solidez.\u00a0\u00c9 reconhecido em todo o mundo como sin\u00f4nimo de inova\u00e7\u00e3o, qualidade e servi\u00e7o.\u00a0A marca combinada de marcas de palavras \/ imagens provou ser um recurso valioso em todo o mundo durante a expans\u00e3o de d\u00e9cadas do grupo Sika.\u00a0Foi lan\u00e7ado com sucesso e \u00e9 prontamente aceito em todas as fronteiras culturais.<\/p>\n<\/div>\n<\/div>\n<p>A Sika integra com sucesso o slogan &#8220;Building Trust&#8221; na sua estrat\u00e9gia de comunica\u00e7\u00e3o.\u00a0As implica\u00e7\u00f5es deste compromisso para o posicionamento da marca da Sika podem ser descritas da seguinte forma:<\/p>\n<p>&#8220;Produtos qu\u00edmicos especiais s\u00e3o nossos neg\u00f3cios e a confian\u00e7a \u00e9 a base do nosso sucesso.\u00a0Por mais de um s\u00e9culo, nos concentramos na qualidade de nossos produtos, enquanto constantemente trazemos para nossa ind\u00fastria um esp\u00edrito de reinven\u00e7\u00e3o.\u00a0Estamos empenhados em fornecer solu\u00e7\u00f5es confi\u00e1veis, inovadoras e duradouras para nossos clientes nas ind\u00fastrias de constru\u00e7\u00e3o, constru\u00e7\u00e3o e fabrica\u00e7\u00e3o.\u00a0Isso realmente representa o valor e o impacto de toda a gama de compet\u00eancias essenciais da Sika: veda\u00e7\u00e3o, liga\u00e7\u00e3o, amortecimento, refor\u00e7o e prote\u00e7\u00e3o.\u00a0Adequado e capaz de enfrentar os desafios futuros de nossos clientes e parceiros, oferecemos produtos inovadores com valor agregado, servi\u00e7os abrangentes, respostas expertas, treinamento bem-formado e solu\u00e7\u00f5es customizadas.\u00a0Estamos orgulhosos de nossas conquistas e ansiosos para provar a n\u00f3s mesmos.\u00a0Sika fornece um selo de qualidade em que voc\u00ea pode confiar.<br \/>\nComprometidos com a excel\u00eancia.<br \/>\nInspirado na inova\u00e7\u00e3o.<br \/>\nConstruindo confian\u00e7a.&#8221;<\/p>\n","protected":false},"excerpt":{"rendered":"<div class=\"details\">\n<div class=\"details\">\n<div id=\"LongDescriptionAbac\" class=\"wd-descriptions-panel \">\n<div class=\"header\">\n<p><strong class=\"wd-title\">DESCRI\u00c7\u00c3O DO PRODUTO: <\/strong><strong>COLAR DIVERSOS TIPOS DE MATERIAIS COM UMA RESINA EP\u00d3XI, DE M\u00c9DIA VISCOSIDADE \u2013 SIKADUR\u00ae EPOXI<\/strong><\/p>\n<p><strong>Adesivo estrutural \u00e0 base de resina ep\u00f3xi, fluido.<\/strong><br \/>\nSikadur\u00ae Ep\u00f3xi \u00e9 um adesivo estrutural \u00e0 base de resina ep\u00f3xi, de m\u00e9dia viscosidade (fluido), bi-componente e de pega normal, formulado para colagem de superf\u00edcies de concreto, argamassa, cimento-amianto, madeira, cer\u00e2mica, m\u00e1rmore, ep\u00f3xi e a\u00e7o.<\/p>\n<p><strong>VANTAGEM<\/strong><br \/>\nEndurecimento r\u00e1pido;<br \/>\nExcelente ader\u00eancia a superf\u00edcies de concreto, argamassa, madeira, fibrocimento, pedras, cer\u00e2micas, a\u00e7o, ferro, alum\u00ednio, vidro e outros materiais de constru\u00e7\u00e3o;<br \/>\nImperme\u00e1vel;<br \/>\nElevadas resist\u00eancias mec\u00e2nicas \u00e0 tra\u00e7\u00e3o e compress\u00e3o;<br \/>\nExcelente resist\u00eancia a \u00f3leos, graxas, gasolina, solu\u00e7\u00f5es salinas, \u00e1cidas e \u00e1lcalis dilu\u00eddos, \u00e1guas residuais e outras subst\u00e2ncias qu\u00edmicas.<\/p>\n<\/div>\n<\/div>\n<div id=\"LongDescription\" class=\"wd-descriptions-panel wd-descriptions-hide other\">\n<div class=\"header\"><strong class=\"wd-title\">CARACTER\u00cdSTICAS<\/strong><\/div>\n<div class=\"wd-descriptions-text hide\">\n<p><strong>Condi\u00e7\u00f5es de estocagem: <\/strong>Estocados apropriadamente nas embalagens originais e intactas, em temperaturas entre +5\u00b0C e +35\u00b0C. Protegido da luz direta do sol e do gelo. Abaixo de 5\u00b0C pode ocorrer cristaliza\u00e7\u00e3o<\/p>\n<\/div>\n<\/div>\n<div id=\"IncludeItems\" class=\"wd-descriptions-panel wd-descriptions-hide other\">\n<div class=\"header\"><strong class=\"wd-title\">SUGEST\u00d5ES DE USO<\/strong><\/div>\n<div class=\"wd-descriptions-text hide\">&#8211; Colagem entre concreto velho e concreto novo;<br \/>\n&#8211; Fixa\u00e7\u00e3o de apoios estruturais;<br \/>\n&#8211;\u00a0Ancoragem de cabos;<br \/>\n&#8211; Colagem entre elementos pr\u00e9-moldados;<br \/>\n&#8211; Juntas de concretagem (juntas frias);<br \/>\n&#8211; Fixa\u00e7\u00e3o de chumbadores, calhas e guias, na horizontal;<br \/>\n&#8211; Reparos em arestas de concreto aparente, trincas e defeitos superficiais.<\/div>\n<\/div>\n<\/div>\n<\/div>\n","protected":false},"featured_media":7840,"comment_status":"open","ping_status":"closed","template":"","meta":[],"product_cat":[166,270],"product_tag":[3146,3145],"_links":{"self":[{"href":"https:\/\/trenaferragens.com.br\/index.php?rest_route=\/wp\/v2\/product\/7839"}],"collection":[{"href":"https:\/\/trenaferragens.com.br\/index.php?rest_route=\/wp\/v2\/product"}],"about":[{"href":"https:\/\/trenaferragens.com.br\/index.php?rest_route=\/wp\/v2\/types\/product"}],"replies":[{"embeddable":true,"href":"https:\/\/trenaferragens.com.br\/index.php?rest_route=%2Fwp%2Fv2%2Fcomments&post=7839"}],"wp:featuredmedia":[{"embeddable":true,"href":"https:\/\/trenaferragens.com.br\/index.php?rest_route=\/wp\/v2\/media\/7840"}],"wp:attachment":[{"href":"https:\/\/trenaferragens.com.br\/index.php?rest_route=%2Fwp%2Fv2%2Fmedia&parent=7839"}],"wp:term":[{"taxonomy":"product_cat","embeddable":true,"href":"https:\/\/trenaferragens.com.br\/index.php?rest_route=%2Fwp%2Fv2%2Fproduct_cat&post=7839"},{"taxonomy":"product_tag","embeddable":true,"href":"https:\/\/trenaferragens.com.br\/index.php?rest_route=%2Fwp%2Fv2%2Fproduct_tag&post=7839"}],"curies":[{"name":"wp","href":"https:\/\/api.w.org\/{rel}","templated":true}]}}