{"id":7841,"date":"2021-06-15T14:27:06","date_gmt":"2021-06-15T14:27:06","guid":{"rendered":"https:\/\/trenaferragens.com.br\/?post_type=product&#038;p=7841"},"modified":"2021-06-15T14:30:32","modified_gmt":"2021-06-15T14:30:32","slug":"torre-de-entrada-universal-regulavel-deca","status":"publish","type":"product","link":"https:\/\/trenaferragens.com.br\/?product=torre-de-entrada-universal-regulavel-deca","title":{"rendered":"Torre de Entrada Universal Regul\u00e1vel Deca"},"content":{"rendered":"<p>DECA<\/p>\n<p>A Astra S\/A Ind\u00fastria e Com\u00e9rcio, fundada em 1957, na cidade de Jundia\u00ed &#8211; a 60km da capital paulista &#8211; \u00e9 uma empresa\u00a0<b>multiespecializada<\/b>, que cria e comercializa produtos e solu\u00e7\u00f5es para o\u00a0<b>dia a dia das pessoas<\/b>.<\/p>\n<p>Possui um portf\u00f3lio variado, composto por itens voltados para a\u00a0<b>constru\u00e7\u00e3o<\/b>, que v\u00e3o da funda\u00e7\u00e3o da obra ao acabamento, do item t\u00e9cnico ao de decora\u00e7\u00e3o:<\/p>\n<p>A Astra est\u00e1 em constante evolu\u00e7\u00e3o de suas linhas de produtos, por isso busca cada vez mais o desenvolvimento de itens que priorizem o\u00a0<b>design funcional<\/b>, com foco em\u00a0<b>praticidade, beleza e bem-estar<\/b>.<\/p>\n","protected":false},"excerpt":{"rendered":"<p>Conhecida pela combina\u00e7\u00e3o perfeita entre tradi\u00e7\u00e3o e modernidade, a Hydra lan\u00e7a o mecanismo universal. Aliando a qualidade j\u00e1 reconhecida \u00e0 economia de agua, o mecanismo acoplado \u00e9 a solu\u00e7\u00e3o para os mais variados tipos de caixas acopladas que buscam mecanismo moderno e econ\u00f4mico. Al\u00e9m de serem silenciosas, se adaptam a qualquer tipo de caixa acoplada. Possuem op\u00e7\u00e3o de duplo ou simples acionamento e ainda operam em baixa e alta press\u00e3o. Sem contar que respeitam as exig\u00eancias das normas brasileiras.<\/p>\n<div class=\"product-details\">\n<h3 class=\"product-details__title\">Atributos<\/h3>\n<ul class=\"product-detail__list\">\n<li class=\"product-details__list-item\">Silencioso<\/li>\n<li class=\"product-details__list-item\">F\u00e1cil instala\u00e7\u00e3o e adaptabilidade<\/li>\n<li class=\"product-details__list-item\">Para alta e baixa press\u00e3o<\/li>\n<\/ul>\n<\/div>\n<div class=\"product-details\">\n<h3 class=\"product-details__title\">Dimens\u00f5es<\/h3>\n<ul class=\"product-detail__list\">\n<li style=\"list-style-type: none;\">\n<ul class=\"product-detail__list\">\n<li class=\"product-details__list-item\">Altura:\u00a0<em>420mm<\/em><\/li>\n<li class=\"product-details__list-item\">Comprimento:\u00a0<em>145mm<\/em><\/li>\n<li class=\"product-details__list-item\">Largura:\u00a0<em>90mm<\/em><\/li>\n<\/ul>\n<\/li>\n<\/ul>\n<p><small>OBS: Dimens\u00f5es do produto sem embalagem<\/small><\/p>\n<\/div>\n<div class=\"product-details\">\n<h3 class=\"product-details__title\">Dados t\u00e9cnicos<\/h3>\n<ul class=\"product-detail__list\">\n<li class=\"product-details__list-item\">Peso L\u00edquido:\u00a0<em>0.195<\/em><\/li>\n<li class=\"product-details__list-item\">Peso Bruto:\u00a0<em>0.210<\/em><\/li>\n<li class=\"product-details__list-item\">Composi\u00e7\u00e3o B\u00e1sica:\u00a0<em>Pl\u00e1stico de engenharia.<\/em><\/li>\n<\/ul>\n<\/div>\n","protected":false},"featured_media":7842,"comment_status":"open","ping_status":"closed","template":"","meta":[],"product_cat":[1097,312,168],"product_tag":[2400,2492,2493],"_links":{"self":[{"href":"https:\/\/trenaferragens.com.br\/index.php?rest_route=\/wp\/v2\/product\/7841"}],"collection":[{"href":"https:\/\/trenaferragens.com.br\/index.php?rest_route=\/wp\/v2\/product"}],"about":[{"href":"https:\/\/trenaferragens.com.br\/index.php?rest_route=\/wp\/v2\/types\/product"}],"replies":[{"embeddable":true,"href":"https:\/\/trenaferragens.com.br\/index.php?rest_route=%2Fwp%2Fv2%2Fcomments&post=7841"}],"wp:featuredmedia":[{"embeddable":true,"href":"https:\/\/trenaferragens.com.br\/index.php?rest_route=\/wp\/v2\/media\/7842"}],"wp:attachment":[{"href":"https:\/\/trenaferragens.com.br\/index.php?rest_route=%2Fwp%2Fv2%2Fmedia&parent=7841"}],"wp:term":[{"taxonomy":"product_cat","embeddable":true,"href":"https:\/\/trenaferragens.com.br\/index.php?rest_route=%2Fwp%2Fv2%2Fproduct_cat&post=7841"},{"taxonomy":"product_tag","embeddable":true,"href":"https:\/\/trenaferragens.com.br\/index.php?rest_route=%2Fwp%2Fv2%2Fproduct_tag&post=7841"}],"curies":[{"name":"wp","href":"https:\/\/api.w.org\/{rel}","templated":true}]}}