{"id":7866,"date":"2021-07-09T14:22:49","date_gmt":"2021-07-09T14:22:49","guid":{"rendered":"https:\/\/trenaferragens.com.br\/?post_type=product&#038;p=7866"},"modified":"2021-07-09T14:24:58","modified_gmt":"2021-07-09T14:24:58","slug":"abracadeira-economica-tipo-gota","status":"publish","type":"product","link":"https:\/\/trenaferragens.com.br\/?product=abracadeira-economica-tipo-gota","title":{"rendered":"Abra\u00e7adeira Econ\u00f4mica Tipo Gota"},"content":{"rendered":"<div class=\"grid-100\">\n<div>Abra\u00e7adeira Tipo Gota Jandrigues<\/div>\n<div><\/div>\n<div class=\"titPg\">JANDRIGUES<\/div>\n<\/div>\n<div>\n<div class=\"grid-50\">\n<div class=\"textoLongo\">\n<p>A Jandrigues Industrial Ltda, fundada em Junho de 2001 na cidade de Chapec\u00f3, atuando inicialmente no mercado de abra\u00e7adeiras met\u00e1licas. Atendendo a necessidade e expans\u00e3o do mercado nacional, investiu no aprimoramento tecnol\u00f3gico dos produtos e diversificou sua \u00e1rea de atua\u00e7\u00e3o, lan\u00e7ando novos produtos e iniciando em uma nova linha de produtos polim\u00e9ricos.<br \/>\nTransferiu-se em Julho de 2013 para nova e moderna f\u00e1brica, em uma \u00e1rea de 37.000 m2, com 2.500 m2 de \u00e1rea constru\u00edda, para dar continuidade a seu projeto de expans\u00e3o, tendo como objetivo a excel\u00eancia em todos os processos, desde o projeto, desenvolvimento do produto, produ\u00e7\u00e3o, atendimento ao cliente e p\u00f3s venda.<br \/>\nAcreditamos que a qualidade \u00e9 um fator fundamental a qualquer organiza\u00e7\u00e3o, pois est\u00e1 diretamente ligada \u00e0 satisfa\u00e7\u00e3o e fideliza\u00e7\u00e3o do cliente, por isso a JANDRIGUES tem como miss\u00e3o reconhecer sempre a necessidade de seus clientes e busca satisfaz\u00ea-las inovando e mantendo sempre a qualidade de seus produtos.<\/p>\n<\/div>\n<\/div>\n<\/div>\n","protected":false},"excerpt":{"rendered":"<p>Tipo: Gota;<\/p>\n<p>Polegada: 2.1\/2;<\/p>\n<p>Fixa\u00e7\u00e3o r\u00e1pida em tubula\u00e7\u00f5es diversas;<\/p>\n<p>Elevada resist\u00eancia \u00e0 cargas;<\/p>\n<p>C\u00f3digo: 6034<\/p>\n","protected":false},"featured_media":7867,"comment_status":"open","ping_status":"closed","template":"","meta":[],"product_cat":[188,198],"product_tag":[2050,3158,3159],"_links":{"self":[{"href":"https:\/\/trenaferragens.com.br\/index.php?rest_route=\/wp\/v2\/product\/7866"}],"collection":[{"href":"https:\/\/trenaferragens.com.br\/index.php?rest_route=\/wp\/v2\/product"}],"about":[{"href":"https:\/\/trenaferragens.com.br\/index.php?rest_route=\/wp\/v2\/types\/product"}],"replies":[{"embeddable":true,"href":"https:\/\/trenaferragens.com.br\/index.php?rest_route=%2Fwp%2Fv2%2Fcomments&post=7866"}],"wp:featuredmedia":[{"embeddable":true,"href":"https:\/\/trenaferragens.com.br\/index.php?rest_route=\/wp\/v2\/media\/7867"}],"wp:attachment":[{"href":"https:\/\/trenaferragens.com.br\/index.php?rest_route=%2Fwp%2Fv2%2Fmedia&parent=7866"}],"wp:term":[{"taxonomy":"product_cat","embeddable":true,"href":"https:\/\/trenaferragens.com.br\/index.php?rest_route=%2Fwp%2Fv2%2Fproduct_cat&post=7866"},{"taxonomy":"product_tag","embeddable":true,"href":"https:\/\/trenaferragens.com.br\/index.php?rest_route=%2Fwp%2Fv2%2Fproduct_tag&post=7866"}],"curies":[{"name":"wp","href":"https:\/\/api.w.org\/{rel}","templated":true}]}}