{"id":7869,"date":"2021-07-09T14:29:33","date_gmt":"2021-07-09T14:29:33","guid":{"rendered":"https:\/\/trenaferragens.com.br\/?post_type=product&#038;p=7869"},"modified":"2021-07-09T14:29:34","modified_gmt":"2021-07-09T14:29:34","slug":"bobina-aluminio-civitt","status":"publish","type":"product","link":"https:\/\/trenaferragens.com.br\/?product=bobina-aluminio-civitt","title":{"rendered":"Bobina Alum\u00ednio &#8211; CIVITT"},"content":{"rendered":"<p>CIVITT<\/p>\n<div align=\"justify\">\n<p>Em sua extensa trajet\u00f3ria no desafiador mercado brasileiro, a CIVITT nasceu como mais uma demonstra\u00e7\u00e3o da capacidade de adapta\u00e7\u00e3o e de evolu\u00e7\u00e3o de um grupo empresarial que j\u00e1 havia nascido h\u00e1 mais de 30 anos. No decorrer dessas 3 d\u00e9cadas a empresa se reinventou e se transformou, passando de um pequeno fabricante de esquadrias de alum\u00ednio, a atacadista do segmento de constru\u00e7\u00e3o, at\u00e9 sua posi\u00e7\u00e3o atual como uma ind\u00fastria, com produtos que primam pelo design e pela presta\u00e7\u00e3o de servi\u00e7os ao cliente.<\/p>\n<p>A origem do nome CIVITT est\u00e1 na localiza\u00e7\u00e3o da empresa, que se encontra no munic\u00edpio da Serra\/ES, no Centro Industrial de Vit\u00f3ria, que \u00e9 chamada de Civit.<\/p>\n<p>A empresa CIVITT, marca da empresa Europa Comercial Ltda, se faz presente em praticamente todo pa\u00eds, utilizando de produ\u00e7\u00e3o off-shore, com seis diferentes fam\u00edlias de produtos: linha ABS, Alum\u00ednio, galvanizado\/zinco, linha Multiuso, Assentos Sanit\u00e1rios e Estribos em resina.<\/p>\n<p>A empresa tem desenvolvido um amplo programa de planejamento e estrutura\u00e7\u00e3o, visando ampliar significativamente seu mix, e ainda, se consolidar como uma marca consagrada e desejada pelos consumidores brasileiros.<\/p>\n<\/div>\n","protected":false},"excerpt":{"rendered":"<p>TAMANHOS:<\/p>\n<p>20cm x 27,5mt x 0,40mm<\/p>\n<p>30cm x 27.5mt x 0,40mm<\/p>\n<p>40cm x 27.5mt x 0,40mm<\/p>\n<p>50cm x 27.5mt x 0,40mm<\/p>\n<p>60cm x 27.5mt x 0,40mm<\/p>\n<p>80cm x 27.5mt x 0,40mm<\/p>\n<p>APLICA\u00c7\u00d5ES: &#8211; Produ\u00e7\u00e3o de calhas e rufos &#8211; Revestimento de bancada ( para corte de frutas e manipula\u00e7\u00e3o de alimentos &#8211; exig\u00eancias da Vigil\u00e2ncia Sanit\u00e1ria. &#8211; Constru\u00e7\u00e3o civil para pequenos acabamentos &#8211; Produ\u00e7\u00e3o de fundo de gaiola &#8211; Revestimento de mour\u00e3o ( parte superior do mour\u00e3o para impedir o apodrecimento da madeira) &#8211; Revestimento do cocho ( utilizado em fazendas ) &#8211; Produ\u00e7\u00e3o de artefatos de alum\u00ednio, que utilizam a nossa espessura de chapa.<\/p>\n","protected":false},"featured_media":7870,"comment_status":"open","ping_status":"closed","template":"","meta":[],"product_cat":[1138,1148,219,1143],"product_tag":[3160,2788,3161,2543],"_links":{"self":[{"href":"https:\/\/trenaferragens.com.br\/index.php?rest_route=\/wp\/v2\/product\/7869"}],"collection":[{"href":"https:\/\/trenaferragens.com.br\/index.php?rest_route=\/wp\/v2\/product"}],"about":[{"href":"https:\/\/trenaferragens.com.br\/index.php?rest_route=\/wp\/v2\/types\/product"}],"replies":[{"embeddable":true,"href":"https:\/\/trenaferragens.com.br\/index.php?rest_route=%2Fwp%2Fv2%2Fcomments&post=7869"}],"wp:featuredmedia":[{"embeddable":true,"href":"https:\/\/trenaferragens.com.br\/index.php?rest_route=\/wp\/v2\/media\/7870"}],"wp:attachment":[{"href":"https:\/\/trenaferragens.com.br\/index.php?rest_route=%2Fwp%2Fv2%2Fmedia&parent=7869"}],"wp:term":[{"taxonomy":"product_cat","embeddable":true,"href":"https:\/\/trenaferragens.com.br\/index.php?rest_route=%2Fwp%2Fv2%2Fproduct_cat&post=7869"},{"taxonomy":"product_tag","embeddable":true,"href":"https:\/\/trenaferragens.com.br\/index.php?rest_route=%2Fwp%2Fv2%2Fproduct_tag&post=7869"}],"curies":[{"name":"wp","href":"https:\/\/api.w.org\/{rel}","templated":true}]}}