{"id":7873,"date":"2021-07-09T14:34:38","date_gmt":"2021-07-09T14:34:38","guid":{"rendered":"https:\/\/trenaferragens.com.br\/?post_type=product&#038;p=7873"},"modified":"2021-07-09T14:34:39","modified_gmt":"2021-07-09T14:34:39","slug":"chuveiro-eletrico-ideale-4-temperaturas-zagonel","status":"publish","type":"product","link":"https:\/\/trenaferragens.com.br\/?product=chuveiro-eletrico-ideale-4-temperaturas-zagonel","title":{"rendered":"Chuveiro El\u00e9trico Ideale 4 temperaturas &#8211; ZAGONEL"},"content":{"rendered":"<p class=\"categoria-titulo\"><strong>A Zagonel<\/strong><\/p>\n<div class=\"texto\">\n<div class=\"\">\n<p>Design e inova\u00e7\u00e3o para o seu bem-estar. Motivos pelos quais vivemos e constru\u00edmos a trajet\u00f3ria da Zagonel.<\/p>\n<p>Nossa hist\u00f3ria come\u00e7a em 1989, quando os irm\u00e3os Roberto e Luiz Zagonel iniciaram seu pequeno com\u00e9rcio para conserto de eletrodom\u00e9sticos. O neg\u00f3cio local cresceu, come\u00e7ando a trabalhar com a fabrica\u00e7\u00e3o de bombas submersas e aparelhos de eletrifica\u00e7\u00e3o rural. Quando o sonho de empreender somada a oportunidade, fez nascer parte da empresa que conhecemos hoje. Buscando pela constante inova\u00e7\u00e3o, foi lan\u00e7ada a primeira ducha eletr\u00f4nica com regulagem a dist\u00e2ncia do mercado. Vencemos as adversidades atrav\u00e9s de persist\u00eancia e trabalho duro, buscamos nos especializar e acompanhar cada nova tend\u00eancia comercial.<\/p>\n<p>Assim, foi poss\u00edvel perceber os reais desejos e necessidades do nosso p\u00fablico, trazendo inova\u00e7\u00e3o e novas propostas para este neg\u00f3cio. Criamos uma linha de produtos que aliam design e tecnologia, conseguindo assim, crescer com qualidade e com diferencial em um mercado competitivo, possibilitando a certifica\u00e7\u00e3o do ISO 9001, que comprova nossa responsabilidade em atuar de forma correta e dentro das normas.<\/p>\n<\/div>\n<\/div>\n","protected":false},"excerpt":{"rendered":"<div class=\"texto\">O banho ideal em qualquer esta\u00e7\u00e3o do ano!<br \/>\nA ducha Ideale Plus, possui 4 temperaturas, tornando a experi\u00eancia de banho para qualquer momento do ano agrad\u00e1vel.<\/div>\n<div><\/div>\n<div>Nas vers\u00f5es : 127V(5500W) e 220V(6800W)<\/div>\n<div class=\"detalhes\">\n<div class=\"detalhe\">\n<p class=\"nome\">F\u00e1cil instala\u00e7\u00e3o e troca de resist\u00eancia<\/p>\n<\/div>\n<div class=\"detalhe\">\n<p class=\"nome\">Seguran\u00e7a no manuseio<\/p>\n<p>&nbsp;<\/p>\n<\/div>\n<\/div>\n<div class=\"produto-caracteristicas-body\">\n<div class=\"produto-caracteristicas\">\n<h3 class=\"titulo-20\">Caracter\u00edsticas<\/h3>\n<div class=\"caracteristica-texto\">Ducha 4 Temperaturas<br \/>\nPot\u00eancias:<br \/>\n6.800W em 220V<br \/>\n5.500W em 127V.<br \/>\nDucha com acionamento em baixa press\u00e3o de \u00e1gua 1 M.C.A.<br \/>\nF\u00e1cil limpeza do espalhador!<\/div>\n<h3 class=\"titulo-20 titulo-tecnicas anim-delay-05\">Caracter\u00edsticas t\u00e9cnicas<\/h3>\n<div class=\"caracteristicas anim-delay-06\">\n<div class=\"caracteristica\">\n<div class=\"nome\">Modelo &#8211; Ideale Plus<\/div>\n<\/div>\n<div class=\"caracteristica\">\n<div class=\"nome\">Marca -Zagonel<\/div>\n<\/div>\n<div class=\"caracteristica\">\n<div class=\"nome\">Press\u00e3o M\u00ednima de acionamento &#8211; 10 kPa (1 m.c.a.*)<\/div>\n<\/div>\n<div class=\"caracteristica\">\n<div class=\"nome\">Press\u00e3o Est\u00e1tica M\u00e1xima- 400 kPa (40 m.c.a.*)<\/div>\n<\/div>\n<div class=\"caracteristica\">\n<div class=\"nome\">Grau de Prote\u00e7\u00e3o IP 24<\/div>\n<\/div>\n<div class=\"caracteristica\">\n<div class=\"nome\">Di\u00e2metro do espalhador 100mm<\/div>\n<\/div>\n<div class=\"caracteristica\">\n<div class=\"nome\">Resistividade m\u00ednima de \u00e1gua 1.300 \u03a9 x cm<\/div>\n<\/div>\n<div class=\"caracteristica\">\n<div class=\"nome\">Garantia do Produto 12 meses<\/div>\n<\/div>\n<\/div>\n<\/div>\n<\/div>\n","protected":false},"featured_media":7874,"comment_status":"open","ping_status":"closed","template":"","meta":[],"product_cat":[2443,194,168],"product_tag":[3162,2192,3068,3164,3163],"_links":{"self":[{"href":"https:\/\/trenaferragens.com.br\/index.php?rest_route=\/wp\/v2\/product\/7873"}],"collection":[{"href":"https:\/\/trenaferragens.com.br\/index.php?rest_route=\/wp\/v2\/product"}],"about":[{"href":"https:\/\/trenaferragens.com.br\/index.php?rest_route=\/wp\/v2\/types\/product"}],"replies":[{"embeddable":true,"href":"https:\/\/trenaferragens.com.br\/index.php?rest_route=%2Fwp%2Fv2%2Fcomments&post=7873"}],"wp:featuredmedia":[{"embeddable":true,"href":"https:\/\/trenaferragens.com.br\/index.php?rest_route=\/wp\/v2\/media\/7874"}],"wp:attachment":[{"href":"https:\/\/trenaferragens.com.br\/index.php?rest_route=%2Fwp%2Fv2%2Fmedia&parent=7873"}],"wp:term":[{"taxonomy":"product_cat","embeddable":true,"href":"https:\/\/trenaferragens.com.br\/index.php?rest_route=%2Fwp%2Fv2%2Fproduct_cat&post=7873"},{"taxonomy":"product_tag","embeddable":true,"href":"https:\/\/trenaferragens.com.br\/index.php?rest_route=%2Fwp%2Fv2%2Fproduct_tag&post=7873"}],"curies":[{"name":"wp","href":"https:\/\/api.w.org\/{rel}","templated":true}]}}