{"id":7879,"date":"2021-07-09T14:55:16","date_gmt":"2021-07-09T14:55:16","guid":{"rendered":"https:\/\/trenaferragens.com.br\/?post_type=product&#038;p=7879"},"modified":"2021-07-09T14:55:17","modified_gmt":"2021-07-09T14:55:17","slug":"controle-p-ventilador-4x2-1-lampada-deslizante-qv36-qualitronix","status":"publish","type":"product","link":"https:\/\/trenaferragens.com.br\/?product=controle-p-ventilador-4x2-1-lampada-deslizante-qv36-qualitronix","title":{"rendered":"Controle P\/Ventilador 4X2 1 L\u00e2mpada Deslizante QV36 &#8211; QUALITRONIX"},"content":{"rendered":"<p>QUALITRONIX<\/p>\n<p>A\u00a0<strong>Qualitronix Tecnologia Ltda<\/strong>\u00a0vem ampliando o espa\u00e7o comercial de seus produtos com economia nas resid\u00eancias, com\u00e9rcios, ind\u00fastrias e outros empreendimentos. Destaca-se com vantagem competitiva em qualidade, durabilidade e seguran\u00e7a de seus equipamentos. O foco da empresa \u00e9 trabalhar com produtos de valor agregado, economicamente sustent\u00e1veis e preocupa\u00e7\u00e3o social, inspirada na filosofia da \u201cqualidade total a pre\u00e7os competitivos\u201d. Fundada em 1998, iniciou suas atividades na Incubadora de Produtos e Projetos do Instituto Nacional de Telecomunica\u00e7\u00f5es \u2013 Inatel. Demonstrando bom desempenho e capacidade de sobreviv\u00eancia no mercado global, graduou-se em 2001, deixando a Incubadora. Hoje, a Qualitronix solidifica-se com expans\u00e3o em outros ramos, tais como Home Center, Lojas de Produtos de Seguran\u00e7a e Hipermercados \u2013 al\u00e9m do seu mercado, focalizado em materiais de constru\u00e7\u00e3o e materiais el\u00e9tricos. Visando ser reconhecida como empresa \u00e9tica, competitiva, com produtos de qualidade, respeitando seus clientes, colaboradores e fornecedores, obteve o certificado da NBR ISO 9001:2015. Tendo por base a confiabilidade e reconhecimento de seu p\u00fablico, a Qualitronix busca for\u00e7as e mais oportunidades no mercado \u2013 armas estrat\u00e9gicas contra seus concorrentes.<\/p>\n","protected":false},"excerpt":{"rendered":"<p>Controle P\/Ventilador 4X2 1 L\u00e2mpada Deslizante QV36 &#8211; QUALITRONIX<\/p>\n<table class=\"table table-zebra pair-table pair-table-big characteristics-table\">\n<tbody>\n<tr>\n<th class=\"color-default-dark\">Produto<\/th>\n<td class=\"color-default-dark\">Controle de Parede<\/td>\n<\/tr>\n<tr>\n<th class=\"color-default-dark\">Cor<\/th>\n<td class=\"color-default-dark\">Branco<\/td>\n<\/tr>\n<tr>\n<th class=\"color-default-dark\">Tonalidade<\/th>\n<td class=\"color-default-dark\">Branco<\/td>\n<\/tr>\n<tr>\n<th class=\"color-default-dark\">Altura<\/th>\n<td class=\"color-default-dark\">3,5<\/td>\n<\/tr>\n<tr>\n<th class=\"color-default-dark\">Largura<\/th>\n<td class=\"color-default-dark\">11,7 cm<\/td>\n<\/tr>\n<tr>\n<th class=\"color-default-dark\">Marca<\/th>\n<td class=\"color-default-dark\">Qualitronix<\/td>\n<\/tr>\n<tr>\n<th class=\"color-default-dark\">Peso do Produto<\/th>\n<td class=\"color-default-dark\">0,08 Kg<\/td>\n<\/tr>\n<tr>\n<th class=\"color-default-dark\">Garantia do Fabricante<\/th>\n<td class=\"color-default-dark\">3 mese(s)<\/td>\n<\/tr>\n<\/tbody>\n<\/table>\n","protected":false},"featured_media":7882,"comment_status":"open","ping_status":"closed","template":"","meta":[],"product_cat":[1055,194],"product_tag":[3165,2823,3166],"_links":{"self":[{"href":"https:\/\/trenaferragens.com.br\/index.php?rest_route=\/wp\/v2\/product\/7879"}],"collection":[{"href":"https:\/\/trenaferragens.com.br\/index.php?rest_route=\/wp\/v2\/product"}],"about":[{"href":"https:\/\/trenaferragens.com.br\/index.php?rest_route=\/wp\/v2\/types\/product"}],"replies":[{"embeddable":true,"href":"https:\/\/trenaferragens.com.br\/index.php?rest_route=%2Fwp%2Fv2%2Fcomments&post=7879"}],"wp:featuredmedia":[{"embeddable":true,"href":"https:\/\/trenaferragens.com.br\/index.php?rest_route=\/wp\/v2\/media\/7882"}],"wp:attachment":[{"href":"https:\/\/trenaferragens.com.br\/index.php?rest_route=%2Fwp%2Fv2%2Fmedia&parent=7879"}],"wp:term":[{"taxonomy":"product_cat","embeddable":true,"href":"https:\/\/trenaferragens.com.br\/index.php?rest_route=%2Fwp%2Fv2%2Fproduct_cat&post=7879"},{"taxonomy":"product_tag","embeddable":true,"href":"https:\/\/trenaferragens.com.br\/index.php?rest_route=%2Fwp%2Fv2%2Fproduct_tag&post=7879"}],"curies":[{"name":"wp","href":"https:\/\/api.w.org\/{rel}","templated":true}]}}