{"id":7897,"date":"2021-07-09T15:43:24","date_gmt":"2021-07-09T15:43:24","guid":{"rendered":"https:\/\/trenaferragens.com.br\/?post_type=product&#038;p=7897"},"modified":"2021-07-09T17:06:20","modified_gmt":"2021-07-09T17:06:20","slug":"fita-cola-embalagem-transparente-45mmx45mt-flax","status":"publish","type":"product","link":"https:\/\/trenaferragens.com.br\/?product=fita-cola-embalagem-transparente-45mmx45mt-flax","title":{"rendered":"Fita Cola (Embalagem) Transparente 45MMX45MT FLAX"},"content":{"rendered":"<p><strong>FLAX<\/strong><\/p>\n<p>Fitas Flax \u00e9 uma empresa de capital 100% Brasileiro, fundada em 1992, no Rio de Janeiro, com a miss\u00e3o de fabricar e distribuir materiais para fechamento de embalagens.<\/p>\n<p>Fabricamos e convertemos fitas adesivas, lisas e impressas, para fechamento de caixas, fitas crepe, fitas dupla-face, fitas gomadas e filmes stretch. Distribu\u00edmos tamb\u00e9m in\u00fameros outros produtos de embalagem.<\/p>\n<p>Temos capacidade para produzir mais de 13.000.000 m2 por m\u00eas. Nossas fitas usam adesivo Hot Melt, que faz com que nossas fitas tenham excelente qualidade.<\/p>\n","protected":false},"excerpt":{"rendered":"<p>Fita Cola (Embalagem) Transparente 45MMX45MT &#8211; FLAX<\/p>\n<table class=\"andes-table\">\n<tbody class=\"andes-table__body\">\n<tr class=\"andes-table__row\">\n<th class=\"andes-table__header andes-table__header--left ui-pdp-specs__table__column ui-pdp-specs__table__column-title\">Marca<\/th>\n<td class=\"andes-table__column andes-table__column--left ui-pdp-specs__table__column\"><span class=\"andes-table__column--value\">Flax<\/span><\/td>\n<\/tr>\n<tr class=\"andes-table__row\">\n<th class=\"andes-table__header andes-table__header--left ui-pdp-specs__table__column ui-pdp-specs__table__column-title\">Modelo<\/th>\n<td class=\"andes-table__column andes-table__column--left ui-pdp-specs__table__column\"><span class=\"andes-table__column--value\">Fita Flax<\/span><\/td>\n<\/tr>\n<tr class=\"andes-table__row\">\n<th class=\"andes-table__header andes-table__header--left ui-pdp-specs__table__column ui-pdp-specs__table__column-title\">Comprimento x Largura<\/th>\n<td class=\"andes-table__column andes-table__column--left ui-pdp-specs__table__column\"><span class=\"andes-table__column--value\">100 m x 45 mm<\/span><\/td>\n<\/tr>\n<\/tbody>\n<\/table>\n<p>Fita Adesiva Flax Transparente<\/p>\n<p>&nbsp;<\/p>\n<p>&#8211; Rolo com 45m cada;<br \/>\n&#8211; 45 mm de Espessura;<br \/>\n&#8211; Fita HotMelt, com 23 Micras;<br \/>\n&#8211; Cor: Transparente;<br \/>\n&#8211; Marca: Flax;<br \/>\n&#8211; Produto Nacional.<\/p>\n<p>Qualidade Insuper\u00e1vel<br \/>\nUma das melhores fitas do Mercado.<\/p>\n<p>Produzida com adesivos a base de resinas e borracha sint\u00e9tica de alta performance, tendo um excelente tack inicial e alta coes\u00e3o final.<br \/>\nEsta fita adesiva \u00e9 fabricada a partir de um filme de polipropileno bi orientado especialmente concebido para fitas de embalagem, o que resulta em uma maior resist\u00eancia \u00e0 quebra e grande durabilidade.<br \/>\nIdeal para uso manual ou em m\u00e1quinas autom\u00e1ticas. Excelente resist\u00eancia ao alongamento e \u00e0 tra\u00e7\u00e3o, tornando as embalagens inviol\u00e1veis.<\/p>\n","protected":false},"featured_media":7899,"comment_status":"open","ping_status":"closed","template":"","meta":[],"product_cat":[1048,1050,1051],"product_tag":[3177,2412,3178],"_links":{"self":[{"href":"https:\/\/trenaferragens.com.br\/index.php?rest_route=\/wp\/v2\/product\/7897"}],"collection":[{"href":"https:\/\/trenaferragens.com.br\/index.php?rest_route=\/wp\/v2\/product"}],"about":[{"href":"https:\/\/trenaferragens.com.br\/index.php?rest_route=\/wp\/v2\/types\/product"}],"replies":[{"embeddable":true,"href":"https:\/\/trenaferragens.com.br\/index.php?rest_route=%2Fwp%2Fv2%2Fcomments&post=7897"}],"wp:featuredmedia":[{"embeddable":true,"href":"https:\/\/trenaferragens.com.br\/index.php?rest_route=\/wp\/v2\/media\/7899"}],"wp:attachment":[{"href":"https:\/\/trenaferragens.com.br\/index.php?rest_route=%2Fwp%2Fv2%2Fmedia&parent=7897"}],"wp:term":[{"taxonomy":"product_cat","embeddable":true,"href":"https:\/\/trenaferragens.com.br\/index.php?rest_route=%2Fwp%2Fv2%2Fproduct_cat&post=7897"},{"taxonomy":"product_tag","embeddable":true,"href":"https:\/\/trenaferragens.com.br\/index.php?rest_route=%2Fwp%2Fv2%2Fproduct_tag&post=7897"}],"curies":[{"name":"wp","href":"https:\/\/api.w.org\/{rel}","templated":true}]}}