{"id":7931,"date":"2021-07-09T17:36:13","date_gmt":"2021-07-09T17:36:13","guid":{"rendered":"https:\/\/trenaferragens.com.br\/?post_type=product&#038;p=7931"},"modified":"2021-07-09T17:36:14","modified_gmt":"2021-07-09T17:36:14","slug":"resistencia-ideale-zagonel-127v","status":"publish","type":"product","link":"https:\/\/trenaferragens.com.br\/?product=resistencia-ideale-zagonel-127v","title":{"rendered":"Resist\u00eancia Ideale Zagonel 127V"},"content":{"rendered":"<h3 class=\"categoria-titulo\"><strong>Zagonel<\/strong><\/h3>\n<div class=\"texto\">\n<div class=\"\">\n<p>Design e inova\u00e7\u00e3o para o seu bem-estar. Motivos pelos quais vivemos e constru\u00edmos a trajet\u00f3ria da Zagonel.<\/p>\n<p>Nossa hist\u00f3ria come\u00e7a em 1989, quando os irm\u00e3os Roberto e Luiz Zagonel iniciaram seu pequeno com\u00e9rcio para conserto de eletrodom\u00e9sticos. O neg\u00f3cio local cresceu, come\u00e7ando a trabalhar com a fabrica\u00e7\u00e3o de bombas submersas e aparelhos de eletrifica\u00e7\u00e3o rural. Quando o sonho de empreender somada a oportunidade, fez nascer parte da empresa que conhecemos hoje. Buscando pela constante inova\u00e7\u00e3o, foi lan\u00e7ada a primeira ducha eletr\u00f4nica com regulagem a dist\u00e2ncia do mercado. Vencemos as adversidades atrav\u00e9s de persist\u00eancia e trabalho duro, buscamos nos especializar e acompanhar cada nova tend\u00eancia comercial.<\/p>\n<p>Assim, foi poss\u00edvel perceber os reais desejos e necessidades do nosso p\u00fablico, trazendo inova\u00e7\u00e3o e novas propostas para este neg\u00f3cio. Criamos uma linha de produtos que aliam design e tecnologia, conseguindo assim, crescer com qualidade e com diferencial em um mercado competitivo, possibilitando a certifica\u00e7\u00e3o do ISO 9001, que comprova nossa responsabilidade em atuar de forma correta e dentro das normas.<\/p>\n<p>Atualmente nossa estrutura conta com uma \u00e1rea industrial maior de 15.000m\u00b2, empregando mais de 500 colaboradores e atuando em todo o Brasil. O segmento de duchas e torneiras est\u00e1 crescendo cada vez mais, temos um mix de produtos que supre desde duchas e torneiras multitemperaturas at\u00e9 as eletr\u00f4nicas. Lan\u00e7amos dois novos produtos para ampliar ainda mais nosso segmento, s\u00e3o eles: Ducha Ducali (Eletr\u00f4nica, com espalhador grande) e Torneira Luna (4 Temperaturas). Atrav\u00e9s deles temos uma nova concep\u00e7\u00e3o de design em nossa linha de produtos.<\/p>\n<\/div>\n<\/div>\n","protected":false},"excerpt":{"rendered":"<ul class=\"a-unordered-list a-vertical a-spacing-mini\">\n<li>\n<h2 class=\"ui-pdp-description__title\">Descri\u00e7\u00e3o<\/h2>\n<p class=\"ui-pdp-description__content\">Resist\u00eancia Ideale Zagonel 127V\u00a0 Zagonel ORIGINAL<\/p>\n<p>Agora ficou muito mais f\u00e1cil para realizar o reparo de sua Resist\u00eancia Ideale Zagonel 127V.<br \/>\nCom a Resist\u00eancia Ducha Resist\u00eancia Ideale Zagonel 127V, voc\u00ea consegue realizar a troca da resist\u00eancia com muita facilidade e comodidade.<\/p>\n<p>A Resist\u00eancia DuchaResist\u00eancia Ideale Zagonel 127V \u00e9 muito simples de ser instalada, em apenas alguns minutos, voc\u00ea ter\u00e1 sua Ducha pronta para banhos quentes.<\/p>\n<p>Como Realizar a Troca<br \/>\nLembramos que, todo reparo el\u00e9trico, ou instala\u00e7\u00e3o de produto, deve ser realizado exclusivamente por um profissional capacitado.<br \/>\nSiga os passos a seguir para realizar a troca da Resist\u00eancia Ducha Resist\u00eancia Ideale Zagonel 127V:<br \/>\n1. Use equipamentos de prote\u00e7\u00e3o e desligue o disjuntor.<br \/>\n2. Abra a Ducha Zagonel &#8211; Caso necess\u00e1rio, utilize uma chave de fenda para desmontar a Ducha.<br \/>\n3. Desconecte o chuveiro da fia\u00e7\u00e3o el\u00e9trica.<br \/>\n4. Realize a limpeza da C\u00e2mara do Chuveiro Zagonel.<br \/>\n5. Observe a posi\u00e7\u00e3o da resist\u00eancia queimada.<br \/>\n6. Retire a resist\u00eancia queimada e coloque a nova.<br \/>\n7. Feche o chuveiro com cuidado.<br \/>\n8. Ainda com o disjuntor desligado, abra o registro do chuveiro por at\u00e9 2 minutos (Com a energia desligada).<br \/>\n9. Tudo pronto &#8211; Agora \u00e9 s\u00f3 aproveitar sua Ducha Zagonel funcionando perfeitamente.<\/p>\n<p>Instala\u00e7\u00e3o<br \/>\nO produto acompanha manual de instala\u00e7\u00e3o, para realizar uma troca simples e r\u00e1pida.<br \/>\nO fabricante recomenda que a troca seja realizada por um profissional capacitado.<\/p>\n<p>Verifique sempre o modelo de sua ducha\/chuveiro antes de realizar a troca da resist\u00eancia.<\/p>\n<p>Qualidade<br \/>\nResist\u00eancia de excelente qualidade.<br \/>\nProduto Original Zagonel, com garantia de f\u00e1brica.<br \/>\nManual de instru\u00e7\u00f5es de f\u00e1cil entendimento, para que a troca\/reposi\u00e7\u00e3o seja r\u00e1pida e simples.<\/p>\n<p>Instru\u00e7\u00f5es Importantes<br \/>\nVerifique o modelo comprado, se \u00e9 de acordo com o Modelo de sua Ducha ou Chuveiro Zagonel.<br \/>\nDesligue o disjuntor antes de ser instalado o produto, a fim de evitar imprevisto ou a queima do produto.<br \/>\nAp\u00f3s ser instalado, deixe correr \u00e1gua por alguns minutos antes de ser religado o disjuntor de energia.<\/p>\n<p>Importante<br \/>\nEsta resist\u00eancia \u00e9 de uso exclusivo em Duchas Zagonel, n\u00e3o podendo ser utilizado em outras marcas.<\/p>\n<p>Caracter\u00edsticas T\u00e9cnicas<br \/>\nFabricante: Zagonel.<br \/>\nPeso Total: ~100g.<br \/>\nOs objetos que ambientam as imagens n\u00e3o acompanham o produto.<br \/>\nAs cores dos objetos podem sofrer altera\u00e7\u00f5es devido a luminosidade,<\/li>\n<\/ul>\n","protected":false},"featured_media":7932,"comment_status":"open","ping_status":"closed","template":"","meta":[],"product_cat":[194,1062],"product_tag":[3164,2329,3163],"_links":{"self":[{"href":"https:\/\/trenaferragens.com.br\/index.php?rest_route=\/wp\/v2\/product\/7931"}],"collection":[{"href":"https:\/\/trenaferragens.com.br\/index.php?rest_route=\/wp\/v2\/product"}],"about":[{"href":"https:\/\/trenaferragens.com.br\/index.php?rest_route=\/wp\/v2\/types\/product"}],"replies":[{"embeddable":true,"href":"https:\/\/trenaferragens.com.br\/index.php?rest_route=%2Fwp%2Fv2%2Fcomments&post=7931"}],"wp:featuredmedia":[{"embeddable":true,"href":"https:\/\/trenaferragens.com.br\/index.php?rest_route=\/wp\/v2\/media\/7932"}],"wp:attachment":[{"href":"https:\/\/trenaferragens.com.br\/index.php?rest_route=%2Fwp%2Fv2%2Fmedia&parent=7931"}],"wp:term":[{"taxonomy":"product_cat","embeddable":true,"href":"https:\/\/trenaferragens.com.br\/index.php?rest_route=%2Fwp%2Fv2%2Fproduct_cat&post=7931"},{"taxonomy":"product_tag","embeddable":true,"href":"https:\/\/trenaferragens.com.br\/index.php?rest_route=%2Fwp%2Fv2%2Fproduct_tag&post=7931"}],"curies":[{"name":"wp","href":"https:\/\/api.w.org\/{rel}","templated":true}]}}