{"id":7945,"date":"2021-07-09T18:01:45","date_gmt":"2021-07-09T18:01:45","guid":{"rendered":"https:\/\/trenaferragens.com.br\/?post_type=product&#038;p=7945"},"modified":"2021-07-09T18:01:45","modified_gmt":"2021-07-09T18:01:45","slug":"cabo-p-picareta-chibanca-e-alviao-tenace","status":"publish","type":"product","link":"https:\/\/trenaferragens.com.br\/?product=cabo-p-picareta-chibanca-e-alviao-tenace","title":{"rendered":"Cabo P\/Picareta Chibanca e Alvi\u00e3o  TENACE"},"content":{"rendered":"<p><strong>Tenace<\/strong><\/p>\n<p>A Ferramentas Tenace \u00e9 uma empresa de capital totalmente nacional e se dedica, desde 1\u00ba de julho de 1.992, \u00e0 produ\u00e7\u00e3o de fundidos de ferro cinzento e nodular. Sediada em Cl\u00e1udio, Minas Gerais, cidade conhecida como o \u201cMaior Polo de Fundi\u00e7\u00f5es e Metal\u00fargicas da Am\u00e9rica Latina\u201d, atende diversos setores da ind\u00fastria, como constru\u00e7\u00e3o civil, saneamento e agr\u00edcola e oferece um amplo leque de produtos aos melhores e maiores distribuidores do pa\u00eds.<\/p>\n<p>Na Ferramentas Tenace voc\u00ea tem a garantia de estar comprando, al\u00e9m de uma marca, uma tradi\u00e7\u00e3o, que est\u00e1 presente no mercado h\u00e1 mais de duas d\u00e9cadas oferecendo os melhores e mais confi\u00e1veis produtos. Qualidade, pontualidade e as melhores condi\u00e7\u00f5es voc\u00ea encontra na Ferramentas Tenace. Porque o mais importante \u00e9 a satisfa\u00e7\u00e3o dos nossos clientes!<\/p>\n","protected":false},"excerpt":{"rendered":"<div class=\"woocommerce-product-details__short-description\">\n<p>Descri\u00e7\u00e3o Produto: Cabo\u00a0P\/Picareta Chibanca e Alvi\u00e3o &#8211; TENACE<br \/>\nMedida Pe\u00e7a: 1,50 metro<br \/>\nPeso Unit\u00e1rio: 0,67<br \/>\nC\u00f3digo de Barras: 7898281342840<br \/>\nClassifica\u00e7\u00e3o Fiscal: 44170010<br \/>\nEmbalagem: Avulso<\/p>\n<\/div>\n","protected":false},"featured_media":7946,"comment_status":"open","ping_status":"closed","template":"","meta":[],"product_cat":[281,1094],"product_tag":[3186,3188,3189,3187,2817],"_links":{"self":[{"href":"https:\/\/trenaferragens.com.br\/index.php?rest_route=\/wp\/v2\/product\/7945"}],"collection":[{"href":"https:\/\/trenaferragens.com.br\/index.php?rest_route=\/wp\/v2\/product"}],"about":[{"href":"https:\/\/trenaferragens.com.br\/index.php?rest_route=\/wp\/v2\/types\/product"}],"replies":[{"embeddable":true,"href":"https:\/\/trenaferragens.com.br\/index.php?rest_route=%2Fwp%2Fv2%2Fcomments&post=7945"}],"wp:featuredmedia":[{"embeddable":true,"href":"https:\/\/trenaferragens.com.br\/index.php?rest_route=\/wp\/v2\/media\/7946"}],"wp:attachment":[{"href":"https:\/\/trenaferragens.com.br\/index.php?rest_route=%2Fwp%2Fv2%2Fmedia&parent=7945"}],"wp:term":[{"taxonomy":"product_cat","embeddable":true,"href":"https:\/\/trenaferragens.com.br\/index.php?rest_route=%2Fwp%2Fv2%2Fproduct_cat&post=7945"},{"taxonomy":"product_tag","embeddable":true,"href":"https:\/\/trenaferragens.com.br\/index.php?rest_route=%2Fwp%2Fv2%2Fproduct_tag&post=7945"}],"curies":[{"name":"wp","href":"https:\/\/api.w.org\/{rel}","templated":true}]}}