{"id":7949,"date":"2021-07-09T18:12:24","date_gmt":"2021-07-09T18:12:24","guid":{"rendered":"https:\/\/trenaferragens.com.br\/?post_type=product&#038;p=7949"},"modified":"2022-11-07T10:51:59","modified_gmt":"2022-11-07T10:51:59","slug":"conector-industrial-ciwd-weg","status":"publish","type":"product","link":"https:\/\/trenaferragens.com.br\/?product=conector-industrial-ciwd-weg","title":{"rendered":"Conector Industrial CIWD WEG"},"content":{"rendered":"<p>WEG<\/p>\n<p>Ousadia, entusiasmo e comprometimento s\u00e3o caracter\u00edsticas comuns aos tr\u00eas homens que decidiram unir experi\u00eancias em busca de conquistas. Werner Ricardo Voigt, Eggon Jo\u00e3o da Silva e Geraldo Werninghaus compartilharam um sonho que, com muita paix\u00e3o e trabalho, se tornou realidade.<\/p>\n","protected":false},"excerpt":{"rendered":"<div class=\"xtt-product-description\">\n<p>A linha de Plugues e Tomadas Industriais WEG conta com uma gama completa de produtos que atendem os mais diversos ambientes e aplica\u00e7\u00f5es, tanto para a ind\u00fastria quanto para instala\u00e7\u00f5es comerciais de acordo com as especifica\u00e7\u00f5es de conformidade da norma IEC 60309.<\/p>\n<\/div>\n<h4>Corrente nominal:<\/h4>\n<div class=\"row product-info-specs\">\n<h4 class=\"col-xs-12 col-sm-6\">Tipo: Conector Industrial<br \/>\nN\u00famero de Polos: 3 Polos, 4 Polos<\/h4>\n<h4 class=\"col-xs-12 col-sm-6\">Tens\u00e3o Nominal: 200-250 Vca\/cc<\/h4>\n<h4>Corrente Nominal: 16A, 32 A<\/h4>\n<\/div>\n","protected":false},"featured_media":7950,"comment_status":"open","ping_status":"closed","template":"","meta":[],"product_cat":[1055,194],"product_tag":[3193,3194,2894],"_links":{"self":[{"href":"https:\/\/trenaferragens.com.br\/index.php?rest_route=\/wp\/v2\/product\/7949"}],"collection":[{"href":"https:\/\/trenaferragens.com.br\/index.php?rest_route=\/wp\/v2\/product"}],"about":[{"href":"https:\/\/trenaferragens.com.br\/index.php?rest_route=\/wp\/v2\/types\/product"}],"replies":[{"embeddable":true,"href":"https:\/\/trenaferragens.com.br\/index.php?rest_route=%2Fwp%2Fv2%2Fcomments&post=7949"}],"wp:featuredmedia":[{"embeddable":true,"href":"https:\/\/trenaferragens.com.br\/index.php?rest_route=\/wp\/v2\/media\/7950"}],"wp:attachment":[{"href":"https:\/\/trenaferragens.com.br\/index.php?rest_route=%2Fwp%2Fv2%2Fmedia&parent=7949"}],"wp:term":[{"taxonomy":"product_cat","embeddable":true,"href":"https:\/\/trenaferragens.com.br\/index.php?rest_route=%2Fwp%2Fv2%2Fproduct_cat&post=7949"},{"taxonomy":"product_tag","embeddable":true,"href":"https:\/\/trenaferragens.com.br\/index.php?rest_route=%2Fwp%2Fv2%2Fproduct_tag&post=7949"}],"curies":[{"name":"wp","href":"https:\/\/api.w.org\/{rel}","templated":true}]}}