{"id":7952,"date":"2021-07-09T18:25:15","date_gmt":"2021-07-09T18:25:15","guid":{"rendered":"https:\/\/trenaferragens.com.br\/?post_type=product&#038;p=7952"},"modified":"2021-07-09T18:25:15","modified_gmt":"2021-07-09T18:25:15","slug":"disco-de-lixa-115mmx22-23-4-1-2","status":"publish","type":"product","link":"https:\/\/trenaferragens.com.br\/?product=disco-de-lixa-115mmx22-23-4-1-2","title":{"rendered":"Disco de Lixa 115MMx22.23 (4.1\/2)"},"content":{"rendered":"<p><strong>BESTFER<\/strong><\/p>\n<p>Nossa trajet\u00f3ria inicia-se em 2000, no Rio de Janeiro.<\/p>\n<p>&nbsp;<\/p>\n<p>Especializada no mercado brasileiro, a marca Bestfer tornou-se refer\u00eancia nos segmentos de ferramentas e melaminas para o lar.&#8221;<\/p>\n<p>&nbsp;<\/p>\n<p>Com a revis\u00e3o de processos, atualiza\u00e7\u00e3o de conceitos, fortalecimento das marcas, foco nos segmentos de atua\u00e7\u00e3o, consist\u00eancia e continuidade da linha de produtos, apresenta\u00e7\u00e3o de novidades ao mercado nacional, agilidade no atendimento, planejamento estrat\u00e9gico, desenvolvimento de produtos e pessoas, agregamos valor e incrementamos o volume de vendas, contribuindo para os bons neg\u00f3cios e satisfa\u00e7\u00e3o de toda a cadeia de clientes.<\/p>\n<p>&nbsp;<\/p>\n<p>Estamos em constante desenvolvimento, investindo cada vez mais em design, marketing, controle de qualidade e aprimoramento t\u00e9cnico dos produtos.\u00a0Participamos anualmente das principais feiras nacionais e internacionais, para pesquisar as novidades e oferecer ao consumidor brasileiro produtos com o melhor custo-benef\u00edcio.<\/p>\n<p>Nossos itens s\u00e3o comercializados em todo o pa\u00eds atrav\u00e9s de representantes e do atendimento direto. Nossa maior refer\u00eancia e motivo de orgulho s\u00e3o os mais de 3.000 clientes ativos, satisfeitos. Todos trabalhando juntos para que voc\u00ea tenha um produto Bestfer sempre \u00e0 m\u00e3o quando precisar.<\/p>\n<h6><\/h6>\n","protected":false},"excerpt":{"rendered":"<p>&#8211; Adequado para trabalhos de lixar finos e grosseiros, bem como de desbaste, rebarbamento e desenferrujamento de diversos materiais, como metal, madeira, verniz e pedra.<\/p>\n<p>&#8211; Material: \u00d3xido de Alum\u00ednio<\/p>\n<p>&#8211; Gr\u00e3o dispon\u00edvel nas vers\u00f5es 16, 24, 36, 40, 60, 80, 100 e 120<\/p>\n<p>&#8211; 115 x 22 mm<\/p>\n","protected":false},"featured_media":7953,"comment_status":"open","ping_status":"closed","template":"","meta":[],"product_cat":[188,1019,281,1094,1021],"product_tag":[2107,2725,3195],"_links":{"self":[{"href":"https:\/\/trenaferragens.com.br\/index.php?rest_route=\/wp\/v2\/product\/7952"}],"collection":[{"href":"https:\/\/trenaferragens.com.br\/index.php?rest_route=\/wp\/v2\/product"}],"about":[{"href":"https:\/\/trenaferragens.com.br\/index.php?rest_route=\/wp\/v2\/types\/product"}],"replies":[{"embeddable":true,"href":"https:\/\/trenaferragens.com.br\/index.php?rest_route=%2Fwp%2Fv2%2Fcomments&post=7952"}],"wp:featuredmedia":[{"embeddable":true,"href":"https:\/\/trenaferragens.com.br\/index.php?rest_route=\/wp\/v2\/media\/7953"}],"wp:attachment":[{"href":"https:\/\/trenaferragens.com.br\/index.php?rest_route=%2Fwp%2Fv2%2Fmedia&parent=7952"}],"wp:term":[{"taxonomy":"product_cat","embeddable":true,"href":"https:\/\/trenaferragens.com.br\/index.php?rest_route=%2Fwp%2Fv2%2Fproduct_cat&post=7952"},{"taxonomy":"product_tag","embeddable":true,"href":"https:\/\/trenaferragens.com.br\/index.php?rest_route=%2Fwp%2Fv2%2Fproduct_tag&post=7952"}],"curies":[{"name":"wp","href":"https:\/\/api.w.org\/{rel}","templated":true}]}}