{"id":7974,"date":"2021-07-14T17:21:18","date_gmt":"2021-07-14T17:21:18","guid":{"rendered":"https:\/\/trenaferragens.com.br\/?post_type=product&#038;p=7974"},"modified":"2021-07-14T17:35:27","modified_gmt":"2021-07-14T17:35:27","slug":"silicone-spray-mundial","status":"publish","type":"product","link":"https:\/\/trenaferragens.com.br\/?product=silicone-spray-mundial","title":{"rendered":"Silicone Spray Mundial"},"content":{"rendered":"<h2><strong>Aeroflex<\/strong><\/h2>\n<p>H\u00e1 mais de uma d\u00e9cada no mercado, a\u00a0<strong>Aeroflex \u00e9 refer\u00eancia nacional em aeross\u00f3is<\/strong>. Com sua f\u00e1brica na Cidade Industrial de Curitiba (CIC), a empresa est\u00e1 localizada em uma posi\u00e7\u00e3o estrat\u00e9gica, pr\u00f3ximo aos maiores PIBs do Brasil e da Am\u00e9rica do Sul, al\u00e9m das principais rodovias, portos e aeroportos do pa\u00eds, permitindo um atendimento \u00e1gil ao mercado nacional e internacional.<\/p>\n<p>Instalada em uma \u00e1rea de mais de 25 mil m\u00b2, a\u00a0<strong>Aeroflex<\/strong>\u00a0produz cosm\u00e9ticos, saneantes, produtos para festas e t\u00e9cnico-industriais, e suas linhas de produ\u00e7\u00e3o segmentadas possuem capacidade de envasar 30 milh\u00f5es de tubos por ano.<\/p>\n","protected":false},"excerpt":{"rendered":"<div class=\"detalhes1\">\n<p class=\"texto\">Silicone Spray Mundial 100ml e Silicone Spray Mundial 300m &#8211; Aeroflex<\/p>\n<p>produto mant\u00e9m uma pel\u00edcula protetora sobre a superf\u00edcie. Pode ser usado em partes pl\u00e1sticas. D\u00e1 brilho e n\u00e3o deixa as partes de borracha quebradi\u00e7as. Conserva sem ressecar. Tem efeito antiest\u00e1tico (repele o p\u00f3). Protege contatos el\u00e9tricos contra a umidade. Faz correr suavemente: teto de correr, trilhos de bancos, roletes do cinto de seguran\u00e7a. Impede chiados e ru\u00eddos de catraca.<\/p>\n<\/div>\n<div class=\"detalhes2\">\n<h3 class=\"sub-title-h3\"><i><\/i>Instru\u00e7\u00f5es de uso<\/h3>\n<p class=\"texto\">Aplique em pequenas quantidades, espalhando com movimentos circulares. Se necess\u00e1rio, lustre com uma flanela limpa e seca.<\/p>\n<\/div>\n<div class=\"detalhes2\">\n<h3 class=\"sub-title-h3\"><i><\/i>Aplica\u00e7\u00f5es<\/h3>\n<p class=\"texto\">Protege e evita o ressecamento dos pain\u00e9is, bancos de couro, borrachas, canaletas dos vidros, dobradi\u00e7as e fechaduras das portas. Lubrifica dobradi\u00e7as, trilhos de cortinas e persianas, fechaduras e corredi\u00e7as met\u00e1licas de gavetas.<\/p>\n<\/div>\n","protected":false},"featured_media":7975,"comment_status":"open","ping_status":"closed","template":"","meta":[],"product_cat":[1855,1143],"product_tag":[3128,3127,3203,3202],"_links":{"self":[{"href":"https:\/\/trenaferragens.com.br\/index.php?rest_route=\/wp\/v2\/product\/7974"}],"collection":[{"href":"https:\/\/trenaferragens.com.br\/index.php?rest_route=\/wp\/v2\/product"}],"about":[{"href":"https:\/\/trenaferragens.com.br\/index.php?rest_route=\/wp\/v2\/types\/product"}],"replies":[{"embeddable":true,"href":"https:\/\/trenaferragens.com.br\/index.php?rest_route=%2Fwp%2Fv2%2Fcomments&post=7974"}],"wp:featuredmedia":[{"embeddable":true,"href":"https:\/\/trenaferragens.com.br\/index.php?rest_route=\/wp\/v2\/media\/7975"}],"wp:attachment":[{"href":"https:\/\/trenaferragens.com.br\/index.php?rest_route=%2Fwp%2Fv2%2Fmedia&parent=7974"}],"wp:term":[{"taxonomy":"product_cat","embeddable":true,"href":"https:\/\/trenaferragens.com.br\/index.php?rest_route=%2Fwp%2Fv2%2Fproduct_cat&post=7974"},{"taxonomy":"product_tag","embeddable":true,"href":"https:\/\/trenaferragens.com.br\/index.php?rest_route=%2Fwp%2Fv2%2Fproduct_tag&post=7974"}],"curies":[{"name":"wp","href":"https:\/\/api.w.org\/{rel}","templated":true}]}}