{"id":7990,"date":"2021-07-15T13:58:22","date_gmt":"2021-07-15T13:58:22","guid":{"rendered":"https:\/\/trenaferragens.com.br\/?post_type=product&#038;p=7990"},"modified":"2021-07-15T13:58:22","modified_gmt":"2021-07-15T13:58:22","slug":"botina-nobuck-amarrar-pvc-camurca-cafe-rhino","status":"publish","type":"product","link":"https:\/\/trenaferragens.com.br\/?product=botina-nobuck-amarrar-pvc-camurca-cafe-rhino","title":{"rendered":"Botina Nobuck Amarrar PVC Camur\u00e7a Caf\u00e9 Rhino"},"content":{"rendered":"<h3>RHINO<\/h3>\n<p>Somos uma Empresa especializada em cal\u00e7ados de seguran\u00e7a com design arrojado e muito confort\u00e1veis, a\u00a0<strong>Rhino <\/strong>figura hoje entre as principais empresas de cal\u00e7ados de seguran\u00e7a do pa\u00eds.<br \/>\nFabricado por profissionais capacitados e com as melhores mat\u00e9rias-primas, os cal\u00e7ados Rhino s\u00e3o produzidos na cidade de Prudent\u00f3polis \u2013 Pr<\/p>\n<p>Nossos produtos atendem os\u00a0<strong>requisitos mais complexos, cobrindo os mais variados ambientes de uso.<\/strong><\/p>\n","protected":false},"excerpt":{"rendered":"<p>Cal\u00e7ado de seguran\u00e7a tipo Bota, cabedal em Camur\u00e7a caf\u00e9, constitu\u00eddo de g\u00e1spea em camur\u00e7a, traseira em camur\u00e7a, lingueta em material dupla frontura, colarinho forrado e estofado, fechamento atrav\u00e9s de atacadores, palmilha de montagem fixada pelo sistema strobel, confeccionada em material n\u00e3o tecido, forra\u00e7\u00e3o em material n\u00e3o tecido, forma ergon\u00f4mica (alto conforto), solado \u00e0 base de PU (Poliuretano), antiderrapante, absor\u00e7\u00e3o de impacto na regi\u00e3o do calcanhar, resistente a \u00f3leo combust\u00edvel.<\/p>\n<p>Dispon\u00edveis nos tamanhos : 38, 39, 40, 41, 42, 43 e 44<\/p>\n<p><span class=\"detail-label\">CATEGORIA :\u00a0<\/span><span class=\"detail-content\">LINHA CAMUR\u00c7A\u00a0<\/span><\/p>\n","protected":false},"featured_media":7993,"comment_status":"open","ping_status":"closed","template":"","meta":[],"product_cat":[1132,1127,1143],"product_tag":[3213,3214,2257,3215,3216],"_links":{"self":[{"href":"https:\/\/trenaferragens.com.br\/index.php?rest_route=\/wp\/v2\/product\/7990"}],"collection":[{"href":"https:\/\/trenaferragens.com.br\/index.php?rest_route=\/wp\/v2\/product"}],"about":[{"href":"https:\/\/trenaferragens.com.br\/index.php?rest_route=\/wp\/v2\/types\/product"}],"replies":[{"embeddable":true,"href":"https:\/\/trenaferragens.com.br\/index.php?rest_route=%2Fwp%2Fv2%2Fcomments&post=7990"}],"wp:featuredmedia":[{"embeddable":true,"href":"https:\/\/trenaferragens.com.br\/index.php?rest_route=\/wp\/v2\/media\/7993"}],"wp:attachment":[{"href":"https:\/\/trenaferragens.com.br\/index.php?rest_route=%2Fwp%2Fv2%2Fmedia&parent=7990"}],"wp:term":[{"taxonomy":"product_cat","embeddable":true,"href":"https:\/\/trenaferragens.com.br\/index.php?rest_route=%2Fwp%2Fv2%2Fproduct_cat&post=7990"},{"taxonomy":"product_tag","embeddable":true,"href":"https:\/\/trenaferragens.com.br\/index.php?rest_route=%2Fwp%2Fv2%2Fproduct_tag&post=7990"}],"curies":[{"name":"wp","href":"https:\/\/api.w.org\/{rel}","templated":true}]}}