{"id":8031,"date":"2021-07-28T17:07:07","date_gmt":"2021-07-28T17:07:07","guid":{"rendered":"https:\/\/trenaferragens.com.br\/?post_type=product&#038;p=8031"},"modified":"2021-07-28T17:07:08","modified_gmt":"2021-07-28T17:07:08","slug":"durepoxi","status":"publish","type":"product","link":"https:\/\/trenaferragens.com.br\/?product=durepoxi","title":{"rendered":"Durepoxi"},"content":{"rendered":"<h3>Loctite<\/h3>\n<p>Loctite \u00e9 l\u00edder mundial em adesivos de alta performance, vedantes e produtos para o tratamento de superf\u00edcies. A marca destaca-se pela tecnologia revolucion\u00e1ria, oferece solu\u00e7\u00f5es que satisfazem os nossos objetivos ao proporcionar os adesivos mais eficientes, resistentes, fortes e duradouros. Saiba mais sobre a nossa extensa gama de produtos para seus projetos industriais mais exigentes.<\/p>\n<p>Al\u00e9m da tecnologia industrial, a marca tamb\u00e9m est\u00e1 presente nos adesivos voltados para o consumidor final &#8211; Loctite Super Bonder e Durepoxi, com produtos multiuso e ideais para colagem de diversos materiais.<\/p>\n","protected":false},"excerpt":{"rendered":"<h3>Descri\u00e7\u00e3o<\/h3>\n<ul class=\"a-unordered-list a-vertical a-spacing-mini\">\n<li><span class=\"a-list-item\">Solda com praticidade, rapidez e seguran\u00e7a<\/span><\/li>\n<li><span class=\"a-list-item\">Extraforte e resistente<\/span><\/li>\n<li><span class=\"a-list-item\">Ideal para uso dom\u00e9stico, profissional e artesanato<\/span><\/li>\n<li><span class=\"a-list-item\">Endurece at\u00e9 debaixo d\u2019\u00e1gua<\/span><\/li>\n<li><span class=\"a-list-item\">Resistente a temperaturas (-50\u00baC a +150\u00baC)<\/span><\/li>\n<li><span class=\"a-list-item\">Pode ser pintado, envernizando, serrado ou lixado<\/span><\/li>\n<li><span class=\"a-list-item\">Dispon\u00edvel em 100g e 50g<\/span><\/li>\n<\/ul>\n","protected":false},"featured_media":8032,"comment_status":"open","ping_status":"closed","template":"","meta":[],"product_cat":[1023,1034,1852,1094],"product_tag":[3228,3229,3212],"_links":{"self":[{"href":"https:\/\/trenaferragens.com.br\/index.php?rest_route=\/wp\/v2\/product\/8031"}],"collection":[{"href":"https:\/\/trenaferragens.com.br\/index.php?rest_route=\/wp\/v2\/product"}],"about":[{"href":"https:\/\/trenaferragens.com.br\/index.php?rest_route=\/wp\/v2\/types\/product"}],"replies":[{"embeddable":true,"href":"https:\/\/trenaferragens.com.br\/index.php?rest_route=%2Fwp%2Fv2%2Fcomments&post=8031"}],"wp:featuredmedia":[{"embeddable":true,"href":"https:\/\/trenaferragens.com.br\/index.php?rest_route=\/wp\/v2\/media\/8032"}],"wp:attachment":[{"href":"https:\/\/trenaferragens.com.br\/index.php?rest_route=%2Fwp%2Fv2%2Fmedia&parent=8031"}],"wp:term":[{"taxonomy":"product_cat","embeddable":true,"href":"https:\/\/trenaferragens.com.br\/index.php?rest_route=%2Fwp%2Fv2%2Fproduct_cat&post=8031"},{"taxonomy":"product_tag","embeddable":true,"href":"https:\/\/trenaferragens.com.br\/index.php?rest_route=%2Fwp%2Fv2%2Fproduct_tag&post=8031"}],"curies":[{"name":"wp","href":"https:\/\/api.w.org\/{rel}","templated":true}]}}