{"id":8043,"date":"2021-08-17T19:12:29","date_gmt":"2021-08-17T19:12:29","guid":{"rendered":"https:\/\/trenaferragens.com.br\/?post_type=product&#038;p=8043"},"modified":"2021-08-17T19:12:31","modified_gmt":"2021-08-17T19:12:31","slug":"dobradica-pino-solto-real","status":"publish","type":"product","link":"https:\/\/trenaferragens.com.br\/?product=dobradica-pino-solto-real","title":{"rendered":"Dobradi\u00e7a Pino Solto Real"},"content":{"rendered":"<h1><b>METAL\u00daRGICA LOTH<\/b><\/h1>\n<p>A <strong>Metal\u00fargica Loth<\/strong>\u00a0foi fundada em 22 de maio de 1954, pelos senhores Alfredo Rodolfo Schoenardie, Arno Lauer, D\u00e9cio Gomes Pereira, Pedro Walter Loth e Willy Edgar Weis, com a raz\u00e3o social denominada Loth, Schoenardie &amp; Cia. Ltda e nome fantasia Metal\u00fargica Real.<\/p>\n<p>Sua primeira sede estava situada no centro da localidade de Sapiranga, ent\u00e3o distrito de S\u00e3o Leopoldo no estado do Rio Grande do Sul a epoca, do qual viria a se emancipar em 28 de fevereiro de 1955.<\/p>\n<p>Em 31 de outubro de 1990 realizou uma altera\u00e7\u00e3o contratual, e deste ent\u00e3o sua raz\u00e3o social passou para Metal\u00fargica Loth Ltda., ocasi\u00e3o em que a empresa passou a utilizar al\u00e9m da marca\u00a0<strong>Real<\/strong>, tamb\u00e9m a marca\u00a0<b>Loth<\/b>. Em 1997 a empresa se transferiu para novas e modernas instala\u00e7\u00f5es, situada na Rua Borges de Medeiros, n\u00b0 1010, no Bairro Santa F\u00e9 onde se mant\u00e9m at\u00e9 hoje.<\/p>\n","protected":false},"excerpt":{"rendered":"<p>Dispon\u00edvel na vers\u00e3o F.L.O nos tamanhos:<\/p>\n<ul>\n<li>3 x 2,5<\/li>\n<li>3 x 3,0<\/li>\n<\/ul>\n<p>Dispon\u00edvel na vers\u00e3o Zincada nos tamanhos:<\/p>\n<ul>\n<li>1,5<\/li>\n<li>2,0<\/li>\n<li>2,5<\/li>\n<li>3<\/li>\n<li>3,5<\/li>\n<li>3 x 2,5<\/li>\n<li>3 x 3,0<\/li>\n<li>4,0<\/li>\n<\/ul>\n<p>&nbsp;<\/p>\n","protected":false},"featured_media":8044,"comment_status":"open","ping_status":"closed","template":"","meta":[],"product_cat":[1070,198],"product_tag":[3230,3231,3235,3233,3234,3232],"_links":{"self":[{"href":"https:\/\/trenaferragens.com.br\/index.php?rest_route=\/wp\/v2\/product\/8043"}],"collection":[{"href":"https:\/\/trenaferragens.com.br\/index.php?rest_route=\/wp\/v2\/product"}],"about":[{"href":"https:\/\/trenaferragens.com.br\/index.php?rest_route=\/wp\/v2\/types\/product"}],"replies":[{"embeddable":true,"href":"https:\/\/trenaferragens.com.br\/index.php?rest_route=%2Fwp%2Fv2%2Fcomments&post=8043"}],"wp:featuredmedia":[{"embeddable":true,"href":"https:\/\/trenaferragens.com.br\/index.php?rest_route=\/wp\/v2\/media\/8044"}],"wp:attachment":[{"href":"https:\/\/trenaferragens.com.br\/index.php?rest_route=%2Fwp%2Fv2%2Fmedia&parent=8043"}],"wp:term":[{"taxonomy":"product_cat","embeddable":true,"href":"https:\/\/trenaferragens.com.br\/index.php?rest_route=%2Fwp%2Fv2%2Fproduct_cat&post=8043"},{"taxonomy":"product_tag","embeddable":true,"href":"https:\/\/trenaferragens.com.br\/index.php?rest_route=%2Fwp%2Fv2%2Fproduct_tag&post=8043"}],"curies":[{"name":"wp","href":"https:\/\/api.w.org\/{rel}","templated":true}]}}