{"id":8066,"date":"2021-08-17T19:38:54","date_gmt":"2021-08-17T19:38:54","guid":{"rendered":"https:\/\/trenaferragens.com.br\/?post_type=product&#038;p=8066"},"modified":"2021-08-17T19:43:00","modified_gmt":"2021-08-17T19:43:00","slug":"rolo-de-la-com-cabo-sintetico","status":"publish","type":"product","link":"https:\/\/trenaferragens.com.br\/?product=rolo-de-la-com-cabo-sintetico","title":{"rendered":"Rolo de L\u00e3 com Cabo Sint\u00e9tico"},"content":{"rendered":"<h2>TIGRE PINCEIS<\/h2>\n<p>Multinacional brasileira, l\u00edder nos diversos mercados em que atua, a Tigre \u00e9 sin\u00f4nimo de pioneirismo e inova\u00e7\u00e3o. A marca oferece produtos que atendem os mercados predial, de infraestrutura, de irriga\u00e7\u00e3o e industrial. O grupo est\u00e1 presente em cerca de 40 pa\u00edses, possui sete mil funcion\u00e1rios, nove plantas no Brasil e 13 no exterior. Al\u00e9m de tubos e conex\u00f5es, tamb\u00e9m fazem parte do portf\u00f3lio as marcas Tigre Ferramentas para Pintura e Tigre-ADS, com tubula\u00e7\u00f5es de PEAD para saneamento e drenagem.<\/p>\n","protected":false},"excerpt":{"rendered":"<div class=\"col-xs-12 col-md-6\">\n<div class=\"col-xs-12 col-md-6\">\n<h3 class=\"h4 product-description-sub\">BENEF\u00cdCIOS<\/h3>\n<p><b>Descri\u00e7\u00e3o:\u00a0<\/b>Rolo de L\u00e3 Sint\u00e9tica RESIF\u00c1CIL<\/p>\n<p><b>Tinta:\u00a0<\/b>Resina, Ep\u00f3xi, Esmalte e \u00d3leo<\/p>\n<p><b>Superf\u00edcies:\u00a0<\/b>Metal e Superf\u00edcies Lisas em geral<\/p>\n<p><b>Composi\u00e7\u00e3o:\u00a0<\/b>L\u00e3 Sint\u00e9tica<\/p>\n<p><b>Altura da L\u00e3:\u00a0<\/b>6mm<\/p>\n<h3 class=\"h4 product-description-sub\">TAMANHO<\/h3>\n<p><strong>9cm &#8211; 15cm<\/strong><\/p>\n<p>&nbsp;<\/p>\n<\/div>\n<\/div>\n","protected":false},"featured_media":8067,"comment_status":"open","ping_status":"closed","template":"","meta":[],"product_cat":[1849,1122,178],"product_tag":[3244,3240,3241,3242,3243,3105],"_links":{"self":[{"href":"https:\/\/trenaferragens.com.br\/index.php?rest_route=\/wp\/v2\/product\/8066"}],"collection":[{"href":"https:\/\/trenaferragens.com.br\/index.php?rest_route=\/wp\/v2\/product"}],"about":[{"href":"https:\/\/trenaferragens.com.br\/index.php?rest_route=\/wp\/v2\/types\/product"}],"replies":[{"embeddable":true,"href":"https:\/\/trenaferragens.com.br\/index.php?rest_route=%2Fwp%2Fv2%2Fcomments&post=8066"}],"wp:featuredmedia":[{"embeddable":true,"href":"https:\/\/trenaferragens.com.br\/index.php?rest_route=\/wp\/v2\/media\/8067"}],"wp:attachment":[{"href":"https:\/\/trenaferragens.com.br\/index.php?rest_route=%2Fwp%2Fv2%2Fmedia&parent=8066"}],"wp:term":[{"taxonomy":"product_cat","embeddable":true,"href":"https:\/\/trenaferragens.com.br\/index.php?rest_route=%2Fwp%2Fv2%2Fproduct_cat&post=8066"},{"taxonomy":"product_tag","embeddable":true,"href":"https:\/\/trenaferragens.com.br\/index.php?rest_route=%2Fwp%2Fv2%2Fproduct_tag&post=8066"}],"curies":[{"name":"wp","href":"https:\/\/api.w.org\/{rel}","templated":true}]}}