{"id":8104,"date":"2021-08-18T17:02:09","date_gmt":"2021-08-18T17:02:09","guid":{"rendered":"https:\/\/trenaferragens.com.br\/?post_type=product&#038;p=8104"},"modified":"2021-08-18T17:03:29","modified_gmt":"2021-08-18T17:03:29","slug":"esquadro-cabo-pvc-12","status":"publish","type":"product","link":"https:\/\/trenaferragens.com.br\/?product=esquadro-cabo-pvc-12","title":{"rendered":"Esquadro Cabo PVC 12&#8243;"},"content":{"rendered":"<h2><strong>MAXFERRAMENTAS<\/strong><\/h2>\n<h4>A FERRAMENTA CERTA. SEMPRE.<\/h4>\n<p>Fundada em 1987, a Max Ferramentas \u00e9 reconhecida na Am\u00e9rica Latina pela qualidade de seus produtos, respeito aos seus clientes e parceria positiva com distribuidores e atacadistas.<\/p>\n<p>Atuando nos segmentos da constru\u00e7\u00e3o civil, jardinagem e agricultura, sendo respons\u00e1vel pela fabrica\u00e7\u00e3o de todos os produtos comercializados, a Max possui o desejo de cada vez mais estar presente no dia a dia das pessoas, facilitando o seu trabalho.<\/p>\n","protected":false},"excerpt":{"rendered":"<p><strong>Marca:<\/strong> Max<\/p>\n<p><strong>Tamanho:<\/strong> polegadas 12<\/p>\n<p><strong>Material<\/strong>: A\u00e7o<\/p>\n<p>Est\u00e1 em busca de ESQUADRO CABO PVC MAX 12&#8243;? Acabou de encontrar! O ESQUADRO CABO PVC MAX 12&#8243; \u00e9 ideal para voc\u00ea que busca as melhores solu\u00e7\u00f5es e o melhor pre\u00e7o do mercado!<\/p>\n<p>Aqui na Net El\u00e9trica voc\u00ea consegue comprar o ESQUADRO CABO PVC MAX 12&#8243; com os melhores benef\u00edcios do mercado, ent\u00e3o, n\u00e3o perca!<\/p>\n<p>O <strong>esquadro para pedreiro e carpinteiro<\/strong>,\u00a0<strong>esquadro de alum\u00ednio<\/strong>\u00a0ou\u00a0<strong>esquadro de pl\u00e1stico PVC<\/strong>, serve para fazer as marca\u00e7\u00f5es das mudan\u00e7as de dire\u00e7\u00e3o na alvenaria. Os \u00e2ngulos dessas mudan\u00e7a podem ser de 90\u00ba, 45\u00ba ou 30\u00ba, sendo mais comuns as mudan\u00e7as de 90\u00ba. Ou seja: o <strong>esquadro<\/strong> \u00e9 quem determina se as paredes, pisos ou quaisquer encontros entre superf\u00edcies est\u00e3o alinhados. Tamb\u00e9m \u00e9 muito utilizado na \u00e1rea de\u00a0<strong>carpintaria<\/strong>\u00a0para realizar encaixes perfeitos.<\/p>\n","protected":false},"featured_media":8098,"comment_status":"open","ping_status":"closed","template":"","meta":[],"product_cat":[1852,281,1094,1085,1086],"product_tag":[3254,2358,3258],"_links":{"self":[{"href":"https:\/\/trenaferragens.com.br\/index.php?rest_route=\/wp\/v2\/product\/8104"}],"collection":[{"href":"https:\/\/trenaferragens.com.br\/index.php?rest_route=\/wp\/v2\/product"}],"about":[{"href":"https:\/\/trenaferragens.com.br\/index.php?rest_route=\/wp\/v2\/types\/product"}],"replies":[{"embeddable":true,"href":"https:\/\/trenaferragens.com.br\/index.php?rest_route=%2Fwp%2Fv2%2Fcomments&post=8104"}],"wp:featuredmedia":[{"embeddable":true,"href":"https:\/\/trenaferragens.com.br\/index.php?rest_route=\/wp\/v2\/media\/8098"}],"wp:attachment":[{"href":"https:\/\/trenaferragens.com.br\/index.php?rest_route=%2Fwp%2Fv2%2Fmedia&parent=8104"}],"wp:term":[{"taxonomy":"product_cat","embeddable":true,"href":"https:\/\/trenaferragens.com.br\/index.php?rest_route=%2Fwp%2Fv2%2Fproduct_cat&post=8104"},{"taxonomy":"product_tag","embeddable":true,"href":"https:\/\/trenaferragens.com.br\/index.php?rest_route=%2Fwp%2Fv2%2Fproduct_tag&post=8104"}],"curies":[{"name":"wp","href":"https:\/\/api.w.org\/{rel}","templated":true}]}}