{"id":8138,"date":"2021-08-18T20:35:33","date_gmt":"2021-08-18T20:35:33","guid":{"rendered":"https:\/\/trenaferragens.com.br\/?post_type=product&#038;p=8138"},"modified":"2021-08-18T20:35:57","modified_gmt":"2021-08-18T20:35:57","slug":"varal-pratico-recolhivel","status":"publish","type":"product","link":"https:\/\/trenaferragens.com.br\/?product=varal-pratico-recolhivel","title":{"rendered":"Varal Pr\u00e1tico Recolh\u00edvel"},"content":{"rendered":"<h1><strong>Varal Pr\u00e1tico<\/strong><\/h1>\n<p>&nbsp;<\/p>\n<p>O Varal Pr\u00e1tico 3R\u00ae \u00e9 a maneira mais inteligente de pendurar suas roupas sem perder espa\u00e7o! Regul\u00e1vel, Recolh\u00edvel e Remov\u00edvel conta com 2 suportes de parede para que voc\u00ea possa utiliz\u00e1-lo em 2 ambientes diferentes. E o melhor: na hora que precisar do seu espa\u00e7o livre, basta retir\u00e1-lo e guard\u00e1-lo de maneira muito simples e pr\u00e1tica. Chega de problemas para estender suas roupas!<\/p>\n","protected":false},"excerpt":{"rendered":"<p><strong>Descri\u00e7\u00e3o: <\/strong>Ideal para \u00e1reas de servi\u00e7o, lavanderias e ambientes pequenos, pois \u00e9 um produto totalmente retr\u00e1til, pr\u00e1tico e de f\u00e1cil instala\u00e7\u00e3o. N\u00e3o ocupa espa\u00e7o, pois a corda fica dentro do varal quando elas n\u00e3o est\u00e1 sendo utilizada.<\/p>\n<h3><strong>Tamanhos Dispon\u00edveis: <\/strong>30CM 3R&#8217;s e 15CM 2R&#8217;s<\/h3>\n<table class=\"description__box--wildSand\">\n<tbody>\n<tr>\n<td class=\"description__information-left\">Informa\u00e7\u00f5es complementares<\/td>\n<td class=\"description__information-right\">\n<table class=\"description__box\" style=\"height: 30px;\" width=\"141\">\n<tbody>\n<tr>\n<td class=\"description__information-box-left\">Marca<\/td>\n<td class=\"description__information-box-right\">Varal Pr\u00e1tico<\/td>\n<\/tr>\n<\/tbody>\n<\/table>\n<table class=\"description__box\" style=\"height: 30px;\" width=\"142\">\n<tbody>\n<tr>\n<td class=\"description__information-box-left\">Tipo<\/td>\n<td class=\"description__information-box-right\">Retr\u00e1til<\/td>\n<\/tr>\n<\/tbody>\n<\/table>\n<\/td>\n<\/tr>\n<\/tbody>\n<\/table>\n","protected":false},"featured_media":8140,"comment_status":"open","ping_status":"closed","template":"","meta":[],"product_cat":[1034],"product_tag":[],"_links":{"self":[{"href":"https:\/\/trenaferragens.com.br\/index.php?rest_route=\/wp\/v2\/product\/8138"}],"collection":[{"href":"https:\/\/trenaferragens.com.br\/index.php?rest_route=\/wp\/v2\/product"}],"about":[{"href":"https:\/\/trenaferragens.com.br\/index.php?rest_route=\/wp\/v2\/types\/product"}],"replies":[{"embeddable":true,"href":"https:\/\/trenaferragens.com.br\/index.php?rest_route=%2Fwp%2Fv2%2Fcomments&post=8138"}],"wp:featuredmedia":[{"embeddable":true,"href":"https:\/\/trenaferragens.com.br\/index.php?rest_route=\/wp\/v2\/media\/8140"}],"wp:attachment":[{"href":"https:\/\/trenaferragens.com.br\/index.php?rest_route=%2Fwp%2Fv2%2Fmedia&parent=8138"}],"wp:term":[{"taxonomy":"product_cat","embeddable":true,"href":"https:\/\/trenaferragens.com.br\/index.php?rest_route=%2Fwp%2Fv2%2Fproduct_cat&post=8138"},{"taxonomy":"product_tag","embeddable":true,"href":"https:\/\/trenaferragens.com.br\/index.php?rest_route=%2Fwp%2Fv2%2Fproduct_tag&post=8138"}],"curies":[{"name":"wp","href":"https:\/\/api.w.org\/{rel}","templated":true}]}}