{"id":8162,"date":"2021-08-19T20:11:18","date_gmt":"2021-08-19T20:11:18","guid":{"rendered":"https:\/\/trenaferragens.com.br\/?post_type=product&#038;p=8162"},"modified":"2023-12-16T21:44:34","modified_gmt":"2023-12-16T21:44:34","slug":"prego-de-aco-com-cabeca-niquelado-c-100-unidades","status":"publish","type":"product","link":"https:\/\/trenaferragens.com.br\/?product=prego-de-aco-com-cabeca-niquelado-c-100-unidades","title":{"rendered":"Prego de A\u00e7o com Cabe\u00e7a Niquelado (C\/100 Unidades)"},"content":{"rendered":"<h2><strong>Multifix<\/strong><\/h2>\n<p>A Multifix \u00e9 uma empresa especializada na fabrica\u00e7\u00e3o e comercializa\u00e7\u00e3o de embalagens industriais. Busca sempre a excel\u00eancia no atendimento, a qualidade e o desenvolvimento de novos produtos afim de adequar as necessidades dos clientes e as exig\u00eancias do mercado. \u00c9 especialista na produ\u00e7\u00e3o da Linha de Prego Coil Eletrosoldado e toda Linha de Grampos Industriais. Tamb\u00e9m \u00e9 distribuidora de amplo mix de produtos para fechamento de embalagens industriais como pregos de a\u00e7o (temperado e niquelado), pregadores, grampeadores, fita adesiva, filme strech, fita para arquear, seladores e muito mais.<\/p>\n","protected":false},"excerpt":{"rendered":"<h1 class=\"description\"><strong>Descri\u00e7\u00e3o<\/strong><\/h1>\n<p class=\"description\">Prego de a\u00e7o niquelado, 3X mais resistente que o galvanizado, indicado para superf\u00edcie resistente como concreto, blocos e alvenaria em geral. Possui grande resist\u00eancia \u00e0 oxida\u00e7\u00e3o.<\/p>\n<div class=\"tables\">\n<table class=\"techinical-information\">\n<tbody>\n<tr>\n<td>Fabricante<\/td>\n<td class=\"value\">Multifix<\/td>\n<\/tr>\n<tr>\n<td>Material<\/td>\n<td class=\"value\">A\u00e7o temperado, com cabe\u00e7a e acabamento niquelado<\/td>\n<\/tr>\n<tr>\n<td>Indica\u00e7\u00e3o de uso<\/td>\n<td class=\"value\">Indicado para superf\u00edcie resistente como concreto, blocos e alvenaria em geral.<\/td>\n<\/tr>\n<\/tbody>\n<\/table>\n<\/div>\n","protected":false},"featured_media":8163,"comment_status":"open","ping_status":"closed","template":"","meta":[],"product_cat":[198,1075],"product_tag":[3288,3290,3289,3287],"_links":{"self":[{"href":"https:\/\/trenaferragens.com.br\/index.php?rest_route=\/wp\/v2\/product\/8162"}],"collection":[{"href":"https:\/\/trenaferragens.com.br\/index.php?rest_route=\/wp\/v2\/product"}],"about":[{"href":"https:\/\/trenaferragens.com.br\/index.php?rest_route=\/wp\/v2\/types\/product"}],"replies":[{"embeddable":true,"href":"https:\/\/trenaferragens.com.br\/index.php?rest_route=%2Fwp%2Fv2%2Fcomments&post=8162"}],"wp:featuredmedia":[{"embeddable":true,"href":"https:\/\/trenaferragens.com.br\/index.php?rest_route=\/wp\/v2\/media\/8163"}],"wp:attachment":[{"href":"https:\/\/trenaferragens.com.br\/index.php?rest_route=%2Fwp%2Fv2%2Fmedia&parent=8162"}],"wp:term":[{"taxonomy":"product_cat","embeddable":true,"href":"https:\/\/trenaferragens.com.br\/index.php?rest_route=%2Fwp%2Fv2%2Fproduct_cat&post=8162"},{"taxonomy":"product_tag","embeddable":true,"href":"https:\/\/trenaferragens.com.br\/index.php?rest_route=%2Fwp%2Fv2%2Fproduct_tag&post=8162"}],"curies":[{"name":"wp","href":"https:\/\/api.w.org\/{rel}","templated":true}]}}