{"id":8169,"date":"2021-08-20T20:23:28","date_gmt":"2021-08-20T20:23:28","guid":{"rendered":"https:\/\/trenaferragens.com.br\/?post_type=product&#038;p=8169"},"modified":"2021-08-23T19:42:36","modified_gmt":"2021-08-23T19:42:36","slug":"bacia-inox-cs430-n1-sem-valvula-pianox","status":"publish","type":"product","link":"https:\/\/trenaferragens.com.br\/?product=bacia-inox-cs430-n1-sem-valvula-pianox","title":{"rendered":"Bacia Inox CS304 N\u00b01 com V\u00e1lvula A.Brilho \u2013 PIANOX"},"content":{"rendered":"<h2><strong>PIANOX<\/strong><\/h2>\n<p>Pianox uma marca com 25 anos de mercado, com sedeem Santa Catarina &#8211; Brasil. Presente atual em 5 pa\u00edses da Am\u00e9rica do Sul. Focada em solu\u00e7\u00f5es inteligentes em a\u00e7o inox e tend\u00eancias internacionais, possui em seu parque fabril equipamentos e processos tecnol\u00f3gicos dos mais avan\u00e7ados, oferecendo ao mercado produtos de alta qualidade.<\/p>\n","protected":false},"excerpt":{"rendered":"<h2><strong>Descri\u00e7\u00e3o<\/strong><\/h2>\n<p><strong>Bacia Inox CS304 N\u00b01 com V\u00e1lvula A.Brilho &#8211; PIANOX <\/strong><\/p>\n<p>Dispon\u00edvel nos tamanhos <strong>&#8211; 48x32x14x05 <\/strong>e<strong> 56x34x14x06<br \/>\n<\/strong><\/p>\n","protected":false},"featured_media":8181,"comment_status":"open","ping_status":"closed","template":"","meta":[],"product_cat":[168],"product_tag":[3301,3064,3087],"_links":{"self":[{"href":"https:\/\/trenaferragens.com.br\/index.php?rest_route=\/wp\/v2\/product\/8169"}],"collection":[{"href":"https:\/\/trenaferragens.com.br\/index.php?rest_route=\/wp\/v2\/product"}],"about":[{"href":"https:\/\/trenaferragens.com.br\/index.php?rest_route=\/wp\/v2\/types\/product"}],"replies":[{"embeddable":true,"href":"https:\/\/trenaferragens.com.br\/index.php?rest_route=%2Fwp%2Fv2%2Fcomments&post=8169"}],"wp:featuredmedia":[{"embeddable":true,"href":"https:\/\/trenaferragens.com.br\/index.php?rest_route=\/wp\/v2\/media\/8181"}],"wp:attachment":[{"href":"https:\/\/trenaferragens.com.br\/index.php?rest_route=%2Fwp%2Fv2%2Fmedia&parent=8169"}],"wp:term":[{"taxonomy":"product_cat","embeddable":true,"href":"https:\/\/trenaferragens.com.br\/index.php?rest_route=%2Fwp%2Fv2%2Fproduct_cat&post=8169"},{"taxonomy":"product_tag","embeddable":true,"href":"https:\/\/trenaferragens.com.br\/index.php?rest_route=%2Fwp%2Fv2%2Fproduct_tag&post=8169"}],"curies":[{"name":"wp","href":"https:\/\/api.w.org\/{rel}","templated":true}]}}