{"id":8187,"date":"2021-08-26T13:47:41","date_gmt":"2021-08-26T13:47:41","guid":{"rendered":"https:\/\/trenaferragens.com.br\/?post_type=product&#038;p=8187"},"modified":"2021-08-26T13:49:30","modified_gmt":"2021-08-26T13:49:30","slug":"torneira-esfera-cromado-para-maquina-de-lavar-1-2","status":"publish","type":"product","link":"https:\/\/trenaferragens.com.br\/?product=torneira-esfera-cromado-para-maquina-de-lavar-1-2","title":{"rendered":"Torneira Esfera Cromado Para M\u00e1quina de Lavar 1\/2"},"content":{"rendered":"<h3><strong>BLUKIT<\/strong><\/h3>\n<p>A Blukit iniciou suas atividades em 1989 na cidade de Blumenau, Santa Catarina, quando lan\u00e7ou no mercado um produto inovador e inusitado para a \u00e9poca batizando-o como Kit Conversor para Registros. Esse produto projetou a empresa por possibilitar o interc\u00e2mbio entre bases de registros e acabamentos das mais variadas marcas dispon\u00edveis no mercado, fato imposs\u00edvel at\u00e9 o seu surgimento.<\/p>\n<p>Com o sucesso do Kit Conversor foi poss\u00edvel o desenvolvimento de uma s\u00e9rie de outros produtos, sempre voltados \u00e0 solu\u00e7\u00e3o dos problemas de instala\u00e7\u00f5es hidr\u00e1ulicas, filosofia esta que a empresa adota at\u00e9 os dias de hoje, tornando-a especialista em Reparos para Registros e Torneiras, Conex\u00f5es, Tubos Extensivos e demais Acess\u00f3rios utilizados no segmento.<\/p>\n<p>&nbsp;<\/p>\n","protected":false},"excerpt":{"rendered":"<h3 class=\"title\"><strong>Descri\u00e7\u00e3o<\/strong><\/h3>\n<p class=\"short-description\">As torneiras para uso geral Blukit s\u00e3o funcionais, fabricadas em liga de cobre com acabamento cromado e ideais para o uso em m\u00e1quinas de lavar roupa e lava-lou\u00e7a.<\/p>\n<p>Revestimento: Cromado<br \/>\nRefer\u00eancia: 660<br \/>\nMaterial: Liga de Cobre<br \/>\nRosca de Entrada: 1\/2 (DN15)<br \/>\nRosca de sa\u00edda : 3\/4 (DN20)<\/p>\n","protected":false},"featured_media":8188,"comment_status":"open","ping_status":"closed","template":"","meta":[],"product_cat":[168,1104],"product_tag":[2020,3304,3303,2281],"_links":{"self":[{"href":"https:\/\/trenaferragens.com.br\/index.php?rest_route=\/wp\/v2\/product\/8187"}],"collection":[{"href":"https:\/\/trenaferragens.com.br\/index.php?rest_route=\/wp\/v2\/product"}],"about":[{"href":"https:\/\/trenaferragens.com.br\/index.php?rest_route=\/wp\/v2\/types\/product"}],"replies":[{"embeddable":true,"href":"https:\/\/trenaferragens.com.br\/index.php?rest_route=%2Fwp%2Fv2%2Fcomments&post=8187"}],"wp:featuredmedia":[{"embeddable":true,"href":"https:\/\/trenaferragens.com.br\/index.php?rest_route=\/wp\/v2\/media\/8188"}],"wp:attachment":[{"href":"https:\/\/trenaferragens.com.br\/index.php?rest_route=%2Fwp%2Fv2%2Fmedia&parent=8187"}],"wp:term":[{"taxonomy":"product_cat","embeddable":true,"href":"https:\/\/trenaferragens.com.br\/index.php?rest_route=%2Fwp%2Fv2%2Fproduct_cat&post=8187"},{"taxonomy":"product_tag","embeddable":true,"href":"https:\/\/trenaferragens.com.br\/index.php?rest_route=%2Fwp%2Fv2%2Fproduct_tag&post=8187"}],"curies":[{"name":"wp","href":"https:\/\/api.w.org\/{rel}","templated":true}]}}