{"id":8217,"date":"2021-09-03T13:20:52","date_gmt":"2021-09-03T13:20:52","guid":{"rendered":"https:\/\/trenaferragens.com.br\/?post_type=product&#038;p=8217"},"modified":"2021-09-03T14:09:41","modified_gmt":"2021-09-03T14:09:41","slug":"adesivo-plastico-polytubes-pincel","status":"publish","type":"product","link":"https:\/\/trenaferragens.com.br\/?product=adesivo-plastico-polytubes-pincel","title":{"rendered":"Adesivo Pl\u00e1stico Polytubes Pincel"},"content":{"rendered":"<h3><strong>Pulvitec<\/strong><\/h3>\n<p>A Pulvitec, com mais de 49 anos no Brasil, \u00e9 uma das l\u00edderes no mercado de adesivos e selantes para os segmentos do varejo e da ind\u00fastria. Desde 2007 fazemos parte da multinacional Pidilite, fundada em 1959, l\u00edder asi\u00e1tica com presen\u00e7a global e diversas plantas e escrit\u00f3rios ao redor do mundo.<\/p>\n<p>No Brasil, a Pulvitec foi pioneira no desenvolvimento da primeira linha de adesivos para tubos de PVC, de fitas teflon, do primeiro adesivo para assentamento e sobreposi\u00e7\u00e3o de revestimentos e da primeira linha de massas para veda\u00e7\u00e3o. Entre nossas principais marcas encontramos l\u00edderes de mercado, como a linha de silicones Polystic, a massa de veda\u00e7\u00e3o para vasos sanit\u00e1rios Vedanel e a linha de adesivos para hidr\u00e1ulica Polytubes.<\/p>\n<p>Refor\u00e7ando o compromisso com a qualidade e o meio ambiente, possu\u00edmos em nosso portf\u00f3lio uma s\u00e9rie de produtos ecologicamente corretos, como a linha de adesivos e selantes \u00e0 base d\u2019\u00e1gua Multifix, a linha Polystic Eco Selante e a Super Storm, primeira linha de limpeza pesada livre de \u00e1cidos, corantes e demais subst\u00e2ncias nocivas aos recursos naturais e \u00e0 sa\u00fade da sua fam\u00edlia.<\/p>\n<p>O comprometimento com a excel\u00eancia, o trabalho em equipe, a orienta\u00e7\u00e3o aos nossos consumidores e o esp\u00edrito de inova\u00e7\u00e3o permeiam todas as nossas a\u00e7\u00f5es.<\/p>\n<p>Temos o desejo de fazer parte do dia a dia das pessoas, provendo solu\u00e7\u00f5es que contribuam e facilitem na hora de construir, decorar e limpar.<\/p>\n<p>Confira nossa linha, produtos pr\u00e1ticos e inovadores, pensados para que nossos consumidores tenham mais tempo para aproveitar os prazeres da vida e do bem morar.<\/p>\n<p>Pidilite e Pulvitec, desde 1959 construindo uni\u00f5es duradouras.<\/p>\n","protected":false},"excerpt":{"rendered":"<p><strong>Descri\u00e7\u00e3o:<\/strong><\/p>\n<p>POLYTUBES\u00a0\u00e9 a marca pioneira do Brasil, proporcionando seguran\u00e7a e alto desempenho na colagem de tubos e conex\u00f5es. Tamanha tradi\u00e7\u00e3o e qualidade faz de POLYTUBES um dos l\u00edderes de mercado no segmento, sendo considerado o preferido dos encanadores.<\/p>\n<p><strong>QUANTIDADE<\/strong><strong>:<\/strong> 175G<\/p>\n<p><strong>MODO DE USAR:<\/strong><\/p>\n<p><strong>1)<\/strong>\u00a0Lixe e limpe as superf\u00edcies a serem soldadas com SOLU\u00c7\u00c3O LIMPADORA POLYTUBES.<\/p>\n<p><strong>2)<\/strong>\u00a0Aplique o ADESIVO POLYTUBES em ambas as superf\u00edcies e solde-as em seguida sem provocar tor\u00e7\u00f5es.<\/p>\n<p><strong>3)<\/strong>\u00a0Espere por 1 hora para encher a tubula\u00e7\u00e3o de \u00e1gua e 12 horas para o teste de press\u00e3o.<\/p>\n<p><strong>COMPOSI\u00c7\u00c3O:<\/strong>\u00a0Solventes org\u00e2nicos e resina de PVC.<\/p>\n<p>Para mais informa\u00e7\u00f5es consulte: <a href=\"https:\/\/www.pulvitec.com.br\/\">Pulvitec<\/a><\/p>\n","protected":false},"featured_media":8221,"comment_status":"open","ping_status":"closed","template":"","meta":[],"product_cat":[1049,1048,1050],"product_tag":[3329,3348,3330],"_links":{"self":[{"href":"https:\/\/trenaferragens.com.br\/index.php?rest_route=\/wp\/v2\/product\/8217"}],"collection":[{"href":"https:\/\/trenaferragens.com.br\/index.php?rest_route=\/wp\/v2\/product"}],"about":[{"href":"https:\/\/trenaferragens.com.br\/index.php?rest_route=\/wp\/v2\/types\/product"}],"replies":[{"embeddable":true,"href":"https:\/\/trenaferragens.com.br\/index.php?rest_route=%2Fwp%2Fv2%2Fcomments&post=8217"}],"wp:featuredmedia":[{"embeddable":true,"href":"https:\/\/trenaferragens.com.br\/index.php?rest_route=\/wp\/v2\/media\/8221"}],"wp:attachment":[{"href":"https:\/\/trenaferragens.com.br\/index.php?rest_route=%2Fwp%2Fv2%2Fmedia&parent=8217"}],"wp:term":[{"taxonomy":"product_cat","embeddable":true,"href":"https:\/\/trenaferragens.com.br\/index.php?rest_route=%2Fwp%2Fv2%2Fproduct_cat&post=8217"},{"taxonomy":"product_tag","embeddable":true,"href":"https:\/\/trenaferragens.com.br\/index.php?rest_route=%2Fwp%2Fv2%2Fproduct_tag&post=8217"}],"curies":[{"name":"wp","href":"https:\/\/api.w.org\/{rel}","templated":true}]}}