{"id":8223,"date":"2021-09-03T13:39:37","date_gmt":"2021-09-03T13:39:37","guid":{"rendered":"https:\/\/trenaferragens.com.br\/?post_type=product&#038;p=8223"},"modified":"2021-09-03T14:09:15","modified_gmt":"2021-09-03T14:09:15","slug":"fita-dupla-face-fixa-forte-de-espuma","status":"publish","type":"product","link":"https:\/\/trenaferragens.com.br\/?product=fita-dupla-face-fixa-forte-de-espuma","title":{"rendered":"Fita Dupla Face Fixa Forte de Espuma"},"content":{"rendered":"<h1>3M<\/h1>\n<p>A 3M \u00e9 fundamentalmente uma companhia de base cient\u00edfica. Produzimos milhares de produtos imaginativos e somos l\u00edderes em n\u00fameros de mercados de atua\u00e7\u00e3o &#8211; de cuidados com a sa\u00fade e seguran\u00e7a no tr\u00e1fego a produtos para escrit\u00f3rio,\u00a0abrasivos e adesivos. O sucesso da companhia come\u00e7a com a habilidade de aplicar nossas tecnologias &#8211; freq\u00fcentemente por meio de combina\u00e7\u00f5es &#8211; em uma variedade infinita de necessidades dos nossos clientes. Obviamente, tudo isso \u00e9 poss\u00edvel devido \u00e0s pessoas da 3M e ao seu compromisso \u00fanico de tornar a vida das pessoas mais f\u00e1cil e melhor no mundo todo.<\/p>\n","protected":false},"excerpt":{"rendered":"<p class=\"SNAPS--pdpTabDes\">A Fita Dupla Face 3M Scotch\u00ae Fixa Forte Espuma \u00e9 a solu\u00e7\u00e3o mais pr\u00e1tica para fixar de forma permanente canaletas, porta-chaves, quadros, espelhos e pe\u00e7as de decora\u00e7\u00e3o, entre outros. Sua aplica\u00e7\u00e3o \u00e9 f\u00e1cil, evitando furos e sujeira.<\/p>\n<p class=\"SNAPS--pdpTabDes\">Fita adesiva constru\u00edda de dorso de espuma de polietileno coberta por adesivo acr\u00edlico com alto poder de ades\u00e3o em ambas as faces, protegida por um liner de papel antiaderente. A Fita Fixa Forte Espuma \u00e9 ideal para uso em ambientes interno. N\u00e3o resiste a solventes e \u00e0 intemp\u00e9ries.<\/p>\n<ul class=\"MMM--pdpList SNAPS--bullets\">\n<li>Excelente fixa\u00e7\u00e3o permanente &#8211; 15 cm suportam at\u00e9 750 g<\/li>\n<li>Substitui pregos e parafusos<\/li>\n<li>Para ambientes internos<\/li>\n<li>Aplica\u00e7\u00e3o f\u00e1cil, r\u00e1pida e segura<\/li>\n<\/ul>\n<p><strong>\u00a0Nos tamanhos: 1 rolo de 12 mm x 1.5 mt e 1 rolo de 24mm x 1.5MT<\/strong><\/p>\n<p class=\"SNAPS--pdpTabDes\"><span style=\"color: #333333;\">Aplica\u00e7\u00f5es sugeridas:<br \/>\n<\/span><\/p>\n<ul class=\"MMM--pdpList SNAPS--bullets\">\n<li>Canaletas<\/li>\n<li>Porta chaves<\/li>\n<li>Quadros<\/li>\n<li>Espelhos<\/li>\n<\/ul>\n<p class=\"SNAPS--pdpTabDes\">\n","protected":false},"featured_media":8226,"comment_status":"open","ping_status":"closed","template":"","meta":[],"product_cat":[192,1049,1048,1051],"product_tag":[3282,3331,2412,3333,3332],"_links":{"self":[{"href":"https:\/\/trenaferragens.com.br\/index.php?rest_route=\/wp\/v2\/product\/8223"}],"collection":[{"href":"https:\/\/trenaferragens.com.br\/index.php?rest_route=\/wp\/v2\/product"}],"about":[{"href":"https:\/\/trenaferragens.com.br\/index.php?rest_route=\/wp\/v2\/types\/product"}],"replies":[{"embeddable":true,"href":"https:\/\/trenaferragens.com.br\/index.php?rest_route=%2Fwp%2Fv2%2Fcomments&post=8223"}],"wp:featuredmedia":[{"embeddable":true,"href":"https:\/\/trenaferragens.com.br\/index.php?rest_route=\/wp\/v2\/media\/8226"}],"wp:attachment":[{"href":"https:\/\/trenaferragens.com.br\/index.php?rest_route=%2Fwp%2Fv2%2Fmedia&parent=8223"}],"wp:term":[{"taxonomy":"product_cat","embeddable":true,"href":"https:\/\/trenaferragens.com.br\/index.php?rest_route=%2Fwp%2Fv2%2Fproduct_cat&post=8223"},{"taxonomy":"product_tag","embeddable":true,"href":"https:\/\/trenaferragens.com.br\/index.php?rest_route=%2Fwp%2Fv2%2Fproduct_tag&post=8223"}],"curies":[{"name":"wp","href":"https:\/\/api.w.org\/{rel}","templated":true}]}}