{"id":8266,"date":"2021-10-05T11:18:50","date_gmt":"2021-10-05T11:18:50","guid":{"rendered":"https:\/\/trenaferragens.com.br\/?post_type=product&#038;p=8266"},"modified":"2021-10-05T11:21:08","modified_gmt":"2021-10-05T11:21:08","slug":"pial-plus-modulo-interruptor-simples","status":"publish","type":"product","link":"https:\/\/trenaferragens.com.br\/?product=pial-plus-modulo-interruptor-simples","title":{"rendered":"Pial Plus M\u00f3dulo Interruptor Simples"},"content":{"rendered":"<h3>PIAL-LEGRAND<\/h3>\n<p>O Grupo Legrand Brasil est\u00e1 consolidado por marcas de refer\u00eancia mundial e regional como Legrand, Bticino, HDL, Lorenzetti Materiais El\u00e9tricos, SMS e Daneva, al\u00e9m das linhas de produtos Pial, Cemar e Cablofil. Nossas marcas e produtos comp\u00f4em coerentes sistemas que incorporam as mais recentes inova\u00e7\u00f5es tecnol\u00f3gicas para oferecer melhorias de conforto, seguran\u00e7a e comunica\u00e7\u00e3o para todos os tipos de projetos.<\/p>\n<p><strong>Solu\u00e7\u00f5es para o conforto, efici\u00eancia energ\u00e9tica, comunica\u00e7\u00e3o, gest\u00e3o de seguran\u00e7a e controle da instala\u00e7\u00e3o: interruptores e tomadas, sistema de automa\u00e7\u00e3o residencial, interfonia, circuito fechado de televis\u00e3o e sistema de alarme antifurto.<\/strong><\/p>\n","protected":false},"excerpt":{"rendered":"<div class=\"product-sub-title\">Descri\u00e7\u00e3o<\/div>\n<div style=\"margin: 0px; padding: 0px; border: 0px; font-family: 'Leroy Merlin Sans', sans-serif; font-size: 16px; font-style: normal; font-weight: 400; vertical-align: baseline; color: #000000; letter-spacing: normal; text-align: start; text-indent: 0px; text-transform: none; background-color: #ffffff;\" data-product-description=\"\" data-description=\"&lt;p&gt;O interruptor simples \u00e9 indicado para locais pequenos e com apenas uma porta de acesso, no qual apenas um interruptor acende e apaga a luz do ambiente.&lt;\/p&gt; \">\n<div class=\"product-description-wrapper\">\n<div class=\"product-description-collapse\">\n<div>\n<p>O interruptor simples \u00e9 indicado para locais pequenos e com apenas uma porta de acesso, no qual apenas um interruptor acende e apaga a luz do ambiente.<\/p>\n<p>Caracter\u00edsticas do T\u00e9cnicas<\/p>\n<table class=\"table table-zebra pair-table pair-table-big characteristics-table\">\n<tbody>\n<tr>\n<th class=\"color-default-dark\">Tipo de Mecanismo<\/th>\n<td class=\"color-default-dark\">Interruptor<\/td>\n<\/tr>\n<tr>\n<th class=\"color-default-dark\">Formato da Venda<\/th>\n<td class=\"color-default-dark\">M\u00f3dulo<\/td>\n<\/tr>\n<tr>\n<th class=\"color-default-dark\">Marca<\/th>\n<td class=\"color-default-dark\">Pial Legrand<\/td>\n<\/tr>\n<tr>\n<th class=\"color-default-dark\">Linha<\/th>\n<td class=\"color-default-dark\">Pial Plus<\/td>\n<\/tr>\n<tr>\n<th class=\"color-default-dark\">Possui Interruptor<\/th>\n<td class=\"color-default-dark\">com Interruptor<\/td>\n<\/tr>\n<tr>\n<th class=\"color-default-dark\">Tipo de Interruptor<\/th>\n<td class=\"color-default-dark\">Simples<\/td>\n<\/tr>\n<tr>\n<th class=\"color-default-dark\">Quantidade de Interruptor<\/th>\n<td class=\"color-default-dark\">1 interruptor(es)<\/td>\n<\/tr>\n<tr>\n<th class=\"color-default-dark\">Tipo de Acionamento<\/th>\n<td class=\"color-default-dark\">Tecla<\/td>\n<\/tr>\n<tr>\n<th class=\"color-default-dark\">Tens\u00e3o El\u00e9trica<\/th>\n<td class=\"color-default-dark\">10A 250V<\/td>\n<\/tr>\n<tr>\n<th class=\"color-default-dark\">Possui USB<\/th>\n<td class=\"color-default-dark\">sem USB<\/td>\n<\/tr>\n<tr>\n<th class=\"color-default-dark\">Cor<\/th>\n<td class=\"color-default-dark\">Branco<\/td>\n<\/tr>\n<tr>\n<th class=\"color-default-dark\">Tonalidade<\/th>\n<td class=\"color-default-dark\">Branco<\/td>\n<\/tr>\n<tr>\n<th class=\"color-default-dark\">Acompanha Placa<\/th>\n<td class=\"color-default-dark\">N\u00e3o<\/td>\n<\/tr>\n<tr>\n<th class=\"color-default-dark\">Garantia do Fabricante<\/th>\n<td class=\"color-default-dark\">12 mes(es)<\/td>\n<\/tr>\n<tr>\n<th class=\"color-default-dark\">Site do Fabricante<\/th>\n<td class=\"color-default-dark\">www.legrand.com.br\/<\/td>\n<\/tr>\n<tr>\n<th class=\"color-default-dark\">Refer\u00eancia do Produto<\/th>\n<td class=\"color-default-dark\">611000<\/td>\n<\/tr>\n<tr>\n<th class=\"color-default-dark\">Aprovado pelo Inmetro<\/th>\n<td class=\"color-default-dark\">Sim<\/td>\n<\/tr>\n<tr>\n<th class=\"color-default-dark\">Certifica\u00e7\u00e3o do Inmetro<\/th>\n<td class=\"color-default-dark\">OCP 0004<\/td>\n<\/tr>\n<\/tbody>\n<\/table>\n<\/div>\n<\/div>\n<\/div>\n<\/div>\n","protected":false},"featured_media":8267,"comment_status":"open","ping_status":"closed","template":"","meta":[],"product_cat":[194,1058,306],"product_tag":[2595,3361,2747,3009,3362],"_links":{"self":[{"href":"https:\/\/trenaferragens.com.br\/index.php?rest_route=\/wp\/v2\/product\/8266"}],"collection":[{"href":"https:\/\/trenaferragens.com.br\/index.php?rest_route=\/wp\/v2\/product"}],"about":[{"href":"https:\/\/trenaferragens.com.br\/index.php?rest_route=\/wp\/v2\/types\/product"}],"replies":[{"embeddable":true,"href":"https:\/\/trenaferragens.com.br\/index.php?rest_route=%2Fwp%2Fv2%2Fcomments&post=8266"}],"wp:featuredmedia":[{"embeddable":true,"href":"https:\/\/trenaferragens.com.br\/index.php?rest_route=\/wp\/v2\/media\/8267"}],"wp:attachment":[{"href":"https:\/\/trenaferragens.com.br\/index.php?rest_route=%2Fwp%2Fv2%2Fmedia&parent=8266"}],"wp:term":[{"taxonomy":"product_cat","embeddable":true,"href":"https:\/\/trenaferragens.com.br\/index.php?rest_route=%2Fwp%2Fv2%2Fproduct_cat&post=8266"},{"taxonomy":"product_tag","embeddable":true,"href":"https:\/\/trenaferragens.com.br\/index.php?rest_route=%2Fwp%2Fv2%2Fproduct_tag&post=8266"}],"curies":[{"name":"wp","href":"https:\/\/api.w.org\/{rel}","templated":true}]}}