{"id":8325,"date":"2021-10-28T16:34:44","date_gmt":"2021-10-28T16:34:44","guid":{"rendered":"https:\/\/trenaferragens.com.br\/?post_type=product&#038;p=8325"},"modified":"2021-10-28T16:37:43","modified_gmt":"2021-10-28T16:37:43","slug":"modulo-interruptor-25a-250v-slim","status":"publish","type":"product","link":"https:\/\/trenaferragens.com.br\/?product=modulo-interruptor-25a-250v-slim","title":{"rendered":"M\u00f3dulo Interruptor 25A 250V Slim"},"content":{"rendered":"<p>M\u00f3dulo Interruptor 25A 250V Slim<\/p>\n<p>A Linha Modular Slim \u00e9 a mais completa do mercado e traz muitas op\u00e7\u00f5es em interruptores e tomadas para sua casa.<br \/>\nAl\u00e9m disso, possu\u00ed a tomada monobloco, que \u00e9 super f\u00e1cil de instalar e r\u00e1pido. \u00c9 s\u00f3 soltar 3 parafusos, cabear e parafusar.<\/p>\n<p>Ilumi, a marca do lar brasileiro.<\/p>\n<p>&nbsp;<\/p>\n","protected":false},"excerpt":{"rendered":"<p>M\u00f3dulo Interruptor 25A 250V Slim<\/p>\n<p><strong>Descri\u00e7\u00e3o:<\/strong><\/p>\n<ul>\n<li>Tens\u00e3o: 250V<\/li>\n<li>Amperagem: 25A<\/li>\n<li>Certifica\u00e7\u00e3o compuls\u00f3ria:\u00a0Sim<\/li>\n<li>Normas: NBR NM 60669-1<\/li>\n<\/ul>\n","protected":false},"featured_media":8326,"comment_status":"open","ping_status":"closed","template":"","meta":[],"product_cat":[194,308,1058],"product_tag":[2722,3382,2749,3380,3006],"_links":{"self":[{"href":"https:\/\/trenaferragens.com.br\/index.php?rest_route=\/wp\/v2\/product\/8325"}],"collection":[{"href":"https:\/\/trenaferragens.com.br\/index.php?rest_route=\/wp\/v2\/product"}],"about":[{"href":"https:\/\/trenaferragens.com.br\/index.php?rest_route=\/wp\/v2\/types\/product"}],"replies":[{"embeddable":true,"href":"https:\/\/trenaferragens.com.br\/index.php?rest_route=%2Fwp%2Fv2%2Fcomments&post=8325"}],"wp:featuredmedia":[{"embeddable":true,"href":"https:\/\/trenaferragens.com.br\/index.php?rest_route=\/wp\/v2\/media\/8326"}],"wp:attachment":[{"href":"https:\/\/trenaferragens.com.br\/index.php?rest_route=%2Fwp%2Fv2%2Fmedia&parent=8325"}],"wp:term":[{"taxonomy":"product_cat","embeddable":true,"href":"https:\/\/trenaferragens.com.br\/index.php?rest_route=%2Fwp%2Fv2%2Fproduct_cat&post=8325"},{"taxonomy":"product_tag","embeddable":true,"href":"https:\/\/trenaferragens.com.br\/index.php?rest_route=%2Fwp%2Fv2%2Fproduct_tag&post=8325"}],"curies":[{"name":"wp","href":"https:\/\/api.w.org\/{rel}","templated":true}]}}