{"id":8344,"date":"2021-10-28T16:57:22","date_gmt":"2021-10-28T16:57:22","guid":{"rendered":"https:\/\/trenaferragens.com.br\/?post_type=product&#038;p=8344"},"modified":"2021-10-28T16:58:41","modified_gmt":"2021-10-28T16:58:41","slug":"modulo-tomada-telefone-rj11-slim","status":"publish","type":"product","link":"https:\/\/trenaferragens.com.br\/?product=modulo-tomada-telefone-rj11-slim","title":{"rendered":"M\u00f3dulo Tomada Telefone RJ11 Slim"},"content":{"rendered":"<p>M\u00f3dulo Tomada Telefone RJ11 Slim<\/p>\n<p>A Linha Modular Slim \u00e9 a mais completa do mercado e traz muitas op\u00e7\u00f5es em interruptores e tomadas para sua casa.<br \/>\nAl\u00e9m disso, possu\u00ed a tomada monobloco, que \u00e9 super f\u00e1cil de instalar e r\u00e1pido. \u00c9 s\u00f3 soltar 3 parafusos, cabear e parafusar.<\/p>\n<p>Ilumi, a marca do lar brasileiro.<\/p>\n<p>&nbsp;<\/p>\n","protected":false},"excerpt":{"rendered":"<p>M\u00f3dulo Tomada Telefone RJ11 Slim<\/p>\n<p><strong>Descri\u00e7\u00e3o:<\/strong><\/p>\n<div>\n<ul>\n<li>Vers\u00e3o: RJ11<\/li>\n<\/ul>\n<\/div>\n","protected":false},"featured_media":8345,"comment_status":"open","ping_status":"closed","template":"","meta":[],"product_cat":[194,308,1058],"product_tag":[2722,3382,3388,3380,3006],"_links":{"self":[{"href":"https:\/\/trenaferragens.com.br\/index.php?rest_route=\/wp\/v2\/product\/8344"}],"collection":[{"href":"https:\/\/trenaferragens.com.br\/index.php?rest_route=\/wp\/v2\/product"}],"about":[{"href":"https:\/\/trenaferragens.com.br\/index.php?rest_route=\/wp\/v2\/types\/product"}],"replies":[{"embeddable":true,"href":"https:\/\/trenaferragens.com.br\/index.php?rest_route=%2Fwp%2Fv2%2Fcomments&post=8344"}],"wp:featuredmedia":[{"embeddable":true,"href":"https:\/\/trenaferragens.com.br\/index.php?rest_route=\/wp\/v2\/media\/8345"}],"wp:attachment":[{"href":"https:\/\/trenaferragens.com.br\/index.php?rest_route=%2Fwp%2Fv2%2Fmedia&parent=8344"}],"wp:term":[{"taxonomy":"product_cat","embeddable":true,"href":"https:\/\/trenaferragens.com.br\/index.php?rest_route=%2Fwp%2Fv2%2Fproduct_cat&post=8344"},{"taxonomy":"product_tag","embeddable":true,"href":"https:\/\/trenaferragens.com.br\/index.php?rest_route=%2Fwp%2Fv2%2Fproduct_tag&post=8344"}],"curies":[{"name":"wp","href":"https:\/\/api.w.org\/{rel}","templated":true}]}}