{"id":8348,"date":"2021-10-28T17:00:57","date_gmt":"2021-10-28T17:00:57","guid":{"rendered":"https:\/\/trenaferragens.com.br\/?post_type=product&#038;p=8348"},"modified":"2021-10-28T17:02:19","modified_gmt":"2021-10-28T17:02:19","slug":"modulo-tomada-usb-2a-slim","status":"publish","type":"product","link":"https:\/\/trenaferragens.com.br\/?product=modulo-tomada-usb-2a-slim","title":{"rendered":"M\u00f3dulo Tomada USB 2A Slim"},"content":{"rendered":"<p>M\u00f3dulo Tomada USB 2A Slim<\/p>\n<p>A Linha Modular Slim \u00e9 a mais completa do mercado e traz muitas op\u00e7\u00f5es em interruptores e tomadas para sua casa.<br \/>\nAl\u00e9m disso, possu\u00ed a tomada monobloco, que \u00e9 super f\u00e1cil de instalar e r\u00e1pido. \u00c9 s\u00f3 soltar 3 parafusos, cabear e parafusar.<\/p>\n<p>Ilumi, a marca do lar brasileiro.<\/p>\n<p>&nbsp;<\/p>\n","protected":false},"excerpt":{"rendered":"<p>M\u00f3dulo Tomada USB 2A Slim<\/p>\n<p><strong>Descri\u00e7\u00e3o:<\/strong><\/p>\n<div>\n<ul>\n<li>Tens\u00e3o m\u00ednima de entrada: AC 110V<\/li>\n<li>Tens\u00e3o m\u00e1xima de entrada: AC 240V<\/li>\n<li>Bivolt Autom\u00e1tico<\/li>\n<li>Sa\u00edda: DC 5.0\/2.1A<\/li>\n<li>Frequ\u00eancia: AC 50\/60Hz<\/li>\n<li>Corrente M\u00e1xima: 2A&#8221;<\/li>\n<\/ul>\n<\/div>\n","protected":false},"featured_media":8349,"comment_status":"open","ping_status":"closed","template":"","meta":[],"product_cat":[194,308,1058],"product_tag":[2722,3382,3380,2759,3006],"_links":{"self":[{"href":"https:\/\/trenaferragens.com.br\/index.php?rest_route=\/wp\/v2\/product\/8348"}],"collection":[{"href":"https:\/\/trenaferragens.com.br\/index.php?rest_route=\/wp\/v2\/product"}],"about":[{"href":"https:\/\/trenaferragens.com.br\/index.php?rest_route=\/wp\/v2\/types\/product"}],"replies":[{"embeddable":true,"href":"https:\/\/trenaferragens.com.br\/index.php?rest_route=%2Fwp%2Fv2%2Fcomments&post=8348"}],"wp:featuredmedia":[{"embeddable":true,"href":"https:\/\/trenaferragens.com.br\/index.php?rest_route=\/wp\/v2\/media\/8349"}],"wp:attachment":[{"href":"https:\/\/trenaferragens.com.br\/index.php?rest_route=%2Fwp%2Fv2%2Fmedia&parent=8348"}],"wp:term":[{"taxonomy":"product_cat","embeddable":true,"href":"https:\/\/trenaferragens.com.br\/index.php?rest_route=%2Fwp%2Fv2%2Fproduct_cat&post=8348"},{"taxonomy":"product_tag","embeddable":true,"href":"https:\/\/trenaferragens.com.br\/index.php?rest_route=%2Fwp%2Fv2%2Fproduct_tag&post=8348"}],"curies":[{"name":"wp","href":"https:\/\/api.w.org\/{rel}","templated":true}]}}